{"id":9098,"date":"2025-04-10T16:44:21","date_gmt":"2025-04-10T16:44:21","guid":{"rendered":"https:\/\/www.minihorse.eu\/product\/cowboy-magic-super-bodyshine\/"},"modified":"2025-06-18T13:10:52","modified_gmt":"2025-06-18T13:10:52","slug":"cowboy-magic-super-bodyshine","status":"publish","type":"product","link":"https:\/\/www.minihorse.eu\/fr\/produit\/cowboy-magic-super-bodyshine\/","title":{"rendered":"Cowboy Magic Super Bodyshine"},"content":{"rendered":"<p><strong>Cowboy Magic Super Bodyshine<\/strong> est formul\u00e9 pour donner aux cheveux une brillance exceptionnelle. Il repousse la poussi\u00e8re des podiums et s\u00e8che rapidement. <\/p>\n<ul>\n<li><strong data-redactor-tag=\"strong\">Il est concentr\u00e9:<\/strong> Super Bodyshine\u00ae est concentr\u00e9 et pr\u00eat \u00e0 l&#8217;emploi.<\/li>\n<\/ul>\n<ul>\n<li><strong data-redactor-tag=\"strong\">Il agit instantan\u00e9ment: <\/strong>Formul\u00e9 \u00e0 partir d&rsquo;ingr\u00e9dients naturels, il suffit de le vaporiser et de prendre du recul et de se pr\u00e9parer \u00e0 sourire. SUPER BODYSHINE\u00ae s\u00e8che rapidement et refl\u00e8te un spectre complet de lumi\u00e8re, ce qui donne une brillance corporelle maximale sous le soleil ou les lumi\u00e8res des anneaux de spectacle. <\/li>\n<\/ul>\n<ul>\n<li><strong data-redactor-tag=\"strong\">C&rsquo;est un revitalisant en profondeur<\/strong>: nous avons ajout\u00e9 de l&rsquo;Aloe Vera pour renforcer et revitaliser les cheveux et la peau.<\/li>\n<\/ul>\n<ul>\n<li><strong data-redactor-tag=\"strong\">Il aide \u00e0 repousser la poussi\u00e8re:<\/strong> Super Bodyshine\u00ae rend plus difficile l&rsquo;accumulation de poussi\u00e8re sur les cheveux dans les ring d&rsquo;exposition et les stalles, ce qui permet d&rsquo;\u00e9conomiser du temps et du travail de toilettage.<\/li>\n<\/ul>\n<ul>\n<li><strong data-redactor-tag=\"strong\">Il est durable: <\/strong>Super Bodyshine\u00ae ne deviendra pas gommeux et collant apr\u00e8s des jours d&rsquo;utilisation, r\u00e9duisant ainsi le nombre de passages au panier de lavage.<\/li>\n<\/ul>\n<p>Ingr\u00e9dients: <span data-verified=\"redactor\" data-redactor-tag=\"span\" data-redactor-style=\"font-size: 10px;\">Eau, dim\u00e9thicone, amodim\u00e9thicone, trideceth-6, parfum, jus de feuille d&rsquo;aloe barbadensis, palmitate de r\u00e9tinyle, ac\u00e9tate de tocoph\u00e9ryle, m\u00e9thylchloroisothiazolinone, extrait de fleur de camomille allemande (chamomilla recutita), hexyl cinnamal<\/span><\/p>\n<p>&nbsp;<\/p>\n","protected":false},"excerpt":{"rendered":"<p><strong>Cowboy Magic Super Bodyshine<\/strong> est formul\u00e9 pour donner aux cheveux une brillance exceptionnelle. Il repousse la poussi\u00e8re des podiums et s\u00e8che rapidement. <\/p>\n","protected":false},"featured_media":9018,"comment_status":"open","ping_status":"closed","template":"","meta":[],"product_brand":[],"product_cat":[181],"product_tag":[771,1034,351,1016],"class_list":{"0":"post-9098","1":"product","2":"type-product","3":"status-publish","4":"has-post-thumbnail","6":"product_cat-cowboy-magic-fr","7":"product_tag-brillance","8":"product_tag-brillance-du-corps","9":"product_tag-concours","10":"product_tag-cowboy-magic-fr","12":"first","13":"instock","14":"taxable","15":"shipping-taxable","16":"purchasable","17":"product-type-variable"},"yoast_head":"<!-- This site is optimized with the Yoast SEO plugin v27.6 - https:\/\/yoast.com\/product\/yoast-seo-wordpress\/ -->\n<title>Cowboy Magic Super Bodyshine - Minihorse.eu<\/title>\n<meta name=\"robots\" content=\"index, follow, max-snippet:-1, max-image-preview:large, max-video-preview:-1\" \/>\n<link rel=\"canonical\" href=\"https:\/\/www.minihorse.eu\/fr\/produit\/cowboy-magic-super-bodyshine\/\" \/>\n<meta property=\"og:locale\" content=\"fr_FR\" \/>\n<meta property=\"og:type\" content=\"article\" \/>\n<meta property=\"og:title\" content=\"Cowboy Magic Super Bodyshine - Minihorse.eu\" \/>\n<meta property=\"og:description\" content=\"Cowboy Magic Super Bodyshine est formul\u00e9 pour donner aux cheveux une brillance exceptionnelle. Il repousse la poussi\u00e8re des podiums et s\u00e8che rapidement.\" \/>\n<meta property=\"og:url\" content=\"https:\/\/www.minihorse.eu\/fr\/produit\/cowboy-magic-super-bodyshine\/\" \/>\n<meta property=\"og:site_name\" content=\"Minihorse.eu\" \/>\n<meta property=\"article:publisher\" content=\"https:\/\/www.facebook.com\/profile.php?id=100063487117479\" \/>\n<meta property=\"article:modified_time\" content=\"2025-06-18T13:10:52+00:00\" \/>\n<meta property=\"og:image\" content=\"https:\/\/www.minihorse.eu\/wp-content\/uploads\/2025\/04\/Cowboy-Magic-Super-Bodyshine-Dust-Control-946-ml-3.jpg\" \/>\n\t<meta property=\"og:image:width\" content=\"600\" \/>\n\t<meta property=\"og:image:height\" content=\"600\" \/>\n\t<meta property=\"og:image:type\" content=\"image\/jpeg\" \/>\n<meta name=\"twitter:card\" content=\"summary_large_image\" \/>\n<meta name=\"twitter:label1\" content=\"Dur\u00e9e de lecture estim\u00e9e\" \/>\n\t<meta name=\"twitter:data1\" content=\"1 minute\" \/>\n<script type=\"application\/ld+json\" class=\"yoast-schema-graph\">{\"@context\":\"https:\\\/\\\/schema.org\",\"@graph\":[{\"@type\":\"WebPage\",\"@id\":\"https:\\\/\\\/www.minihorse.eu\\\/fr\\\/produit\\\/cowboy-magic-super-bodyshine\\\/\",\"url\":\"https:\\\/\\\/www.minihorse.eu\\\/fr\\\/produit\\\/cowboy-magic-super-bodyshine\\\/\",\"name\":\"Cowboy Magic Super Bodyshine - Minihorse.eu\",\"isPartOf\":{\"@id\":\"https:\\\/\\\/www.minihorse.eu\\\/#website\"},\"primaryImageOfPage\":{\"@id\":\"https:\\\/\\\/www.minihorse.eu\\\/fr\\\/produit\\\/cowboy-magic-super-bodyshine\\\/#primaryimage\"},\"image\":{\"@id\":\"https:\\\/\\\/www.minihorse.eu\\\/fr\\\/produit\\\/cowboy-magic-super-bodyshine\\\/#primaryimage\"},\"thumbnailUrl\":\"https:\\\/\\\/www.minihorse.eu\\\/wp-content\\\/uploads\\\/2025\\\/04\\\/Cowboy-Magic-Super-Bodyshine-Dust-Control-946-ml-3.jpg\",\"datePublished\":\"2025-04-10T16:44:21+00:00\",\"dateModified\":\"2025-06-18T13:10:52+00:00\",\"breadcrumb\":{\"@id\":\"https:\\\/\\\/www.minihorse.eu\\\/fr\\\/produit\\\/cowboy-magic-super-bodyshine\\\/#breadcrumb\"},\"inLanguage\":\"fr-FR\",\"potentialAction\":[{\"@type\":\"ReadAction\",\"target\":[\"https:\\\/\\\/www.minihorse.eu\\\/fr\\\/produit\\\/cowboy-magic-super-bodyshine\\\/\"]}]},{\"@type\":\"ImageObject\",\"inLanguage\":\"fr-FR\",\"@id\":\"https:\\\/\\\/www.minihorse.eu\\\/fr\\\/produit\\\/cowboy-magic-super-bodyshine\\\/#primaryimage\",\"url\":\"https:\\\/\\\/www.minihorse.eu\\\/wp-content\\\/uploads\\\/2025\\\/04\\\/Cowboy-Magic-Super-Bodyshine-Dust-Control-946-ml-3.jpg\",\"contentUrl\":\"https:\\\/\\\/www.minihorse.eu\\\/wp-content\\\/uploads\\\/2025\\\/04\\\/Cowboy-Magic-Super-Bodyshine-Dust-Control-946-ml-3.jpg\",\"width\":600,\"height\":600},{\"@type\":\"BreadcrumbList\",\"@id\":\"https:\\\/\\\/www.minihorse.eu\\\/fr\\\/produit\\\/cowboy-magic-super-bodyshine\\\/#breadcrumb\",\"itemListElement\":[{\"@type\":\"ListItem\",\"position\":1,\"name\":\"Home\",\"item\":\"https:\\\/\\\/www.minihorse.eu\\\/fr\\\/accueil\\\/\"},{\"@type\":\"ListItem\",\"position\":2,\"name\":\"Boutique\",\"item\":\"https:\\\/\\\/www.minihorse.eu\\\/fr\\\/boutique\\\/\"},{\"@type\":\"ListItem\",\"position\":3,\"name\":\"Cowboy Magic Super Bodyshine\"}]},{\"@type\":\"WebSite\",\"@id\":\"https:\\\/\\\/www.minihorse.eu\\\/#website\",\"url\":\"https:\\\/\\\/www.minihorse.eu\\\/\",\"name\":\"Minihorse.eu\",\"description\":\"The #1 store for Miniature Horses\",\"publisher\":{\"@id\":\"https:\\\/\\\/www.minihorse.eu\\\/#organization\"},\"potentialAction\":[{\"@type\":\"SearchAction\",\"target\":{\"@type\":\"EntryPoint\",\"urlTemplate\":\"https:\\\/\\\/www.minihorse.eu\\\/?s={search_term_string}\"},\"query-input\":{\"@type\":\"PropertyValueSpecification\",\"valueRequired\":true,\"valueName\":\"search_term_string\"}}],\"inLanguage\":\"fr-FR\"},{\"@type\":\"Organization\",\"@id\":\"https:\\\/\\\/www.minihorse.eu\\\/#organization\",\"name\":\"Minihorse.eu\",\"url\":\"https:\\\/\\\/www.minihorse.eu\\\/\",\"logo\":{\"@type\":\"ImageObject\",\"inLanguage\":\"fr-FR\",\"@id\":\"https:\\\/\\\/www.minihorse.eu\\\/#\\\/schema\\\/logo\\\/image\\\/\",\"url\":\"https:\\\/\\\/www.minihorse.eu\\\/wp-content\\\/uploads\\\/2024\\\/08\\\/Logo-minihorse-ext.png\",\"contentUrl\":\"https:\\\/\\\/www.minihorse.eu\\\/wp-content\\\/uploads\\\/2024\\\/08\\\/Logo-minihorse-ext.png\",\"width\":500,\"height\":500,\"caption\":\"Minihorse.eu\"},\"image\":{\"@id\":\"https:\\\/\\\/www.minihorse.eu\\\/#\\\/schema\\\/logo\\\/image\\\/\"},\"sameAs\":[\"https:\\\/\\\/www.facebook.com\\\/profile.php?id=100063487117479\"]}]}<\/script>\n<!-- \/ Yoast SEO plugin. -->","yoast_head_json":{"title":"Cowboy Magic Super Bodyshine - Minihorse.eu","robots":{"index":"index","follow":"follow","max-snippet":"max-snippet:-1","max-image-preview":"max-image-preview:large","max-video-preview":"max-video-preview:-1"},"canonical":"https:\/\/www.minihorse.eu\/fr\/produit\/cowboy-magic-super-bodyshine\/","og_locale":"fr_FR","og_type":"article","og_title":"Cowboy Magic Super Bodyshine - Minihorse.eu","og_description":"Cowboy Magic Super Bodyshine est formul\u00e9 pour donner aux cheveux une brillance exceptionnelle. Il repousse la poussi\u00e8re des podiums et s\u00e8che rapidement.","og_url":"https:\/\/www.minihorse.eu\/fr\/produit\/cowboy-magic-super-bodyshine\/","og_site_name":"Minihorse.eu","article_publisher":"https:\/\/www.facebook.com\/profile.php?id=100063487117479","article_modified_time":"2025-06-18T13:10:52+00:00","og_image":[{"width":600,"height":600,"url":"https:\/\/www.minihorse.eu\/wp-content\/uploads\/2025\/04\/Cowboy-Magic-Super-Bodyshine-Dust-Control-946-ml-3.jpg","type":"image\/jpeg"}],"twitter_card":"summary_large_image","twitter_misc":{"Dur\u00e9e de lecture estim\u00e9e":"1 minute"},"schema":{"@context":"https:\/\/schema.org","@graph":[{"@type":"WebPage","@id":"https:\/\/www.minihorse.eu\/fr\/produit\/cowboy-magic-super-bodyshine\/","url":"https:\/\/www.minihorse.eu\/fr\/produit\/cowboy-magic-super-bodyshine\/","name":"Cowboy Magic Super Bodyshine - Minihorse.eu","isPartOf":{"@id":"https:\/\/www.minihorse.eu\/#website"},"primaryImageOfPage":{"@id":"https:\/\/www.minihorse.eu\/fr\/produit\/cowboy-magic-super-bodyshine\/#primaryimage"},"image":{"@id":"https:\/\/www.minihorse.eu\/fr\/produit\/cowboy-magic-super-bodyshine\/#primaryimage"},"thumbnailUrl":"https:\/\/www.minihorse.eu\/wp-content\/uploads\/2025\/04\/Cowboy-Magic-Super-Bodyshine-Dust-Control-946-ml-3.jpg","datePublished":"2025-04-10T16:44:21+00:00","dateModified":"2025-06-18T13:10:52+00:00","breadcrumb":{"@id":"https:\/\/www.minihorse.eu\/fr\/produit\/cowboy-magic-super-bodyshine\/#breadcrumb"},"inLanguage":"fr-FR","potentialAction":[{"@type":"ReadAction","target":["https:\/\/www.minihorse.eu\/fr\/produit\/cowboy-magic-super-bodyshine\/"]}]},{"@type":"ImageObject","inLanguage":"fr-FR","@id":"https:\/\/www.minihorse.eu\/fr\/produit\/cowboy-magic-super-bodyshine\/#primaryimage","url":"https:\/\/www.minihorse.eu\/wp-content\/uploads\/2025\/04\/Cowboy-Magic-Super-Bodyshine-Dust-Control-946-ml-3.jpg","contentUrl":"https:\/\/www.minihorse.eu\/wp-content\/uploads\/2025\/04\/Cowboy-Magic-Super-Bodyshine-Dust-Control-946-ml-3.jpg","width":600,"height":600},{"@type":"BreadcrumbList","@id":"https:\/\/www.minihorse.eu\/fr\/produit\/cowboy-magic-super-bodyshine\/#breadcrumb","itemListElement":[{"@type":"ListItem","position":1,"name":"Home","item":"https:\/\/www.minihorse.eu\/fr\/accueil\/"},{"@type":"ListItem","position":2,"name":"Boutique","item":"https:\/\/www.minihorse.eu\/fr\/boutique\/"},{"@type":"ListItem","position":3,"name":"Cowboy Magic Super Bodyshine"}]},{"@type":"WebSite","@id":"https:\/\/www.minihorse.eu\/#website","url":"https:\/\/www.minihorse.eu\/","name":"Minihorse.eu","description":"The #1 store for Miniature Horses","publisher":{"@id":"https:\/\/www.minihorse.eu\/#organization"},"potentialAction":[{"@type":"SearchAction","target":{"@type":"EntryPoint","urlTemplate":"https:\/\/www.minihorse.eu\/?s={search_term_string}"},"query-input":{"@type":"PropertyValueSpecification","valueRequired":true,"valueName":"search_term_string"}}],"inLanguage":"fr-FR"},{"@type":"Organization","@id":"https:\/\/www.minihorse.eu\/#organization","name":"Minihorse.eu","url":"https:\/\/www.minihorse.eu\/","logo":{"@type":"ImageObject","inLanguage":"fr-FR","@id":"https:\/\/www.minihorse.eu\/#\/schema\/logo\/image\/","url":"https:\/\/www.minihorse.eu\/wp-content\/uploads\/2024\/08\/Logo-minihorse-ext.png","contentUrl":"https:\/\/www.minihorse.eu\/wp-content\/uploads\/2024\/08\/Logo-minihorse-ext.png","width":500,"height":500,"caption":"Minihorse.eu"},"image":{"@id":"https:\/\/www.minihorse.eu\/#\/schema\/logo\/image\/"},"sameAs":["https:\/\/www.facebook.com\/profile.php?id=100063487117479"]}]}},"jetpack_sharing_enabled":true,"_links":{"self":[{"href":"https:\/\/www.minihorse.eu\/fr\/wp-json\/wp\/v2\/product\/9098","targetHints":{"allow":["GET"]}}],"collection":[{"href":"https:\/\/www.minihorse.eu\/fr\/wp-json\/wp\/v2\/product"}],"about":[{"href":"https:\/\/www.minihorse.eu\/fr\/wp-json\/wp\/v2\/types\/product"}],"replies":[{"embeddable":true,"href":"https:\/\/www.minihorse.eu\/fr\/wp-json\/wp\/v2\/comments?post=9098"}],"wp:featuredmedia":[{"embeddable":true,"href":"https:\/\/www.minihorse.eu\/fr\/wp-json\/wp\/v2\/media\/9018"}],"wp:attachment":[{"href":"https:\/\/www.minihorse.eu\/fr\/wp-json\/wp\/v2\/media?parent=9098"}],"wp:term":[{"taxonomy":"product_brand","embeddable":true,"href":"https:\/\/www.minihorse.eu\/fr\/wp-json\/wp\/v2\/product_brand?post=9098"},{"taxonomy":"product_cat","embeddable":true,"href":"https:\/\/www.minihorse.eu\/fr\/wp-json\/wp\/v2\/product_cat?post=9098"},{"taxonomy":"product_tag","embeddable":true,"href":"https:\/\/www.minihorse.eu\/fr\/wp-json\/wp\/v2\/product_tag?post=9098"}],"curies":[{"name":"wp","href":"https:\/\/api.w.org\/{rel}","templated":true}]}}