{"id":9113,"date":"2025-04-10T21:33:12","date_gmt":"2025-04-10T21:33:12","guid":{"rendered":"https:\/\/www.minihorse.eu\/product\/cowboy-magic-greenspot-remover\/"},"modified":"2025-04-20T08:31:09","modified_gmt":"2025-04-20T08:31:09","slug":"cowboy-magic-greenspot-remover","status":"publish","type":"product","link":"https:\/\/www.minihorse.eu\/fr\/produit\/cowboy-magic-greenspot-remover\/","title":{"rendered":"Cowboy Magic Greenspot Remover"},"content":{"rendered":"<p><strong>Cowboy Magic Greenspot Remover<\/strong> &#8211; Shower in a Bottle est facile \u00e0 utiliser et formul\u00e9 pour \u00e9liminer instantan\u00e9ment le fumier, les taches d&rsquo;urine, la sueur humide ou s\u00e9ch\u00e9e et donne \u00e0 ces taches fra\u00eechement nettoy\u00e9es une brillance \u00e9clatante apr\u00e8s le brossage.<\/p>\n<ul>\n<li><strong>Il est concentr\u00e9: <\/strong>Greenspot\u00ae Remover\/Shower in a Bottle est fabriqu\u00e9 \u00e0 partir de nettoyants tr\u00e8s co\u00fbteux, naturels et non moussants d\u00e9riv\u00e9s de plantes.<\/li>\n<\/ul>\n<ul>\n<li><strong>Il agit instantan\u00e9ment<\/strong>: d\u00e9compose les mol\u00e9cules \u00e9trang\u00e8res et dissout le fumier, l\u2019urine, la salet\u00e9 et la sueur, les faisant fondre.<\/li>\n<\/ul>\n<ul>\n<li><strong>C&rsquo;est un revitalisant en profondeur<\/strong>: nous avons ajout\u00e9 de la soie et du panth\u00e9nol pour renforcer les cheveux et revitaliser la peau.<\/li>\n<\/ul>\n<ul>\n<li><strong>Il apporte de la brillance: <\/strong>nous avons ajout\u00e9 du beurre de karit\u00e9 pour redonner de la brillance apr\u00e8s le s\u00e9chage. Il est important d&rsquo;utiliser une serviette humide pour activer les ingr\u00e9dients. Ensuite, utilisez une serviette s\u00e8che pour absorber les excr\u00e9ments, la salet\u00e9 ou la transpiration.  <\/li>\n<\/ul>\n<ul>\n<li><strong>Il suffit d&rsquo;une petite quantit\u00e9: <\/strong>vaporisez une petite quantit\u00e9, massez et essuyez. R\u00e9p\u00e9tez l&rsquo;op\u00e9ration sur de petites zones. Vaporisez, massez, essuyez, vaporisez, massez et essuyez.  <\/li>\n<\/ul>\n<p>Ingr\u00e9dients: Eau, laurylsulfate de sodium, laureth sulfate de sodium, eau d&rsquo;hamam\u00e9lis (hamam\u00e9lis), cocamide MEA, glyc\u00e9rine, ph\u00e9noxy\u00e9thanol, cocamidopropyl b\u00e9ta\u00efne, polysorbate 20, \u00e9thylhexylglyc\u00e9rine, parfum (parfum), acide citrique, EDTA t\u00e9trasodique, extrait de miel, extrait de fleur de camomille allemande (matricaire), extrait de rhizome\/racine de symphytum officinale, extrait d&rsquo;equisetum arvense, extrait d&rsquo;urtica dioica (ortie), extrait de feuille de salvia officinalis (sauge), extrait de feuille de mentha piperita (menthe poivr\u00e9e), extrait de fleur de rosa centifolia, linalol, citronellol, benzoate de benzyle, limon\u00e8ne, hexyl cinnamal.<\/p>\n","protected":false},"excerpt":{"rendered":"<p><strong>Cowboy Magic Greenspot Remover<\/strong> &#8211; Shower in a Bottle est facile \u00e0 utiliser et formul\u00e9 pour \u00e9liminer instantan\u00e9ment le fumier, les taches d&rsquo;urine, la sueur humide ou s\u00e9ch\u00e9e et donne \u00e0 ces taches fra\u00eechement nettoy\u00e9es une brillance \u00e9clatante apr\u00e8s le brossage.<\/p>\n","protected":false},"featured_media":9118,"comment_status":"open","ping_status":"closed","template":"","meta":[],"product_brand":[],"product_cat":[181],"product_tag":[1041,1043,1042],"class_list":{"0":"post-9113","1":"product","2":"type-product","3":"status-publish","4":"has-post-thumbnail","6":"product_cat-cowboy-magic-fr","7":"product_tag-detachant-pour-les-taches-durine","8":"product_tag-detachant-pour-les-taches-de-fumier","9":"product_tag-shampoing-sec","11":"first","12":"instock","13":"taxable","14":"shipping-taxable","15":"purchasable","16":"product-type-variable"},"yoast_head":"<!-- This site is optimized with the Yoast SEO plugin v27.6 - https:\/\/yoast.com\/product\/yoast-seo-wordpress\/ -->\n<title>Cowboy Magic Greenspot Remover - Minihorse.eu<\/title>\n<meta name=\"robots\" content=\"index, follow, max-snippet:-1, max-image-preview:large, max-video-preview:-1\" \/>\n<link rel=\"canonical\" href=\"https:\/\/www.minihorse.eu\/produit\/cowboy-magic-greenspot-remover\/\" \/>\n<meta property=\"og:locale\" content=\"fr_FR\" \/>\n<meta property=\"og:type\" content=\"article\" \/>\n<meta property=\"og:title\" content=\"Cowboy Magic Greenspot Remover - Minihorse.eu\" \/>\n<meta property=\"og:description\" content=\"Cowboy Magic Greenspot Remover - Shower in a Bottle est facile \u00e0 utiliser et formul\u00e9 pour \u00e9liminer instantan\u00e9ment le fumier, les taches d&#039;urine, la sueur humide ou s\u00e9ch\u00e9e et donne \u00e0 ces taches fra\u00eechement nettoy\u00e9es une brillance \u00e9clatante apr\u00e8s le brossage.\" \/>\n<meta property=\"og:url\" content=\"https:\/\/www.minihorse.eu\/produit\/cowboy-magic-greenspot-remover\/\" \/>\n<meta property=\"og:site_name\" content=\"Minihorse.eu\" \/>\n<meta property=\"article:publisher\" content=\"https:\/\/www.facebook.com\/profile.php?id=100063487117479\" \/>\n<meta property=\"article:modified_time\" content=\"2025-04-20T08:31:09+00:00\" \/>\n<meta property=\"og:image\" content=\"https:\/\/www.minihorse.eu\/wp-content\/uploads\/2025\/04\/Schermafbeelding-2025-04-10-233535.png\" \/>\n\t<meta property=\"og:image:width\" content=\"582\" \/>\n\t<meta property=\"og:image:height\" content=\"550\" \/>\n\t<meta property=\"og:image:type\" content=\"image\/png\" \/>\n<meta name=\"twitter:card\" content=\"summary_large_image\" \/>\n<meta name=\"twitter:label1\" content=\"Dur\u00e9e de lecture estim\u00e9e\" \/>\n\t<meta name=\"twitter:data1\" content=\"1 minute\" \/>\n<script type=\"application\/ld+json\" class=\"yoast-schema-graph\">{\"@context\":\"https:\\\/\\\/schema.org\",\"@graph\":[{\"@type\":\"WebPage\",\"@id\":\"https:\\\/\\\/www.minihorse.eu\\\/produit\\\/cowboy-magic-greenspot-remover\\\/\",\"url\":\"https:\\\/\\\/www.minihorse.eu\\\/produit\\\/cowboy-magic-greenspot-remover\\\/\",\"name\":\"Cowboy Magic Greenspot Remover - Minihorse.eu\",\"isPartOf\":{\"@id\":\"https:\\\/\\\/www.minihorse.eu\\\/#website\"},\"primaryImageOfPage\":{\"@id\":\"https:\\\/\\\/www.minihorse.eu\\\/produit\\\/cowboy-magic-greenspot-remover\\\/#primaryimage\"},\"image\":{\"@id\":\"https:\\\/\\\/www.minihorse.eu\\\/produit\\\/cowboy-magic-greenspot-remover\\\/#primaryimage\"},\"thumbnailUrl\":\"https:\\\/\\\/www.minihorse.eu\\\/wp-content\\\/uploads\\\/2025\\\/04\\\/Schermafbeelding-2025-04-10-233535.png\",\"datePublished\":\"2025-04-10T21:33:12+00:00\",\"dateModified\":\"2025-04-20T08:31:09+00:00\",\"breadcrumb\":{\"@id\":\"https:\\\/\\\/www.minihorse.eu\\\/produit\\\/cowboy-magic-greenspot-remover\\\/#breadcrumb\"},\"inLanguage\":\"fr-FR\",\"potentialAction\":[{\"@type\":\"ReadAction\",\"target\":[\"https:\\\/\\\/www.minihorse.eu\\\/produit\\\/cowboy-magic-greenspot-remover\\\/\"]}]},{\"@type\":\"ImageObject\",\"inLanguage\":\"fr-FR\",\"@id\":\"https:\\\/\\\/www.minihorse.eu\\\/produit\\\/cowboy-magic-greenspot-remover\\\/#primaryimage\",\"url\":\"https:\\\/\\\/www.minihorse.eu\\\/wp-content\\\/uploads\\\/2025\\\/04\\\/Schermafbeelding-2025-04-10-233535.png\",\"contentUrl\":\"https:\\\/\\\/www.minihorse.eu\\\/wp-content\\\/uploads\\\/2025\\\/04\\\/Schermafbeelding-2025-04-10-233535.png\",\"width\":582,\"height\":550},{\"@type\":\"BreadcrumbList\",\"@id\":\"https:\\\/\\\/www.minihorse.eu\\\/produit\\\/cowboy-magic-greenspot-remover\\\/#breadcrumb\",\"itemListElement\":[{\"@type\":\"ListItem\",\"position\":1,\"name\":\"Home\",\"item\":\"https:\\\/\\\/www.minihorse.eu\\\/fr\\\/accueil\\\/\"},{\"@type\":\"ListItem\",\"position\":2,\"name\":\"Boutique\",\"item\":\"https:\\\/\\\/www.minihorse.eu\\\/fr\\\/boutique\\\/\"},{\"@type\":\"ListItem\",\"position\":3,\"name\":\"Cowboy Magic Greenspot Remover\"}]},{\"@type\":\"WebSite\",\"@id\":\"https:\\\/\\\/www.minihorse.eu\\\/#website\",\"url\":\"https:\\\/\\\/www.minihorse.eu\\\/\",\"name\":\"Minihorse.eu\",\"description\":\"The #1 store for Miniature Horses\",\"publisher\":{\"@id\":\"https:\\\/\\\/www.minihorse.eu\\\/#organization\"},\"potentialAction\":[{\"@type\":\"SearchAction\",\"target\":{\"@type\":\"EntryPoint\",\"urlTemplate\":\"https:\\\/\\\/www.minihorse.eu\\\/?s={search_term_string}\"},\"query-input\":{\"@type\":\"PropertyValueSpecification\",\"valueRequired\":true,\"valueName\":\"search_term_string\"}}],\"inLanguage\":\"fr-FR\"},{\"@type\":\"Organization\",\"@id\":\"https:\\\/\\\/www.minihorse.eu\\\/#organization\",\"name\":\"Minihorse.eu\",\"url\":\"https:\\\/\\\/www.minihorse.eu\\\/\",\"logo\":{\"@type\":\"ImageObject\",\"inLanguage\":\"fr-FR\",\"@id\":\"https:\\\/\\\/www.minihorse.eu\\\/#\\\/schema\\\/logo\\\/image\\\/\",\"url\":\"https:\\\/\\\/www.minihorse.eu\\\/wp-content\\\/uploads\\\/2024\\\/08\\\/Logo-minihorse-ext.png\",\"contentUrl\":\"https:\\\/\\\/www.minihorse.eu\\\/wp-content\\\/uploads\\\/2024\\\/08\\\/Logo-minihorse-ext.png\",\"width\":500,\"height\":500,\"caption\":\"Minihorse.eu\"},\"image\":{\"@id\":\"https:\\\/\\\/www.minihorse.eu\\\/#\\\/schema\\\/logo\\\/image\\\/\"},\"sameAs\":[\"https:\\\/\\\/www.facebook.com\\\/profile.php?id=100063487117479\"]}]}<\/script>\n<!-- \/ Yoast SEO plugin. -->","yoast_head_json":{"title":"Cowboy Magic Greenspot Remover - Minihorse.eu","robots":{"index":"index","follow":"follow","max-snippet":"max-snippet:-1","max-image-preview":"max-image-preview:large","max-video-preview":"max-video-preview:-1"},"canonical":"https:\/\/www.minihorse.eu\/produit\/cowboy-magic-greenspot-remover\/","og_locale":"fr_FR","og_type":"article","og_title":"Cowboy Magic Greenspot Remover - Minihorse.eu","og_description":"Cowboy Magic Greenspot Remover - Shower in a Bottle est facile \u00e0 utiliser et formul\u00e9 pour \u00e9liminer instantan\u00e9ment le fumier, les taches d'urine, la sueur humide ou s\u00e9ch\u00e9e et donne \u00e0 ces taches fra\u00eechement nettoy\u00e9es une brillance \u00e9clatante apr\u00e8s le brossage.","og_url":"https:\/\/www.minihorse.eu\/produit\/cowboy-magic-greenspot-remover\/","og_site_name":"Minihorse.eu","article_publisher":"https:\/\/www.facebook.com\/profile.php?id=100063487117479","article_modified_time":"2025-04-20T08:31:09+00:00","og_image":[{"width":582,"height":550,"url":"https:\/\/www.minihorse.eu\/wp-content\/uploads\/2025\/04\/Schermafbeelding-2025-04-10-233535.png","type":"image\/png"}],"twitter_card":"summary_large_image","twitter_misc":{"Dur\u00e9e de lecture estim\u00e9e":"1 minute"},"schema":{"@context":"https:\/\/schema.org","@graph":[{"@type":"WebPage","@id":"https:\/\/www.minihorse.eu\/produit\/cowboy-magic-greenspot-remover\/","url":"https:\/\/www.minihorse.eu\/produit\/cowboy-magic-greenspot-remover\/","name":"Cowboy Magic Greenspot Remover - Minihorse.eu","isPartOf":{"@id":"https:\/\/www.minihorse.eu\/#website"},"primaryImageOfPage":{"@id":"https:\/\/www.minihorse.eu\/produit\/cowboy-magic-greenspot-remover\/#primaryimage"},"image":{"@id":"https:\/\/www.minihorse.eu\/produit\/cowboy-magic-greenspot-remover\/#primaryimage"},"thumbnailUrl":"https:\/\/www.minihorse.eu\/wp-content\/uploads\/2025\/04\/Schermafbeelding-2025-04-10-233535.png","datePublished":"2025-04-10T21:33:12+00:00","dateModified":"2025-04-20T08:31:09+00:00","breadcrumb":{"@id":"https:\/\/www.minihorse.eu\/produit\/cowboy-magic-greenspot-remover\/#breadcrumb"},"inLanguage":"fr-FR","potentialAction":[{"@type":"ReadAction","target":["https:\/\/www.minihorse.eu\/produit\/cowboy-magic-greenspot-remover\/"]}]},{"@type":"ImageObject","inLanguage":"fr-FR","@id":"https:\/\/www.minihorse.eu\/produit\/cowboy-magic-greenspot-remover\/#primaryimage","url":"https:\/\/www.minihorse.eu\/wp-content\/uploads\/2025\/04\/Schermafbeelding-2025-04-10-233535.png","contentUrl":"https:\/\/www.minihorse.eu\/wp-content\/uploads\/2025\/04\/Schermafbeelding-2025-04-10-233535.png","width":582,"height":550},{"@type":"BreadcrumbList","@id":"https:\/\/www.minihorse.eu\/produit\/cowboy-magic-greenspot-remover\/#breadcrumb","itemListElement":[{"@type":"ListItem","position":1,"name":"Home","item":"https:\/\/www.minihorse.eu\/fr\/accueil\/"},{"@type":"ListItem","position":2,"name":"Boutique","item":"https:\/\/www.minihorse.eu\/fr\/boutique\/"},{"@type":"ListItem","position":3,"name":"Cowboy Magic Greenspot Remover"}]},{"@type":"WebSite","@id":"https:\/\/www.minihorse.eu\/#website","url":"https:\/\/www.minihorse.eu\/","name":"Minihorse.eu","description":"The #1 store for Miniature Horses","publisher":{"@id":"https:\/\/www.minihorse.eu\/#organization"},"potentialAction":[{"@type":"SearchAction","target":{"@type":"EntryPoint","urlTemplate":"https:\/\/www.minihorse.eu\/?s={search_term_string}"},"query-input":{"@type":"PropertyValueSpecification","valueRequired":true,"valueName":"search_term_string"}}],"inLanguage":"fr-FR"},{"@type":"Organization","@id":"https:\/\/www.minihorse.eu\/#organization","name":"Minihorse.eu","url":"https:\/\/www.minihorse.eu\/","logo":{"@type":"ImageObject","inLanguage":"fr-FR","@id":"https:\/\/www.minihorse.eu\/#\/schema\/logo\/image\/","url":"https:\/\/www.minihorse.eu\/wp-content\/uploads\/2024\/08\/Logo-minihorse-ext.png","contentUrl":"https:\/\/www.minihorse.eu\/wp-content\/uploads\/2024\/08\/Logo-minihorse-ext.png","width":500,"height":500,"caption":"Minihorse.eu"},"image":{"@id":"https:\/\/www.minihorse.eu\/#\/schema\/logo\/image\/"},"sameAs":["https:\/\/www.facebook.com\/profile.php?id=100063487117479"]}]}},"jetpack_sharing_enabled":true,"_links":{"self":[{"href":"https:\/\/www.minihorse.eu\/fr\/wp-json\/wp\/v2\/product\/9113","targetHints":{"allow":["GET"]}}],"collection":[{"href":"https:\/\/www.minihorse.eu\/fr\/wp-json\/wp\/v2\/product"}],"about":[{"href":"https:\/\/www.minihorse.eu\/fr\/wp-json\/wp\/v2\/types\/product"}],"replies":[{"embeddable":true,"href":"https:\/\/www.minihorse.eu\/fr\/wp-json\/wp\/v2\/comments?post=9113"}],"wp:featuredmedia":[{"embeddable":true,"href":"https:\/\/www.minihorse.eu\/fr\/wp-json\/wp\/v2\/media\/9118"}],"wp:attachment":[{"href":"https:\/\/www.minihorse.eu\/fr\/wp-json\/wp\/v2\/media?parent=9113"}],"wp:term":[{"taxonomy":"product_brand","embeddable":true,"href":"https:\/\/www.minihorse.eu\/fr\/wp-json\/wp\/v2\/product_brand?post=9113"},{"taxonomy":"product_cat","embeddable":true,"href":"https:\/\/www.minihorse.eu\/fr\/wp-json\/wp\/v2\/product_cat?post=9113"},{"taxonomy":"product_tag","embeddable":true,"href":"https:\/\/www.minihorse.eu\/fr\/wp-json\/wp\/v2\/product_tag?post=9113"}],"curies":[{"name":"wp","href":"https:\/\/api.w.org\/{rel}","templated":true}]}}