{"id":9198,"date":"2025-04-11T20:05:03","date_gmt":"2025-04-11T20:05:03","guid":{"rendered":"https:\/\/www.minihorse.eu\/product\/filet-a-foin-rectangulaire-120-x-90-cm\/"},"modified":"2025-04-11T20:05:03","modified_gmt":"2025-04-11T20:05:03","slug":"filet-a-foin-rectangulaire-120-x-90-cm","status":"publish","type":"product","link":"https:\/\/www.minihorse.eu\/fr\/produit\/filet-a-foin-rectangulaire-120-x-90-cm\/","title":{"rendered":"Filet \u00e0 Foin Rectangulaire 120 x 90 cm"},"content":{"rendered":"<section class=\"second-section\">\n<div class=\"product-detail-description-text\">Filet \u00e0 foin sans n\u0153uds, \u00e0 mailles serr\u00e9es, avec de tr\u00e8s petites ouvertures pour une absorption lente et saine de la nourriture. Le filet \u00e0 foin sans n\u0153uds est doux pour les dents et les gencives. Sa forme rectangulaire permet de le remplir facilement et de le suspendre dans l&rsquo;\u00e9table.  <\/div>\n<\/section>\n<div class=\"product-detail-description-text\">Dimensions : 120 x 90 cm<\/div>\n<section class=\"fourth-section\">\n<div class=\"product-detail-description-text\">Taille des mailles : 3,0 x 3,0 cm<\/p>\n<\/div>\n<\/section>\n","protected":false},"excerpt":{"rendered":"<section class=\"second-section\">\n<div class=\"product-detail-description-text\">Filet \u00e0 foin sans n\u0153uds, \u00e0 mailles serr\u00e9es, avec de tr\u00e8s petites ouvertures pour une absorption lente et saine de la nourriture. Le filet \u00e0 foin sans n\u0153uds est doux pour les dents et les gencives. Sa forme rectangulaire permet de le remplir facilement et de le suspendre dans l&rsquo;\u00e9table.  <\/div>\n<\/section>\n<div class=\"product-detail-description-text\">Dimensions : 120 x 90 cm<\/div>\n<section class=\"fourth-section\">\n<div class=\"product-detail-description-text\">Taille des mailles : 3,0 x 3,0 cm<\/div>\n<\/section>\n","protected":false},"featured_media":9196,"comment_status":"open","ping_status":"closed","template":"","meta":[],"product_brand":[],"product_cat":[188],"product_tag":[960,1049],"class_list":{"0":"post-9198","1":"product","2":"type-product","3":"status-publish","4":"has-post-thumbnail","6":"product_cat-ecuries","7":"product_tag-filet-a-foin","8":"product_tag-mangeur-lent","10":"first","11":"instock","12":"taxable","13":"shipping-taxable","14":"purchasable","15":"product-type-simple"},"yoast_head":"<!-- This site is optimized with the Yoast SEO plugin v27.5 - https:\/\/yoast.com\/product\/yoast-seo-wordpress\/ -->\n<title>Filet \u00e0 Foin Rectangulaire 120 x 90 cm - Minihorse.eu<\/title>\n<meta name=\"robots\" content=\"index, follow, max-snippet:-1, max-image-preview:large, max-video-preview:-1\" \/>\n<link rel=\"canonical\" href=\"https:\/\/www.minihorse.eu\/fr\/produit\/filet-a-foin-rectangulaire-120-x-90-cm\/\" \/>\n<meta property=\"og:locale\" content=\"fr_FR\" \/>\n<meta property=\"og:type\" content=\"article\" \/>\n<meta property=\"og:title\" content=\"Filet \u00e0 Foin Rectangulaire 120 x 90 cm - Minihorse.eu\" \/>\n<meta property=\"og:description\" content=\"Filet \u00e0 foin sans n\u0153uds, \u00e0 mailles serr\u00e9es, avec de tr\u00e8s petites ouvertures pour une absorption lente et saine de la nourriture. Le filet \u00e0 foin sans n\u0153uds est doux pour les dents et les gencives. Sa forme rectangulaire permet de le remplir facilement et de le suspendre dans l&#039;\u00e9table.  Dimensions : 120 x 90 cm Taille des mailles : 3,0 x 3,0 cm\" \/>\n<meta property=\"og:url\" content=\"https:\/\/www.minihorse.eu\/fr\/produit\/filet-a-foin-rectangulaire-120-x-90-cm\/\" \/>\n<meta property=\"og:site_name\" content=\"Minihorse.eu\" \/>\n<meta property=\"article:publisher\" content=\"https:\/\/www.facebook.com\/profile.php?id=100063487117479\" \/>\n<meta property=\"og:image\" content=\"https:\/\/www.minihorse.eu\/wp-content\/uploads\/2025\/04\/Schermafbeelding-2025-04-11-215543.jpg\" \/>\n\t<meta property=\"og:image:width\" content=\"600\" \/>\n\t<meta property=\"og:image:height\" content=\"600\" \/>\n\t<meta property=\"og:image:type\" content=\"image\/jpeg\" \/>\n<meta name=\"twitter:card\" content=\"summary_large_image\" \/>\n<script type=\"application\/ld+json\" class=\"yoast-schema-graph\">{\"@context\":\"https:\\\/\\\/schema.org\",\"@graph\":[{\"@type\":\"WebPage\",\"@id\":\"https:\\\/\\\/www.minihorse.eu\\\/fr\\\/produit\\\/filet-a-foin-rectangulaire-120-x-90-cm\\\/\",\"url\":\"https:\\\/\\\/www.minihorse.eu\\\/fr\\\/produit\\\/filet-a-foin-rectangulaire-120-x-90-cm\\\/\",\"name\":\"Filet \u00e0 Foin Rectangulaire 120 x 90 cm - Minihorse.eu\",\"isPartOf\":{\"@id\":\"https:\\\/\\\/www.minihorse.eu\\\/#website\"},\"primaryImageOfPage\":{\"@id\":\"https:\\\/\\\/www.minihorse.eu\\\/fr\\\/produit\\\/filet-a-foin-rectangulaire-120-x-90-cm\\\/#primaryimage\"},\"image\":{\"@id\":\"https:\\\/\\\/www.minihorse.eu\\\/fr\\\/produit\\\/filet-a-foin-rectangulaire-120-x-90-cm\\\/#primaryimage\"},\"thumbnailUrl\":\"https:\\\/\\\/www.minihorse.eu\\\/wp-content\\\/uploads\\\/2025\\\/04\\\/Schermafbeelding-2025-04-11-215543.jpg\",\"datePublished\":\"2025-04-11T20:05:03+00:00\",\"breadcrumb\":{\"@id\":\"https:\\\/\\\/www.minihorse.eu\\\/fr\\\/produit\\\/filet-a-foin-rectangulaire-120-x-90-cm\\\/#breadcrumb\"},\"inLanguage\":\"fr-FR\",\"potentialAction\":[{\"@type\":\"ReadAction\",\"target\":[\"https:\\\/\\\/www.minihorse.eu\\\/fr\\\/produit\\\/filet-a-foin-rectangulaire-120-x-90-cm\\\/\"]}]},{\"@type\":\"ImageObject\",\"inLanguage\":\"fr-FR\",\"@id\":\"https:\\\/\\\/www.minihorse.eu\\\/fr\\\/produit\\\/filet-a-foin-rectangulaire-120-x-90-cm\\\/#primaryimage\",\"url\":\"https:\\\/\\\/www.minihorse.eu\\\/wp-content\\\/uploads\\\/2025\\\/04\\\/Schermafbeelding-2025-04-11-215543.jpg\",\"contentUrl\":\"https:\\\/\\\/www.minihorse.eu\\\/wp-content\\\/uploads\\\/2025\\\/04\\\/Schermafbeelding-2025-04-11-215543.jpg\",\"width\":600,\"height\":600},{\"@type\":\"BreadcrumbList\",\"@id\":\"https:\\\/\\\/www.minihorse.eu\\\/fr\\\/produit\\\/filet-a-foin-rectangulaire-120-x-90-cm\\\/#breadcrumb\",\"itemListElement\":[{\"@type\":\"ListItem\",\"position\":1,\"name\":\"Home\",\"item\":\"https:\\\/\\\/www.minihorse.eu\\\/fr\\\/accueil\\\/\"},{\"@type\":\"ListItem\",\"position\":2,\"name\":\"Boutique\",\"item\":\"https:\\\/\\\/www.minihorse.eu\\\/fr\\\/boutique\\\/\"},{\"@type\":\"ListItem\",\"position\":3,\"name\":\"Filet \u00e0 Foin Rectangulaire 120 x 90 cm\"}]},{\"@type\":\"WebSite\",\"@id\":\"https:\\\/\\\/www.minihorse.eu\\\/#website\",\"url\":\"https:\\\/\\\/www.minihorse.eu\\\/\",\"name\":\"Minihorse.eu\",\"description\":\"The #1 store for Miniature Horses\",\"publisher\":{\"@id\":\"https:\\\/\\\/www.minihorse.eu\\\/#organization\"},\"potentialAction\":[{\"@type\":\"SearchAction\",\"target\":{\"@type\":\"EntryPoint\",\"urlTemplate\":\"https:\\\/\\\/www.minihorse.eu\\\/?s={search_term_string}\"},\"query-input\":{\"@type\":\"PropertyValueSpecification\",\"valueRequired\":true,\"valueName\":\"search_term_string\"}}],\"inLanguage\":\"fr-FR\"},{\"@type\":\"Organization\",\"@id\":\"https:\\\/\\\/www.minihorse.eu\\\/#organization\",\"name\":\"Minihorse.eu\",\"url\":\"https:\\\/\\\/www.minihorse.eu\\\/\",\"logo\":{\"@type\":\"ImageObject\",\"inLanguage\":\"fr-FR\",\"@id\":\"https:\\\/\\\/www.minihorse.eu\\\/#\\\/schema\\\/logo\\\/image\\\/\",\"url\":\"https:\\\/\\\/www.minihorse.eu\\\/wp-content\\\/uploads\\\/2024\\\/08\\\/Logo-minihorse-ext.png\",\"contentUrl\":\"https:\\\/\\\/www.minihorse.eu\\\/wp-content\\\/uploads\\\/2024\\\/08\\\/Logo-minihorse-ext.png\",\"width\":500,\"height\":500,\"caption\":\"Minihorse.eu\"},\"image\":{\"@id\":\"https:\\\/\\\/www.minihorse.eu\\\/#\\\/schema\\\/logo\\\/image\\\/\"},\"sameAs\":[\"https:\\\/\\\/www.facebook.com\\\/profile.php?id=100063487117479\"]}]}<\/script>\n<!-- \/ Yoast SEO plugin. -->","yoast_head_json":{"title":"Filet \u00e0 Foin Rectangulaire 120 x 90 cm - Minihorse.eu","robots":{"index":"index","follow":"follow","max-snippet":"max-snippet:-1","max-image-preview":"max-image-preview:large","max-video-preview":"max-video-preview:-1"},"canonical":"https:\/\/www.minihorse.eu\/fr\/produit\/filet-a-foin-rectangulaire-120-x-90-cm\/","og_locale":"fr_FR","og_type":"article","og_title":"Filet \u00e0 Foin Rectangulaire 120 x 90 cm - Minihorse.eu","og_description":"Filet \u00e0 foin sans n\u0153uds, \u00e0 mailles serr\u00e9es, avec de tr\u00e8s petites ouvertures pour une absorption lente et saine de la nourriture. Le filet \u00e0 foin sans n\u0153uds est doux pour les dents et les gencives. Sa forme rectangulaire permet de le remplir facilement et de le suspendre dans l'\u00e9table.  Dimensions : 120 x 90 cm Taille des mailles : 3,0 x 3,0 cm","og_url":"https:\/\/www.minihorse.eu\/fr\/produit\/filet-a-foin-rectangulaire-120-x-90-cm\/","og_site_name":"Minihorse.eu","article_publisher":"https:\/\/www.facebook.com\/profile.php?id=100063487117479","og_image":[{"width":600,"height":600,"url":"https:\/\/www.minihorse.eu\/wp-content\/uploads\/2025\/04\/Schermafbeelding-2025-04-11-215543.jpg","type":"image\/jpeg"}],"twitter_card":"summary_large_image","schema":{"@context":"https:\/\/schema.org","@graph":[{"@type":"WebPage","@id":"https:\/\/www.minihorse.eu\/fr\/produit\/filet-a-foin-rectangulaire-120-x-90-cm\/","url":"https:\/\/www.minihorse.eu\/fr\/produit\/filet-a-foin-rectangulaire-120-x-90-cm\/","name":"Filet \u00e0 Foin Rectangulaire 120 x 90 cm - Minihorse.eu","isPartOf":{"@id":"https:\/\/www.minihorse.eu\/#website"},"primaryImageOfPage":{"@id":"https:\/\/www.minihorse.eu\/fr\/produit\/filet-a-foin-rectangulaire-120-x-90-cm\/#primaryimage"},"image":{"@id":"https:\/\/www.minihorse.eu\/fr\/produit\/filet-a-foin-rectangulaire-120-x-90-cm\/#primaryimage"},"thumbnailUrl":"https:\/\/www.minihorse.eu\/wp-content\/uploads\/2025\/04\/Schermafbeelding-2025-04-11-215543.jpg","datePublished":"2025-04-11T20:05:03+00:00","breadcrumb":{"@id":"https:\/\/www.minihorse.eu\/fr\/produit\/filet-a-foin-rectangulaire-120-x-90-cm\/#breadcrumb"},"inLanguage":"fr-FR","potentialAction":[{"@type":"ReadAction","target":["https:\/\/www.minihorse.eu\/fr\/produit\/filet-a-foin-rectangulaire-120-x-90-cm\/"]}]},{"@type":"ImageObject","inLanguage":"fr-FR","@id":"https:\/\/www.minihorse.eu\/fr\/produit\/filet-a-foin-rectangulaire-120-x-90-cm\/#primaryimage","url":"https:\/\/www.minihorse.eu\/wp-content\/uploads\/2025\/04\/Schermafbeelding-2025-04-11-215543.jpg","contentUrl":"https:\/\/www.minihorse.eu\/wp-content\/uploads\/2025\/04\/Schermafbeelding-2025-04-11-215543.jpg","width":600,"height":600},{"@type":"BreadcrumbList","@id":"https:\/\/www.minihorse.eu\/fr\/produit\/filet-a-foin-rectangulaire-120-x-90-cm\/#breadcrumb","itemListElement":[{"@type":"ListItem","position":1,"name":"Home","item":"https:\/\/www.minihorse.eu\/fr\/accueil\/"},{"@type":"ListItem","position":2,"name":"Boutique","item":"https:\/\/www.minihorse.eu\/fr\/boutique\/"},{"@type":"ListItem","position":3,"name":"Filet \u00e0 Foin Rectangulaire 120 x 90 cm"}]},{"@type":"WebSite","@id":"https:\/\/www.minihorse.eu\/#website","url":"https:\/\/www.minihorse.eu\/","name":"Minihorse.eu","description":"The #1 store for Miniature Horses","publisher":{"@id":"https:\/\/www.minihorse.eu\/#organization"},"potentialAction":[{"@type":"SearchAction","target":{"@type":"EntryPoint","urlTemplate":"https:\/\/www.minihorse.eu\/?s={search_term_string}"},"query-input":{"@type":"PropertyValueSpecification","valueRequired":true,"valueName":"search_term_string"}}],"inLanguage":"fr-FR"},{"@type":"Organization","@id":"https:\/\/www.minihorse.eu\/#organization","name":"Minihorse.eu","url":"https:\/\/www.minihorse.eu\/","logo":{"@type":"ImageObject","inLanguage":"fr-FR","@id":"https:\/\/www.minihorse.eu\/#\/schema\/logo\/image\/","url":"https:\/\/www.minihorse.eu\/wp-content\/uploads\/2024\/08\/Logo-minihorse-ext.png","contentUrl":"https:\/\/www.minihorse.eu\/wp-content\/uploads\/2024\/08\/Logo-minihorse-ext.png","width":500,"height":500,"caption":"Minihorse.eu"},"image":{"@id":"https:\/\/www.minihorse.eu\/#\/schema\/logo\/image\/"},"sameAs":["https:\/\/www.facebook.com\/profile.php?id=100063487117479"]}]}},"jetpack_sharing_enabled":true,"_links":{"self":[{"href":"https:\/\/www.minihorse.eu\/fr\/wp-json\/wp\/v2\/product\/9198","targetHints":{"allow":["GET"]}}],"collection":[{"href":"https:\/\/www.minihorse.eu\/fr\/wp-json\/wp\/v2\/product"}],"about":[{"href":"https:\/\/www.minihorse.eu\/fr\/wp-json\/wp\/v2\/types\/product"}],"replies":[{"embeddable":true,"href":"https:\/\/www.minihorse.eu\/fr\/wp-json\/wp\/v2\/comments?post=9198"}],"wp:featuredmedia":[{"embeddable":true,"href":"https:\/\/www.minihorse.eu\/fr\/wp-json\/wp\/v2\/media\/9196"}],"wp:attachment":[{"href":"https:\/\/www.minihorse.eu\/fr\/wp-json\/wp\/v2\/media?parent=9198"}],"wp:term":[{"taxonomy":"product_brand","embeddable":true,"href":"https:\/\/www.minihorse.eu\/fr\/wp-json\/wp\/v2\/product_brand?post=9198"},{"taxonomy":"product_cat","embeddable":true,"href":"https:\/\/www.minihorse.eu\/fr\/wp-json\/wp\/v2\/product_cat?post=9198"},{"taxonomy":"product_tag","embeddable":true,"href":"https:\/\/www.minihorse.eu\/fr\/wp-json\/wp\/v2\/product_tag?post=9198"}],"curies":[{"name":"wp","href":"https:\/\/api.w.org\/{rel}","templated":true}]}}