{"id":9267,"date":"2025-04-11T20:35:44","date_gmt":"2025-04-11T20:35:44","guid":{"rendered":"https:\/\/www.minihorse.eu\/product\/porte-licol-bridon\/"},"modified":"2026-03-10T18:42:19","modified_gmt":"2026-03-10T18:42:19","slug":"porte-licol-bridon","status":"publish","type":"product","link":"https:\/\/www.minihorse.eu\/fr\/produit\/porte-licol-bridon\/","title":{"rendered":"Porte-licol\/bridon"},"content":{"rendered":"<p data-start=\"70\" data-end=\"346\"><strong data-start=\"70\" data-end=\"164\">Support pratique pour licols et brides permettant de ranger proprement et en toute s\u00e9curit\u00e9 les brides, licols et bien plus encore.<\/strong><br data-start=\"164\" data-end=\"167\">Ce support robuste vous aide \u00e0 garder votre \u00e9curie bien rang\u00e9e et votre \u00e9quipement \u00e0 port\u00e9e de main. Fabriqu\u00e9 en m\u00e9tal rev\u00eatu durable pour une utilisation longue dur\u00e9e et une protection contre la rouille et l&rsquo;usure. <\/p>\n<p data-start=\"348\" data-end=\"513\">Id\u00e9al pour suspendre les brides, licols, longes et autres accessoires d&rsquo;\u00e9curie. Son design compact le rend parfait pour une utilisation dans la sellerie, l&rsquo;all\u00e9e de l&rsquo;\u00e9curie ou la remorque. <\/p>\n","protected":false},"excerpt":{"rendered":"<p>Support pratique pour licols\/brides permettant de ranger proprement et en toute s\u00e9curit\u00e9 les brides, licols et bien plus encore. M\u00e9tal robuste avec rev\u00eatement. Couleur : noir et bleu.  <\/p>\n","protected":false},"featured_media":9209,"comment_status":"open","ping_status":"closed","template":"","meta":[],"product_brand":[],"product_cat":[415,188,297,243],"product_tag":[1068,1608,1067,1609,1066],"class_list":{"0":"post-9267","1":"product","2":"type-product","3":"status-publish","4":"has-post-thumbnail","6":"product_cat-accessoires-de-driving","7":"product_cat-ecuries","8":"product_cat-licols","9":"product_cat-licols-en-cuir","10":"product_tag-licou-suspendu","11":"product_tag-porte-bridon-2","12":"product_tag-porte-bridon","13":"product_tag-porte-licol-2","14":"product_tag-porte-licol","16":"first","17":"instock","18":"taxable","19":"shipping-taxable","20":"purchasable","21":"product-type-variable"},"yoast_head":"<!-- This site is optimized with the Yoast SEO plugin v27.5 - https:\/\/yoast.com\/product\/yoast-seo-wordpress\/ -->\n<title>Porte-licol\/bridon - Minihorse.eu<\/title>\n<meta name=\"description\" content=\"Practical halter\/bridle rack for neatly and safely storing bridles, halters and much more. Sturdy metal with coating. In black and blue colour.\" \/>\n<meta name=\"robots\" content=\"index, follow, max-snippet:-1, max-image-preview:large, max-video-preview:-1\" \/>\n<link rel=\"canonical\" href=\"https:\/\/www.minihorse.eu\/fr\/produit\/porte-licol-bridon\/\" \/>\n<meta property=\"og:locale\" content=\"fr_FR\" \/>\n<meta property=\"og:type\" content=\"article\" \/>\n<meta property=\"og:title\" content=\"Porte-licol\/bridon - Minihorse.eu\" \/>\n<meta property=\"og:description\" content=\"Practical halter\/bridle rack for neatly and safely storing bridles, halters and much more. Sturdy metal with coating. In black and blue colour.\" \/>\n<meta property=\"og:url\" content=\"https:\/\/www.minihorse.eu\/fr\/produit\/porte-licol-bridon\/\" \/>\n<meta property=\"og:site_name\" content=\"Minihorse.eu\" \/>\n<meta property=\"article:publisher\" content=\"https:\/\/www.facebook.com\/profile.php?id=100063487117479\" \/>\n<meta property=\"article:modified_time\" content=\"2026-03-10T18:42:19+00:00\" \/>\n<meta property=\"og:image\" content=\"https:\/\/www.minihorse.eu\/wp-content\/uploads\/2025\/04\/Schermafbeelding-2025-04-11-223332.png\" \/>\n\t<meta property=\"og:image:width\" content=\"473\" \/>\n\t<meta property=\"og:image:height\" content=\"542\" \/>\n\t<meta property=\"og:image:type\" content=\"image\/png\" \/>\n<meta name=\"twitter:card\" content=\"summary_large_image\" \/>\n<script type=\"application\/ld+json\" class=\"yoast-schema-graph\">{\"@context\":\"https:\\\/\\\/schema.org\",\"@graph\":[{\"@type\":\"WebPage\",\"@id\":\"https:\\\/\\\/www.minihorse.eu\\\/fr\\\/produit\\\/porte-licol-bridon\\\/\",\"url\":\"https:\\\/\\\/www.minihorse.eu\\\/fr\\\/produit\\\/porte-licol-bridon\\\/\",\"name\":\"Porte-licol\\\/bridon - Minihorse.eu\",\"isPartOf\":{\"@id\":\"https:\\\/\\\/www.minihorse.eu\\\/#website\"},\"primaryImageOfPage\":{\"@id\":\"https:\\\/\\\/www.minihorse.eu\\\/fr\\\/produit\\\/porte-licol-bridon\\\/#primaryimage\"},\"image\":{\"@id\":\"https:\\\/\\\/www.minihorse.eu\\\/fr\\\/produit\\\/porte-licol-bridon\\\/#primaryimage\"},\"thumbnailUrl\":\"https:\\\/\\\/www.minihorse.eu\\\/wp-content\\\/uploads\\\/2025\\\/04\\\/Schermafbeelding-2025-04-11-223332.png\",\"datePublished\":\"2025-04-11T20:35:44+00:00\",\"dateModified\":\"2026-03-10T18:42:19+00:00\",\"description\":\"Practical halter\\\/bridle rack for neatly and safely storing bridles, halters and much more. Sturdy metal with coating. In black and blue colour.\",\"breadcrumb\":{\"@id\":\"https:\\\/\\\/www.minihorse.eu\\\/fr\\\/produit\\\/porte-licol-bridon\\\/#breadcrumb\"},\"inLanguage\":\"fr-FR\",\"potentialAction\":[{\"@type\":\"ReadAction\",\"target\":[\"https:\\\/\\\/www.minihorse.eu\\\/fr\\\/produit\\\/porte-licol-bridon\\\/\"]}]},{\"@type\":\"ImageObject\",\"inLanguage\":\"fr-FR\",\"@id\":\"https:\\\/\\\/www.minihorse.eu\\\/fr\\\/produit\\\/porte-licol-bridon\\\/#primaryimage\",\"url\":\"https:\\\/\\\/www.minihorse.eu\\\/wp-content\\\/uploads\\\/2025\\\/04\\\/Schermafbeelding-2025-04-11-223332.png\",\"contentUrl\":\"https:\\\/\\\/www.minihorse.eu\\\/wp-content\\\/uploads\\\/2025\\\/04\\\/Schermafbeelding-2025-04-11-223332.png\",\"width\":473,\"height\":542},{\"@type\":\"BreadcrumbList\",\"@id\":\"https:\\\/\\\/www.minihorse.eu\\\/fr\\\/produit\\\/porte-licol-bridon\\\/#breadcrumb\",\"itemListElement\":[{\"@type\":\"ListItem\",\"position\":1,\"name\":\"Home\",\"item\":\"https:\\\/\\\/www.minihorse.eu\\\/fr\\\/accueil\\\/\"},{\"@type\":\"ListItem\",\"position\":2,\"name\":\"Boutique\",\"item\":\"https:\\\/\\\/www.minihorse.eu\\\/fr\\\/boutique\\\/\"},{\"@type\":\"ListItem\",\"position\":3,\"name\":\"Porte-licol\\\/bridon\"}]},{\"@type\":\"WebSite\",\"@id\":\"https:\\\/\\\/www.minihorse.eu\\\/#website\",\"url\":\"https:\\\/\\\/www.minihorse.eu\\\/\",\"name\":\"Minihorse.eu\",\"description\":\"The #1 store for Miniature Horses\",\"publisher\":{\"@id\":\"https:\\\/\\\/www.minihorse.eu\\\/#organization\"},\"potentialAction\":[{\"@type\":\"SearchAction\",\"target\":{\"@type\":\"EntryPoint\",\"urlTemplate\":\"https:\\\/\\\/www.minihorse.eu\\\/?s={search_term_string}\"},\"query-input\":{\"@type\":\"PropertyValueSpecification\",\"valueRequired\":true,\"valueName\":\"search_term_string\"}}],\"inLanguage\":\"fr-FR\"},{\"@type\":\"Organization\",\"@id\":\"https:\\\/\\\/www.minihorse.eu\\\/#organization\",\"name\":\"Minihorse.eu\",\"url\":\"https:\\\/\\\/www.minihorse.eu\\\/\",\"logo\":{\"@type\":\"ImageObject\",\"inLanguage\":\"fr-FR\",\"@id\":\"https:\\\/\\\/www.minihorse.eu\\\/#\\\/schema\\\/logo\\\/image\\\/\",\"url\":\"https:\\\/\\\/www.minihorse.eu\\\/wp-content\\\/uploads\\\/2024\\\/08\\\/Logo-minihorse-ext.png\",\"contentUrl\":\"https:\\\/\\\/www.minihorse.eu\\\/wp-content\\\/uploads\\\/2024\\\/08\\\/Logo-minihorse-ext.png\",\"width\":500,\"height\":500,\"caption\":\"Minihorse.eu\"},\"image\":{\"@id\":\"https:\\\/\\\/www.minihorse.eu\\\/#\\\/schema\\\/logo\\\/image\\\/\"},\"sameAs\":[\"https:\\\/\\\/www.facebook.com\\\/profile.php?id=100063487117479\"]}]}<\/script>\n<!-- \/ Yoast SEO plugin. -->","yoast_head_json":{"title":"Porte-licol\/bridon - Minihorse.eu","description":"Practical halter\/bridle rack for neatly and safely storing bridles, halters and much more. Sturdy metal with coating. In black and blue colour.","robots":{"index":"index","follow":"follow","max-snippet":"max-snippet:-1","max-image-preview":"max-image-preview:large","max-video-preview":"max-video-preview:-1"},"canonical":"https:\/\/www.minihorse.eu\/fr\/produit\/porte-licol-bridon\/","og_locale":"fr_FR","og_type":"article","og_title":"Porte-licol\/bridon - Minihorse.eu","og_description":"Practical halter\/bridle rack for neatly and safely storing bridles, halters and much more. Sturdy metal with coating. In black and blue colour.","og_url":"https:\/\/www.minihorse.eu\/fr\/produit\/porte-licol-bridon\/","og_site_name":"Minihorse.eu","article_publisher":"https:\/\/www.facebook.com\/profile.php?id=100063487117479","article_modified_time":"2026-03-10T18:42:19+00:00","og_image":[{"width":473,"height":542,"url":"https:\/\/www.minihorse.eu\/wp-content\/uploads\/2025\/04\/Schermafbeelding-2025-04-11-223332.png","type":"image\/png"}],"twitter_card":"summary_large_image","schema":{"@context":"https:\/\/schema.org","@graph":[{"@type":"WebPage","@id":"https:\/\/www.minihorse.eu\/fr\/produit\/porte-licol-bridon\/","url":"https:\/\/www.minihorse.eu\/fr\/produit\/porte-licol-bridon\/","name":"Porte-licol\/bridon - Minihorse.eu","isPartOf":{"@id":"https:\/\/www.minihorse.eu\/#website"},"primaryImageOfPage":{"@id":"https:\/\/www.minihorse.eu\/fr\/produit\/porte-licol-bridon\/#primaryimage"},"image":{"@id":"https:\/\/www.minihorse.eu\/fr\/produit\/porte-licol-bridon\/#primaryimage"},"thumbnailUrl":"https:\/\/www.minihorse.eu\/wp-content\/uploads\/2025\/04\/Schermafbeelding-2025-04-11-223332.png","datePublished":"2025-04-11T20:35:44+00:00","dateModified":"2026-03-10T18:42:19+00:00","description":"Practical halter\/bridle rack for neatly and safely storing bridles, halters and much more. Sturdy metal with coating. In black and blue colour.","breadcrumb":{"@id":"https:\/\/www.minihorse.eu\/fr\/produit\/porte-licol-bridon\/#breadcrumb"},"inLanguage":"fr-FR","potentialAction":[{"@type":"ReadAction","target":["https:\/\/www.minihorse.eu\/fr\/produit\/porte-licol-bridon\/"]}]},{"@type":"ImageObject","inLanguage":"fr-FR","@id":"https:\/\/www.minihorse.eu\/fr\/produit\/porte-licol-bridon\/#primaryimage","url":"https:\/\/www.minihorse.eu\/wp-content\/uploads\/2025\/04\/Schermafbeelding-2025-04-11-223332.png","contentUrl":"https:\/\/www.minihorse.eu\/wp-content\/uploads\/2025\/04\/Schermafbeelding-2025-04-11-223332.png","width":473,"height":542},{"@type":"BreadcrumbList","@id":"https:\/\/www.minihorse.eu\/fr\/produit\/porte-licol-bridon\/#breadcrumb","itemListElement":[{"@type":"ListItem","position":1,"name":"Home","item":"https:\/\/www.minihorse.eu\/fr\/accueil\/"},{"@type":"ListItem","position":2,"name":"Boutique","item":"https:\/\/www.minihorse.eu\/fr\/boutique\/"},{"@type":"ListItem","position":3,"name":"Porte-licol\/bridon"}]},{"@type":"WebSite","@id":"https:\/\/www.minihorse.eu\/#website","url":"https:\/\/www.minihorse.eu\/","name":"Minihorse.eu","description":"The #1 store for Miniature Horses","publisher":{"@id":"https:\/\/www.minihorse.eu\/#organization"},"potentialAction":[{"@type":"SearchAction","target":{"@type":"EntryPoint","urlTemplate":"https:\/\/www.minihorse.eu\/?s={search_term_string}"},"query-input":{"@type":"PropertyValueSpecification","valueRequired":true,"valueName":"search_term_string"}}],"inLanguage":"fr-FR"},{"@type":"Organization","@id":"https:\/\/www.minihorse.eu\/#organization","name":"Minihorse.eu","url":"https:\/\/www.minihorse.eu\/","logo":{"@type":"ImageObject","inLanguage":"fr-FR","@id":"https:\/\/www.minihorse.eu\/#\/schema\/logo\/image\/","url":"https:\/\/www.minihorse.eu\/wp-content\/uploads\/2024\/08\/Logo-minihorse-ext.png","contentUrl":"https:\/\/www.minihorse.eu\/wp-content\/uploads\/2024\/08\/Logo-minihorse-ext.png","width":500,"height":500,"caption":"Minihorse.eu"},"image":{"@id":"https:\/\/www.minihorse.eu\/#\/schema\/logo\/image\/"},"sameAs":["https:\/\/www.facebook.com\/profile.php?id=100063487117479"]}]}},"jetpack_sharing_enabled":true,"_links":{"self":[{"href":"https:\/\/www.minihorse.eu\/fr\/wp-json\/wp\/v2\/product\/9267","targetHints":{"allow":["GET"]}}],"collection":[{"href":"https:\/\/www.minihorse.eu\/fr\/wp-json\/wp\/v2\/product"}],"about":[{"href":"https:\/\/www.minihorse.eu\/fr\/wp-json\/wp\/v2\/types\/product"}],"replies":[{"embeddable":true,"href":"https:\/\/www.minihorse.eu\/fr\/wp-json\/wp\/v2\/comments?post=9267"}],"wp:featuredmedia":[{"embeddable":true,"href":"https:\/\/www.minihorse.eu\/fr\/wp-json\/wp\/v2\/media\/9209"}],"wp:attachment":[{"href":"https:\/\/www.minihorse.eu\/fr\/wp-json\/wp\/v2\/media?parent=9267"}],"wp:term":[{"taxonomy":"product_brand","embeddable":true,"href":"https:\/\/www.minihorse.eu\/fr\/wp-json\/wp\/v2\/product_brand?post=9267"},{"taxonomy":"product_cat","embeddable":true,"href":"https:\/\/www.minihorse.eu\/fr\/wp-json\/wp\/v2\/product_cat?post=9267"},{"taxonomy":"product_tag","embeddable":true,"href":"https:\/\/www.minihorse.eu\/fr\/wp-json\/wp\/v2\/product_tag?post=9267"}],"curies":[{"name":"wp","href":"https:\/\/api.w.org\/{rel}","templated":true}]}}