{"id":9338,"date":"2025-04-16T12:27:35","date_gmt":"2025-04-16T12:27:35","guid":{"rendered":"https:\/\/www.minihorse.eu\/product\/andis-ceramic-edge-coase-cutter\/"},"modified":"2025-04-16T12:27:35","modified_gmt":"2025-04-16T12:27:35","slug":"andis-ceramic-edge-coase-cutter","status":"publish","type":"product","link":"https:\/\/www.minihorse.eu\/fr\/produit\/andis-ceramic-edge-coase-cutter\/","title":{"rendered":"Andis Ceramic Edge Coase cutter"},"content":{"rendered":"<p>Andis Ceramic Edge Coase cutter est la lame c\u00e9ramique de remplacement qui s&rsquo;adapte aux lames Andis amovibles A5 et vous permet de transformer facilement votre t\u00eate de rasoir ordinaire en une lame c\u00e9ramique. Le coupe-case est utilisable pour les lames no. 10, 15, 30. <\/p>\n<p>Fonctionne plus froidement, reste plus tranchante que l&rsquo;acier.<\/p>\n","protected":false},"excerpt":{"rendered":"<p>Andis Ceramic Edge Coase cutter est la lame c\u00e9ramique de remplacement qui s&rsquo;adapte aux lames Andis amovibles A5 et vous permet de transformer facilement votre t\u00eate de rasoir ordinaire en une lame c\u00e9ramique. Le coupe-case est utilisable pour les lames no. 10, 15, 30. <\/p>\n","protected":false},"featured_media":9336,"comment_status":"open","ping_status":"closed","template":"","meta":[],"product_brand":[],"product_cat":[889],"product_tag":[],"class_list":{"0":"post-9338","1":"product","2":"type-product","3":"status-publish","4":"has-post-thumbnail","6":"product_cat-peignes","8":"first","9":"instock","10":"taxable","11":"shipping-taxable","12":"purchasable","13":"product-type-simple"},"yoast_head":"<!-- This site is optimized with the Yoast SEO plugin v27.6 - https:\/\/yoast.com\/product\/yoast-seo-wordpress\/ -->\n<title>Andis Ceramic Edge Coase cutter - Minihorse.eu<\/title>\n<meta name=\"robots\" content=\"index, follow, max-snippet:-1, max-image-preview:large, max-video-preview:-1\" \/>\n<link rel=\"canonical\" href=\"https:\/\/www.minihorse.eu\/fr\/produit\/andis-ceramic-edge-coase-cutter\/\" \/>\n<meta property=\"og:locale\" content=\"fr_FR\" \/>\n<meta property=\"og:type\" content=\"article\" \/>\n<meta property=\"og:title\" content=\"Andis Ceramic Edge Coase cutter - Minihorse.eu\" \/>\n<meta property=\"og:description\" content=\"Andis Ceramic Edge Coase cutter est la lame c\u00e9ramique de remplacement qui s&#039;adapte aux lames Andis amovibles A5 et vous permet de transformer facilement votre t\u00eate de rasoir ordinaire en une lame c\u00e9ramique. Le coupe-case est utilisable pour les lames no. 10, 15, 30.\" \/>\n<meta property=\"og:url\" content=\"https:\/\/www.minihorse.eu\/fr\/produit\/andis-ceramic-edge-coase-cutter\/\" \/>\n<meta property=\"og:site_name\" content=\"Minihorse.eu\" \/>\n<meta property=\"article:publisher\" content=\"https:\/\/www.facebook.com\/profile.php?id=100063487117479\" \/>\n<meta property=\"og:image\" content=\"https:\/\/www.minihorse.eu\/wp-content\/uploads\/2025\/04\/ceramic-vervangmes-grof-a.jpg\" \/>\n\t<meta property=\"og:image:width\" content=\"432\" \/>\n\t<meta property=\"og:image:height\" content=\"245\" \/>\n\t<meta property=\"og:image:type\" content=\"image\/jpeg\" \/>\n<meta name=\"twitter:card\" content=\"summary_large_image\" \/>\n<script type=\"application\/ld+json\" class=\"yoast-schema-graph\">{\"@context\":\"https:\\\/\\\/schema.org\",\"@graph\":[{\"@type\":\"WebPage\",\"@id\":\"https:\\\/\\\/www.minihorse.eu\\\/fr\\\/produit\\\/andis-ceramic-edge-coase-cutter\\\/\",\"url\":\"https:\\\/\\\/www.minihorse.eu\\\/fr\\\/produit\\\/andis-ceramic-edge-coase-cutter\\\/\",\"name\":\"Andis Ceramic Edge Coase cutter - Minihorse.eu\",\"isPartOf\":{\"@id\":\"https:\\\/\\\/www.minihorse.eu\\\/#website\"},\"primaryImageOfPage\":{\"@id\":\"https:\\\/\\\/www.minihorse.eu\\\/fr\\\/produit\\\/andis-ceramic-edge-coase-cutter\\\/#primaryimage\"},\"image\":{\"@id\":\"https:\\\/\\\/www.minihorse.eu\\\/fr\\\/produit\\\/andis-ceramic-edge-coase-cutter\\\/#primaryimage\"},\"thumbnailUrl\":\"https:\\\/\\\/www.minihorse.eu\\\/wp-content\\\/uploads\\\/2025\\\/04\\\/ceramic-vervangmes-grof-a.jpg\",\"datePublished\":\"2025-04-16T12:27:35+00:00\",\"breadcrumb\":{\"@id\":\"https:\\\/\\\/www.minihorse.eu\\\/fr\\\/produit\\\/andis-ceramic-edge-coase-cutter\\\/#breadcrumb\"},\"inLanguage\":\"fr-FR\",\"potentialAction\":[{\"@type\":\"ReadAction\",\"target\":[\"https:\\\/\\\/www.minihorse.eu\\\/fr\\\/produit\\\/andis-ceramic-edge-coase-cutter\\\/\"]}]},{\"@type\":\"ImageObject\",\"inLanguage\":\"fr-FR\",\"@id\":\"https:\\\/\\\/www.minihorse.eu\\\/fr\\\/produit\\\/andis-ceramic-edge-coase-cutter\\\/#primaryimage\",\"url\":\"https:\\\/\\\/www.minihorse.eu\\\/wp-content\\\/uploads\\\/2025\\\/04\\\/ceramic-vervangmes-grof-a.jpg\",\"contentUrl\":\"https:\\\/\\\/www.minihorse.eu\\\/wp-content\\\/uploads\\\/2025\\\/04\\\/ceramic-vervangmes-grof-a.jpg\",\"width\":432,\"height\":245},{\"@type\":\"BreadcrumbList\",\"@id\":\"https:\\\/\\\/www.minihorse.eu\\\/fr\\\/produit\\\/andis-ceramic-edge-coase-cutter\\\/#breadcrumb\",\"itemListElement\":[{\"@type\":\"ListItem\",\"position\":1,\"name\":\"Home\",\"item\":\"https:\\\/\\\/www.minihorse.eu\\\/fr\\\/accueil\\\/\"},{\"@type\":\"ListItem\",\"position\":2,\"name\":\"Boutique\",\"item\":\"https:\\\/\\\/www.minihorse.eu\\\/fr\\\/boutique\\\/\"},{\"@type\":\"ListItem\",\"position\":3,\"name\":\"Andis Ceramic Edge Coase cutter\"}]},{\"@type\":\"WebSite\",\"@id\":\"https:\\\/\\\/www.minihorse.eu\\\/#website\",\"url\":\"https:\\\/\\\/www.minihorse.eu\\\/\",\"name\":\"Minihorse.eu\",\"description\":\"The #1 store for Miniature Horses\",\"publisher\":{\"@id\":\"https:\\\/\\\/www.minihorse.eu\\\/#organization\"},\"potentialAction\":[{\"@type\":\"SearchAction\",\"target\":{\"@type\":\"EntryPoint\",\"urlTemplate\":\"https:\\\/\\\/www.minihorse.eu\\\/?s={search_term_string}\"},\"query-input\":{\"@type\":\"PropertyValueSpecification\",\"valueRequired\":true,\"valueName\":\"search_term_string\"}}],\"inLanguage\":\"fr-FR\"},{\"@type\":\"Organization\",\"@id\":\"https:\\\/\\\/www.minihorse.eu\\\/#organization\",\"name\":\"Minihorse.eu\",\"url\":\"https:\\\/\\\/www.minihorse.eu\\\/\",\"logo\":{\"@type\":\"ImageObject\",\"inLanguage\":\"fr-FR\",\"@id\":\"https:\\\/\\\/www.minihorse.eu\\\/#\\\/schema\\\/logo\\\/image\\\/\",\"url\":\"https:\\\/\\\/www.minihorse.eu\\\/wp-content\\\/uploads\\\/2024\\\/08\\\/Logo-minihorse-ext.png\",\"contentUrl\":\"https:\\\/\\\/www.minihorse.eu\\\/wp-content\\\/uploads\\\/2024\\\/08\\\/Logo-minihorse-ext.png\",\"width\":500,\"height\":500,\"caption\":\"Minihorse.eu\"},\"image\":{\"@id\":\"https:\\\/\\\/www.minihorse.eu\\\/#\\\/schema\\\/logo\\\/image\\\/\"},\"sameAs\":[\"https:\\\/\\\/www.facebook.com\\\/profile.php?id=100063487117479\"]}]}<\/script>\n<!-- \/ Yoast SEO plugin. -->","yoast_head_json":{"title":"Andis Ceramic Edge Coase cutter - Minihorse.eu","robots":{"index":"index","follow":"follow","max-snippet":"max-snippet:-1","max-image-preview":"max-image-preview:large","max-video-preview":"max-video-preview:-1"},"canonical":"https:\/\/www.minihorse.eu\/fr\/produit\/andis-ceramic-edge-coase-cutter\/","og_locale":"fr_FR","og_type":"article","og_title":"Andis Ceramic Edge Coase cutter - Minihorse.eu","og_description":"Andis Ceramic Edge Coase cutter est la lame c\u00e9ramique de remplacement qui s'adapte aux lames Andis amovibles A5 et vous permet de transformer facilement votre t\u00eate de rasoir ordinaire en une lame c\u00e9ramique. Le coupe-case est utilisable pour les lames no. 10, 15, 30.","og_url":"https:\/\/www.minihorse.eu\/fr\/produit\/andis-ceramic-edge-coase-cutter\/","og_site_name":"Minihorse.eu","article_publisher":"https:\/\/www.facebook.com\/profile.php?id=100063487117479","og_image":[{"width":432,"height":245,"url":"https:\/\/www.minihorse.eu\/wp-content\/uploads\/2025\/04\/ceramic-vervangmes-grof-a.jpg","type":"image\/jpeg"}],"twitter_card":"summary_large_image","schema":{"@context":"https:\/\/schema.org","@graph":[{"@type":"WebPage","@id":"https:\/\/www.minihorse.eu\/fr\/produit\/andis-ceramic-edge-coase-cutter\/","url":"https:\/\/www.minihorse.eu\/fr\/produit\/andis-ceramic-edge-coase-cutter\/","name":"Andis Ceramic Edge Coase cutter - Minihorse.eu","isPartOf":{"@id":"https:\/\/www.minihorse.eu\/#website"},"primaryImageOfPage":{"@id":"https:\/\/www.minihorse.eu\/fr\/produit\/andis-ceramic-edge-coase-cutter\/#primaryimage"},"image":{"@id":"https:\/\/www.minihorse.eu\/fr\/produit\/andis-ceramic-edge-coase-cutter\/#primaryimage"},"thumbnailUrl":"https:\/\/www.minihorse.eu\/wp-content\/uploads\/2025\/04\/ceramic-vervangmes-grof-a.jpg","datePublished":"2025-04-16T12:27:35+00:00","breadcrumb":{"@id":"https:\/\/www.minihorse.eu\/fr\/produit\/andis-ceramic-edge-coase-cutter\/#breadcrumb"},"inLanguage":"fr-FR","potentialAction":[{"@type":"ReadAction","target":["https:\/\/www.minihorse.eu\/fr\/produit\/andis-ceramic-edge-coase-cutter\/"]}]},{"@type":"ImageObject","inLanguage":"fr-FR","@id":"https:\/\/www.minihorse.eu\/fr\/produit\/andis-ceramic-edge-coase-cutter\/#primaryimage","url":"https:\/\/www.minihorse.eu\/wp-content\/uploads\/2025\/04\/ceramic-vervangmes-grof-a.jpg","contentUrl":"https:\/\/www.minihorse.eu\/wp-content\/uploads\/2025\/04\/ceramic-vervangmes-grof-a.jpg","width":432,"height":245},{"@type":"BreadcrumbList","@id":"https:\/\/www.minihorse.eu\/fr\/produit\/andis-ceramic-edge-coase-cutter\/#breadcrumb","itemListElement":[{"@type":"ListItem","position":1,"name":"Home","item":"https:\/\/www.minihorse.eu\/fr\/accueil\/"},{"@type":"ListItem","position":2,"name":"Boutique","item":"https:\/\/www.minihorse.eu\/fr\/boutique\/"},{"@type":"ListItem","position":3,"name":"Andis Ceramic Edge Coase cutter"}]},{"@type":"WebSite","@id":"https:\/\/www.minihorse.eu\/#website","url":"https:\/\/www.minihorse.eu\/","name":"Minihorse.eu","description":"The #1 store for Miniature Horses","publisher":{"@id":"https:\/\/www.minihorse.eu\/#organization"},"potentialAction":[{"@type":"SearchAction","target":{"@type":"EntryPoint","urlTemplate":"https:\/\/www.minihorse.eu\/?s={search_term_string}"},"query-input":{"@type":"PropertyValueSpecification","valueRequired":true,"valueName":"search_term_string"}}],"inLanguage":"fr-FR"},{"@type":"Organization","@id":"https:\/\/www.minihorse.eu\/#organization","name":"Minihorse.eu","url":"https:\/\/www.minihorse.eu\/","logo":{"@type":"ImageObject","inLanguage":"fr-FR","@id":"https:\/\/www.minihorse.eu\/#\/schema\/logo\/image\/","url":"https:\/\/www.minihorse.eu\/wp-content\/uploads\/2024\/08\/Logo-minihorse-ext.png","contentUrl":"https:\/\/www.minihorse.eu\/wp-content\/uploads\/2024\/08\/Logo-minihorse-ext.png","width":500,"height":500,"caption":"Minihorse.eu"},"image":{"@id":"https:\/\/www.minihorse.eu\/#\/schema\/logo\/image\/"},"sameAs":["https:\/\/www.facebook.com\/profile.php?id=100063487117479"]}]}},"jetpack_sharing_enabled":true,"_links":{"self":[{"href":"https:\/\/www.minihorse.eu\/fr\/wp-json\/wp\/v2\/product\/9338","targetHints":{"allow":["GET"]}}],"collection":[{"href":"https:\/\/www.minihorse.eu\/fr\/wp-json\/wp\/v2\/product"}],"about":[{"href":"https:\/\/www.minihorse.eu\/fr\/wp-json\/wp\/v2\/types\/product"}],"replies":[{"embeddable":true,"href":"https:\/\/www.minihorse.eu\/fr\/wp-json\/wp\/v2\/comments?post=9338"}],"wp:featuredmedia":[{"embeddable":true,"href":"https:\/\/www.minihorse.eu\/fr\/wp-json\/wp\/v2\/media\/9336"}],"wp:attachment":[{"href":"https:\/\/www.minihorse.eu\/fr\/wp-json\/wp\/v2\/media?parent=9338"}],"wp:term":[{"taxonomy":"product_brand","embeddable":true,"href":"https:\/\/www.minihorse.eu\/fr\/wp-json\/wp\/v2\/product_brand?post=9338"},{"taxonomy":"product_cat","embeddable":true,"href":"https:\/\/www.minihorse.eu\/fr\/wp-json\/wp\/v2\/product_cat?post=9338"},{"taxonomy":"product_tag","embeddable":true,"href":"https:\/\/www.minihorse.eu\/fr\/wp-json\/wp\/v2\/product_tag?post=9338"}],"curies":[{"name":"wp","href":"https:\/\/api.w.org\/{rel}","templated":true}]}}