{"id":9401,"date":"2025-04-22T22:22:06","date_gmt":"2025-04-22T22:22:06","guid":{"rendered":"https:\/\/www.minihorse.eu\/product\/andis-rasoirs-valise-de-stockage\/"},"modified":"2025-11-02T21:37:27","modified_gmt":"2025-11-02T21:37:27","slug":"andis-rasoirs-valise-de-stockage","status":"publish","type":"product","link":"https:\/\/www.minihorse.eu\/fr\/produit\/andis-rasoirs-valise-de-stockage\/","title":{"rendered":"Andis Rasoirs Valise de Stockage"},"content":{"rendered":"<p>Gr\u00e2ce \u00e0 la valise de stockage Andis, vous pouvez organiser soigneusement et ranger en toute s\u00e9curit\u00e9 toutes vos t\u00eates de rasage. Vous pouvez ranger jusqu&rsquo;\u00e0 12 t\u00eates de rasage dans cette bo\u00eete solide avec des compartiments pr\u00e9form\u00e9s.<br \/>\nDimensions : 25 cm x 25 cm x 7 cm<br \/>\nConvient aux t\u00eates de rasage Andis\/Moser\/Oster\/Wahl\/Furezone et \u00e0 notre marque maison. Ne convient pas aux t\u00eates de rasage larges.  <\/p>\n","protected":false},"excerpt":{"rendered":"<p>Gr\u00e2ce \u00e0 la valise de stockage Andis, vous pouvez organiser soigneusement et ranger en toute s\u00e9curit\u00e9 toutes vos t\u00eates de rasage. Vous pouvez ranger jusqu&rsquo;\u00e0 12 t\u00eates de rasage dans cette bo\u00eete solide avec des compartiments pr\u00e9form\u00e9s.<br \/>\nDimensions : 25 cm x 25 cm x 7 cm<br \/>\nConvient aux t\u00eates de rasage Andis\/Moser\/Oster\/Wahl\/Furezone et \u00e0 notre marque maison. Ne convient pas aux t\u00eates de rasage larges.  <\/p>\n","protected":false},"featured_media":9376,"comment_status":"open","ping_status":"closed","template":"","meta":[],"product_brand":[],"product_cat":[889],"product_tag":[1135,1136,1137],"class_list":{"0":"post-9401","1":"product","2":"type-product","3":"status-publish","4":"has-post-thumbnail","6":"product_cat-peignes","7":"product_tag-andis-rasoirs","8":"product_tag-sac-de-stockage-fr","9":"product_tag-valise-de-stockage","11":"first","12":"instock","13":"taxable","14":"shipping-taxable","15":"purchasable","16":"product-type-simple"},"yoast_head":"<!-- This site is optimized with the Yoast SEO plugin v27.6 - https:\/\/yoast.com\/product\/yoast-seo-wordpress\/ -->\n<title>Andis Rasoirs Valise de Stockage - Minihorse.eu<\/title>\n<meta name=\"robots\" content=\"index, follow, max-snippet:-1, max-image-preview:large, max-video-preview:-1\" \/>\n<link rel=\"canonical\" href=\"https:\/\/www.minihorse.eu\/produit\/andis-blade-storage-case\/\" \/>\n<meta property=\"og:locale\" content=\"fr_FR\" \/>\n<meta property=\"og:type\" content=\"article\" \/>\n<meta property=\"og:title\" content=\"Andis Rasoirs Valise de Stockage - Minihorse.eu\" \/>\n<meta property=\"og:description\" content=\"Gr\u00e2ce \u00e0 la valise de stockage Andis, vous pouvez organiser soigneusement et ranger en toute s\u00e9curit\u00e9 toutes vos t\u00eates de rasage. Vous pouvez ranger jusqu&#039;\u00e0 12 t\u00eates de rasage dans cette bo\u00eete solide avec des compartiments pr\u00e9form\u00e9s. Dimensions : 25 cm x 25 cm x 7 cm Convient aux t\u00eates de rasage Andis\/Moser\/Oster\/Wahl\/Furezone et \u00e0 notre marque maison. Ne convient pas aux t\u00eates de rasage larges.\" \/>\n<meta property=\"og:url\" content=\"https:\/\/www.minihorse.eu\/produit\/andis-blade-storage-case\/\" \/>\n<meta property=\"og:site_name\" content=\"Minihorse.eu\" \/>\n<meta property=\"article:publisher\" content=\"https:\/\/www.facebook.com\/profile.php?id=100063487117479\" \/>\n<meta property=\"article:modified_time\" content=\"2025-11-02T21:37:27+00:00\" \/>\n<meta property=\"og:image\" content=\"https:\/\/www.minihorse.eu\/wp-content\/uploads\/2025\/04\/Opbergkoffer-scheerkoppen-Andis-B.jpg\" \/>\n\t<meta property=\"og:image:width\" content=\"205\" \/>\n\t<meta property=\"og:image:height\" content=\"288\" \/>\n\t<meta property=\"og:image:type\" content=\"image\/jpeg\" \/>\n<meta name=\"twitter:card\" content=\"summary_large_image\" \/>\n<script type=\"application\/ld+json\" class=\"yoast-schema-graph\">{\"@context\":\"https:\\\/\\\/schema.org\",\"@graph\":[{\"@type\":\"WebPage\",\"@id\":\"https:\\\/\\\/www.minihorse.eu\\\/produit\\\/andis-blade-storage-case\\\/\",\"url\":\"https:\\\/\\\/www.minihorse.eu\\\/produit\\\/andis-blade-storage-case\\\/\",\"name\":\"Andis Rasoirs Valise de Stockage - Minihorse.eu\",\"isPartOf\":{\"@id\":\"https:\\\/\\\/www.minihorse.eu\\\/#website\"},\"primaryImageOfPage\":{\"@id\":\"https:\\\/\\\/www.minihorse.eu\\\/produit\\\/andis-blade-storage-case\\\/#primaryimage\"},\"image\":{\"@id\":\"https:\\\/\\\/www.minihorse.eu\\\/produit\\\/andis-blade-storage-case\\\/#primaryimage\"},\"thumbnailUrl\":\"https:\\\/\\\/www.minihorse.eu\\\/wp-content\\\/uploads\\\/2025\\\/04\\\/Opbergkoffer-scheerkoppen-Andis-B.jpg\",\"datePublished\":\"2025-04-22T22:22:06+00:00\",\"dateModified\":\"2025-11-02T21:37:27+00:00\",\"breadcrumb\":{\"@id\":\"https:\\\/\\\/www.minihorse.eu\\\/produit\\\/andis-blade-storage-case\\\/#breadcrumb\"},\"inLanguage\":\"fr-FR\",\"potentialAction\":[{\"@type\":\"ReadAction\",\"target\":[\"https:\\\/\\\/www.minihorse.eu\\\/produit\\\/andis-blade-storage-case\\\/\"]}]},{\"@type\":\"ImageObject\",\"inLanguage\":\"fr-FR\",\"@id\":\"https:\\\/\\\/www.minihorse.eu\\\/produit\\\/andis-blade-storage-case\\\/#primaryimage\",\"url\":\"https:\\\/\\\/www.minihorse.eu\\\/wp-content\\\/uploads\\\/2025\\\/04\\\/Opbergkoffer-scheerkoppen-Andis-B.jpg\",\"contentUrl\":\"https:\\\/\\\/www.minihorse.eu\\\/wp-content\\\/uploads\\\/2025\\\/04\\\/Opbergkoffer-scheerkoppen-Andis-B.jpg\",\"width\":205,\"height\":288},{\"@type\":\"BreadcrumbList\",\"@id\":\"https:\\\/\\\/www.minihorse.eu\\\/produit\\\/andis-blade-storage-case\\\/#breadcrumb\",\"itemListElement\":[{\"@type\":\"ListItem\",\"position\":1,\"name\":\"Home\",\"item\":\"https:\\\/\\\/www.minihorse.eu\\\/fr\\\/accueil\\\/\"},{\"@type\":\"ListItem\",\"position\":2,\"name\":\"Boutique\",\"item\":\"https:\\\/\\\/www.minihorse.eu\\\/fr\\\/boutique\\\/\"},{\"@type\":\"ListItem\",\"position\":3,\"name\":\"Andis Rasoirs Valise de Stockage\"}]},{\"@type\":\"WebSite\",\"@id\":\"https:\\\/\\\/www.minihorse.eu\\\/#website\",\"url\":\"https:\\\/\\\/www.minihorse.eu\\\/\",\"name\":\"Minihorse.eu\",\"description\":\"The #1 store for Miniature Horses\",\"publisher\":{\"@id\":\"https:\\\/\\\/www.minihorse.eu\\\/#organization\"},\"potentialAction\":[{\"@type\":\"SearchAction\",\"target\":{\"@type\":\"EntryPoint\",\"urlTemplate\":\"https:\\\/\\\/www.minihorse.eu\\\/?s={search_term_string}\"},\"query-input\":{\"@type\":\"PropertyValueSpecification\",\"valueRequired\":true,\"valueName\":\"search_term_string\"}}],\"inLanguage\":\"fr-FR\"},{\"@type\":\"Organization\",\"@id\":\"https:\\\/\\\/www.minihorse.eu\\\/#organization\",\"name\":\"Minihorse.eu\",\"url\":\"https:\\\/\\\/www.minihorse.eu\\\/\",\"logo\":{\"@type\":\"ImageObject\",\"inLanguage\":\"fr-FR\",\"@id\":\"https:\\\/\\\/www.minihorse.eu\\\/#\\\/schema\\\/logo\\\/image\\\/\",\"url\":\"https:\\\/\\\/www.minihorse.eu\\\/wp-content\\\/uploads\\\/2024\\\/08\\\/Logo-minihorse-ext.png\",\"contentUrl\":\"https:\\\/\\\/www.minihorse.eu\\\/wp-content\\\/uploads\\\/2024\\\/08\\\/Logo-minihorse-ext.png\",\"width\":500,\"height\":500,\"caption\":\"Minihorse.eu\"},\"image\":{\"@id\":\"https:\\\/\\\/www.minihorse.eu\\\/#\\\/schema\\\/logo\\\/image\\\/\"},\"sameAs\":[\"https:\\\/\\\/www.facebook.com\\\/profile.php?id=100063487117479\"]}]}<\/script>\n<!-- \/ Yoast SEO plugin. -->","yoast_head_json":{"title":"Andis Rasoirs Valise de Stockage - Minihorse.eu","robots":{"index":"index","follow":"follow","max-snippet":"max-snippet:-1","max-image-preview":"max-image-preview:large","max-video-preview":"max-video-preview:-1"},"canonical":"https:\/\/www.minihorse.eu\/produit\/andis-blade-storage-case\/","og_locale":"fr_FR","og_type":"article","og_title":"Andis Rasoirs Valise de Stockage - Minihorse.eu","og_description":"Gr\u00e2ce \u00e0 la valise de stockage Andis, vous pouvez organiser soigneusement et ranger en toute s\u00e9curit\u00e9 toutes vos t\u00eates de rasage. Vous pouvez ranger jusqu'\u00e0 12 t\u00eates de rasage dans cette bo\u00eete solide avec des compartiments pr\u00e9form\u00e9s. Dimensions : 25 cm x 25 cm x 7 cm Convient aux t\u00eates de rasage Andis\/Moser\/Oster\/Wahl\/Furezone et \u00e0 notre marque maison. Ne convient pas aux t\u00eates de rasage larges.","og_url":"https:\/\/www.minihorse.eu\/produit\/andis-blade-storage-case\/","og_site_name":"Minihorse.eu","article_publisher":"https:\/\/www.facebook.com\/profile.php?id=100063487117479","article_modified_time":"2025-11-02T21:37:27+00:00","og_image":[{"width":205,"height":288,"url":"https:\/\/www.minihorse.eu\/wp-content\/uploads\/2025\/04\/Opbergkoffer-scheerkoppen-Andis-B.jpg","type":"image\/jpeg"}],"twitter_card":"summary_large_image","schema":{"@context":"https:\/\/schema.org","@graph":[{"@type":"WebPage","@id":"https:\/\/www.minihorse.eu\/produit\/andis-blade-storage-case\/","url":"https:\/\/www.minihorse.eu\/produit\/andis-blade-storage-case\/","name":"Andis Rasoirs Valise de Stockage - Minihorse.eu","isPartOf":{"@id":"https:\/\/www.minihorse.eu\/#website"},"primaryImageOfPage":{"@id":"https:\/\/www.minihorse.eu\/produit\/andis-blade-storage-case\/#primaryimage"},"image":{"@id":"https:\/\/www.minihorse.eu\/produit\/andis-blade-storage-case\/#primaryimage"},"thumbnailUrl":"https:\/\/www.minihorse.eu\/wp-content\/uploads\/2025\/04\/Opbergkoffer-scheerkoppen-Andis-B.jpg","datePublished":"2025-04-22T22:22:06+00:00","dateModified":"2025-11-02T21:37:27+00:00","breadcrumb":{"@id":"https:\/\/www.minihorse.eu\/produit\/andis-blade-storage-case\/#breadcrumb"},"inLanguage":"fr-FR","potentialAction":[{"@type":"ReadAction","target":["https:\/\/www.minihorse.eu\/produit\/andis-blade-storage-case\/"]}]},{"@type":"ImageObject","inLanguage":"fr-FR","@id":"https:\/\/www.minihorse.eu\/produit\/andis-blade-storage-case\/#primaryimage","url":"https:\/\/www.minihorse.eu\/wp-content\/uploads\/2025\/04\/Opbergkoffer-scheerkoppen-Andis-B.jpg","contentUrl":"https:\/\/www.minihorse.eu\/wp-content\/uploads\/2025\/04\/Opbergkoffer-scheerkoppen-Andis-B.jpg","width":205,"height":288},{"@type":"BreadcrumbList","@id":"https:\/\/www.minihorse.eu\/produit\/andis-blade-storage-case\/#breadcrumb","itemListElement":[{"@type":"ListItem","position":1,"name":"Home","item":"https:\/\/www.minihorse.eu\/fr\/accueil\/"},{"@type":"ListItem","position":2,"name":"Boutique","item":"https:\/\/www.minihorse.eu\/fr\/boutique\/"},{"@type":"ListItem","position":3,"name":"Andis Rasoirs Valise de Stockage"}]},{"@type":"WebSite","@id":"https:\/\/www.minihorse.eu\/#website","url":"https:\/\/www.minihorse.eu\/","name":"Minihorse.eu","description":"The #1 store for Miniature Horses","publisher":{"@id":"https:\/\/www.minihorse.eu\/#organization"},"potentialAction":[{"@type":"SearchAction","target":{"@type":"EntryPoint","urlTemplate":"https:\/\/www.minihorse.eu\/?s={search_term_string}"},"query-input":{"@type":"PropertyValueSpecification","valueRequired":true,"valueName":"search_term_string"}}],"inLanguage":"fr-FR"},{"@type":"Organization","@id":"https:\/\/www.minihorse.eu\/#organization","name":"Minihorse.eu","url":"https:\/\/www.minihorse.eu\/","logo":{"@type":"ImageObject","inLanguage":"fr-FR","@id":"https:\/\/www.minihorse.eu\/#\/schema\/logo\/image\/","url":"https:\/\/www.minihorse.eu\/wp-content\/uploads\/2024\/08\/Logo-minihorse-ext.png","contentUrl":"https:\/\/www.minihorse.eu\/wp-content\/uploads\/2024\/08\/Logo-minihorse-ext.png","width":500,"height":500,"caption":"Minihorse.eu"},"image":{"@id":"https:\/\/www.minihorse.eu\/#\/schema\/logo\/image\/"},"sameAs":["https:\/\/www.facebook.com\/profile.php?id=100063487117479"]}]}},"jetpack_sharing_enabled":true,"_links":{"self":[{"href":"https:\/\/www.minihorse.eu\/fr\/wp-json\/wp\/v2\/product\/9401","targetHints":{"allow":["GET"]}}],"collection":[{"href":"https:\/\/www.minihorse.eu\/fr\/wp-json\/wp\/v2\/product"}],"about":[{"href":"https:\/\/www.minihorse.eu\/fr\/wp-json\/wp\/v2\/types\/product"}],"replies":[{"embeddable":true,"href":"https:\/\/www.minihorse.eu\/fr\/wp-json\/wp\/v2\/comments?post=9401"}],"wp:featuredmedia":[{"embeddable":true,"href":"https:\/\/www.minihorse.eu\/fr\/wp-json\/wp\/v2\/media\/9376"}],"wp:attachment":[{"href":"https:\/\/www.minihorse.eu\/fr\/wp-json\/wp\/v2\/media?parent=9401"}],"wp:term":[{"taxonomy":"product_brand","embeddable":true,"href":"https:\/\/www.minihorse.eu\/fr\/wp-json\/wp\/v2\/product_brand?post=9401"},{"taxonomy":"product_cat","embeddable":true,"href":"https:\/\/www.minihorse.eu\/fr\/wp-json\/wp\/v2\/product_cat?post=9401"},{"taxonomy":"product_tag","embeddable":true,"href":"https:\/\/www.minihorse.eu\/fr\/wp-json\/wp\/v2\/product_tag?post=9401"}],"curies":[{"name":"wp","href":"https:\/\/api.w.org\/{rel}","templated":true}]}}