{"id":9454,"date":"2025-04-28T15:48:41","date_gmt":"2025-04-28T15:48:41","guid":{"rendered":"https:\/\/www.minihorse.eu\/product\/masque-anti-mouches-pour-les-chevaux-miniatures\/"},"modified":"2026-03-06T16:38:40","modified_gmt":"2026-03-06T16:38:40","slug":"masque-anti-mouches-pour-les-chevaux-miniatures","status":"publish","type":"product","link":"https:\/\/www.minihorse.eu\/fr\/produit\/masque-anti-mouches-pour-les-chevaux-miniatures\/","title":{"rendered":"Masque anti-mouches pour les chevaux miniatures"},"content":{"rendered":"<p><strong>Le masque anti-mouches<\/strong> est sp\u00e9cialement con\u00e7u pour <strong>les chevaux miniatures. <\/strong>Il est fabriqu\u00e9 en tissu noir r\u00e9sistant et respirant qui offre une protection optimale contre les mouches, les moustiques et autres insectes, tout en assurant une ventilation suffisante.<br \/>\nLe masque est largement r\u00e9glable gr\u00e2ce \u00e0 deux solides fermetures Velcro : l&rsquo;une sous la gorge et l&rsquo;autre derri\u00e8re les oreilles, de sorte qu&rsquo;il reste bien en place, m\u00eame pendant le p\u00e2turage ou les jeux. Gr\u00e2ce \u00e0 la finition en polaire douce sur les bords, le masque est confortable et \u00e9vite les frottements ou les irritations de la peau sensible du cheval. Convient pour<br \/>\nCaract\u00e9ristiques :<br \/>\n&#8211; Fabriqu\u00e9 en maille noire durable et respirante<br \/>\n&#8211; Deux fermetures Velcro r\u00e9glables pour un ajustement parfait<br \/>\n&#8211; L\u00e9ger et confortable<br \/>\n&#8211; Id\u00e9al pour une utilisation quotidienne pendant la saison des mouches<br \/>&#8211; Sp\u00e9cialement con\u00e7u pour les chevaux miniatures adultes et d&rsquo;un an, et pour les mini-shetlanders.  <\/p>\n","protected":false},"excerpt":{"rendered":"<p><strong>Le masque anti-mouches pour chevaux miniatures <\/strong>est fabriqu\u00e9 en maille noire r\u00e9sistante et respirante et prot\u00e8ge contre les mouches et autres insectes. Gr\u00e2ce \u00e0 deux fermetures Velcro r\u00e9glables, le masque reste fermement et confortablement en place. La finition en polaire douce \u00e9vite les frottements et l&rsquo;irritation des peaux sensibles.  <\/p>\n","protected":false},"featured_media":9435,"comment_status":"open","ping_status":"closed","template":"","meta":[],"product_brand":[],"product_cat":[427,182],"product_tag":[1143,1142],"class_list":{"0":"post-9454","1":"product","2":"type-product","3":"status-publish","4":"has-post-thumbnail","6":"product_cat-couvertures-dete","7":"product_cat-protections-mouches","8":"product_tag-masque-anti-mouches","9":"product_tag-masque-anti-mouches-cheval-miniature","11":"first","12":"instock","13":"taxable","14":"shipping-taxable","15":"purchasable","16":"product-type-simple"},"yoast_head":"<!-- This site is optimized with the Yoast SEO plugin v27.5 - https:\/\/yoast.com\/product\/yoast-seo-wordpress\/ -->\n<title>Masque anti-mouches pour les chevaux miniatures - Minihorse.eu<\/title>\n<meta name=\"robots\" content=\"index, follow, max-snippet:-1, max-image-preview:large, max-video-preview:-1\" \/>\n<link rel=\"canonical\" href=\"https:\/\/www.minihorse.eu\/fr\/produit\/masque-anti-mouches-pour-les-chevaux-miniatures\/\" \/>\n<meta property=\"og:locale\" content=\"fr_FR\" \/>\n<meta property=\"og:type\" content=\"article\" \/>\n<meta property=\"og:title\" content=\"Masque anti-mouches pour les chevaux miniatures - Minihorse.eu\" \/>\n<meta property=\"og:description\" content=\"Le masque anti-mouches pour chevaux miniatures est fabriqu\u00e9 en maille noire r\u00e9sistante et respirante et prot\u00e8ge contre les mouches et autres insectes. Gr\u00e2ce \u00e0 deux fermetures Velcro r\u00e9glables, le masque reste fermement et confortablement en place. La finition en polaire douce \u00e9vite les frottements et l&#039;irritation des peaux sensibles.\" \/>\n<meta property=\"og:url\" content=\"https:\/\/www.minihorse.eu\/fr\/produit\/masque-anti-mouches-pour-les-chevaux-miniatures\/\" \/>\n<meta property=\"og:site_name\" content=\"Minihorse.eu\" \/>\n<meta property=\"article:publisher\" content=\"https:\/\/www.facebook.com\/profile.php?id=100063487117479\" \/>\n<meta property=\"article:modified_time\" content=\"2026-03-06T16:38:40+00:00\" \/>\n<meta property=\"og:image\" content=\"https:\/\/www.minihorse.eu\/wp-content\/uploads\/2025\/04\/Fly-mask-2.jpg\" \/>\n\t<meta property=\"og:image:width\" content=\"600\" \/>\n\t<meta property=\"og:image:height\" content=\"600\" \/>\n\t<meta property=\"og:image:type\" content=\"image\/jpeg\" \/>\n<meta name=\"twitter:card\" content=\"summary_large_image\" \/>\n<meta name=\"twitter:label1\" content=\"Dur\u00e9e de lecture estim\u00e9e\" \/>\n\t<meta name=\"twitter:data1\" content=\"1 minute\" \/>\n<script type=\"application\/ld+json\" class=\"yoast-schema-graph\">{\"@context\":\"https:\\\/\\\/schema.org\",\"@graph\":[{\"@type\":\"WebPage\",\"@id\":\"https:\\\/\\\/www.minihorse.eu\\\/fr\\\/produit\\\/masque-anti-mouches-pour-les-chevaux-miniatures\\\/\",\"url\":\"https:\\\/\\\/www.minihorse.eu\\\/fr\\\/produit\\\/masque-anti-mouches-pour-les-chevaux-miniatures\\\/\",\"name\":\"Masque anti-mouches pour les chevaux miniatures - Minihorse.eu\",\"isPartOf\":{\"@id\":\"https:\\\/\\\/www.minihorse.eu\\\/#website\"},\"primaryImageOfPage\":{\"@id\":\"https:\\\/\\\/www.minihorse.eu\\\/fr\\\/produit\\\/masque-anti-mouches-pour-les-chevaux-miniatures\\\/#primaryimage\"},\"image\":{\"@id\":\"https:\\\/\\\/www.minihorse.eu\\\/fr\\\/produit\\\/masque-anti-mouches-pour-les-chevaux-miniatures\\\/#primaryimage\"},\"thumbnailUrl\":\"https:\\\/\\\/www.minihorse.eu\\\/wp-content\\\/uploads\\\/2025\\\/04\\\/Fly-mask-2.jpg\",\"datePublished\":\"2025-04-28T15:48:41+00:00\",\"dateModified\":\"2026-03-06T16:38:40+00:00\",\"breadcrumb\":{\"@id\":\"https:\\\/\\\/www.minihorse.eu\\\/fr\\\/produit\\\/masque-anti-mouches-pour-les-chevaux-miniatures\\\/#breadcrumb\"},\"inLanguage\":\"fr-FR\",\"potentialAction\":[{\"@type\":\"ReadAction\",\"target\":[\"https:\\\/\\\/www.minihorse.eu\\\/fr\\\/produit\\\/masque-anti-mouches-pour-les-chevaux-miniatures\\\/\"]}]},{\"@type\":\"ImageObject\",\"inLanguage\":\"fr-FR\",\"@id\":\"https:\\\/\\\/www.minihorse.eu\\\/fr\\\/produit\\\/masque-anti-mouches-pour-les-chevaux-miniatures\\\/#primaryimage\",\"url\":\"https:\\\/\\\/www.minihorse.eu\\\/wp-content\\\/uploads\\\/2025\\\/04\\\/Fly-mask-2.jpg\",\"contentUrl\":\"https:\\\/\\\/www.minihorse.eu\\\/wp-content\\\/uploads\\\/2025\\\/04\\\/Fly-mask-2.jpg\",\"width\":600,\"height\":600},{\"@type\":\"BreadcrumbList\",\"@id\":\"https:\\\/\\\/www.minihorse.eu\\\/fr\\\/produit\\\/masque-anti-mouches-pour-les-chevaux-miniatures\\\/#breadcrumb\",\"itemListElement\":[{\"@type\":\"ListItem\",\"position\":1,\"name\":\"Home\",\"item\":\"https:\\\/\\\/www.minihorse.eu\\\/fr\\\/accueil\\\/\"},{\"@type\":\"ListItem\",\"position\":2,\"name\":\"Boutique\",\"item\":\"https:\\\/\\\/www.minihorse.eu\\\/fr\\\/boutique\\\/\"},{\"@type\":\"ListItem\",\"position\":3,\"name\":\"Masque anti-mouches pour les chevaux miniatures\"}]},{\"@type\":\"WebSite\",\"@id\":\"https:\\\/\\\/www.minihorse.eu\\\/#website\",\"url\":\"https:\\\/\\\/www.minihorse.eu\\\/\",\"name\":\"Minihorse.eu\",\"description\":\"The #1 store for Miniature Horses\",\"publisher\":{\"@id\":\"https:\\\/\\\/www.minihorse.eu\\\/#organization\"},\"potentialAction\":[{\"@type\":\"SearchAction\",\"target\":{\"@type\":\"EntryPoint\",\"urlTemplate\":\"https:\\\/\\\/www.minihorse.eu\\\/?s={search_term_string}\"},\"query-input\":{\"@type\":\"PropertyValueSpecification\",\"valueRequired\":true,\"valueName\":\"search_term_string\"}}],\"inLanguage\":\"fr-FR\"},{\"@type\":\"Organization\",\"@id\":\"https:\\\/\\\/www.minihorse.eu\\\/#organization\",\"name\":\"Minihorse.eu\",\"url\":\"https:\\\/\\\/www.minihorse.eu\\\/\",\"logo\":{\"@type\":\"ImageObject\",\"inLanguage\":\"fr-FR\",\"@id\":\"https:\\\/\\\/www.minihorse.eu\\\/#\\\/schema\\\/logo\\\/image\\\/\",\"url\":\"https:\\\/\\\/www.minihorse.eu\\\/wp-content\\\/uploads\\\/2024\\\/08\\\/Logo-minihorse-ext.png\",\"contentUrl\":\"https:\\\/\\\/www.minihorse.eu\\\/wp-content\\\/uploads\\\/2024\\\/08\\\/Logo-minihorse-ext.png\",\"width\":500,\"height\":500,\"caption\":\"Minihorse.eu\"},\"image\":{\"@id\":\"https:\\\/\\\/www.minihorse.eu\\\/#\\\/schema\\\/logo\\\/image\\\/\"},\"sameAs\":[\"https:\\\/\\\/www.facebook.com\\\/profile.php?id=100063487117479\"]}]}<\/script>\n<!-- \/ Yoast SEO plugin. -->","yoast_head_json":{"title":"Masque anti-mouches pour les chevaux miniatures - Minihorse.eu","robots":{"index":"index","follow":"follow","max-snippet":"max-snippet:-1","max-image-preview":"max-image-preview:large","max-video-preview":"max-video-preview:-1"},"canonical":"https:\/\/www.minihorse.eu\/fr\/produit\/masque-anti-mouches-pour-les-chevaux-miniatures\/","og_locale":"fr_FR","og_type":"article","og_title":"Masque anti-mouches pour les chevaux miniatures - Minihorse.eu","og_description":"Le masque anti-mouches pour chevaux miniatures est fabriqu\u00e9 en maille noire r\u00e9sistante et respirante et prot\u00e8ge contre les mouches et autres insectes. Gr\u00e2ce \u00e0 deux fermetures Velcro r\u00e9glables, le masque reste fermement et confortablement en place. La finition en polaire douce \u00e9vite les frottements et l'irritation des peaux sensibles.","og_url":"https:\/\/www.minihorse.eu\/fr\/produit\/masque-anti-mouches-pour-les-chevaux-miniatures\/","og_site_name":"Minihorse.eu","article_publisher":"https:\/\/www.facebook.com\/profile.php?id=100063487117479","article_modified_time":"2026-03-06T16:38:40+00:00","og_image":[{"width":600,"height":600,"url":"https:\/\/www.minihorse.eu\/wp-content\/uploads\/2025\/04\/Fly-mask-2.jpg","type":"image\/jpeg"}],"twitter_card":"summary_large_image","twitter_misc":{"Dur\u00e9e de lecture estim\u00e9e":"1 minute"},"schema":{"@context":"https:\/\/schema.org","@graph":[{"@type":"WebPage","@id":"https:\/\/www.minihorse.eu\/fr\/produit\/masque-anti-mouches-pour-les-chevaux-miniatures\/","url":"https:\/\/www.minihorse.eu\/fr\/produit\/masque-anti-mouches-pour-les-chevaux-miniatures\/","name":"Masque anti-mouches pour les chevaux miniatures - Minihorse.eu","isPartOf":{"@id":"https:\/\/www.minihorse.eu\/#website"},"primaryImageOfPage":{"@id":"https:\/\/www.minihorse.eu\/fr\/produit\/masque-anti-mouches-pour-les-chevaux-miniatures\/#primaryimage"},"image":{"@id":"https:\/\/www.minihorse.eu\/fr\/produit\/masque-anti-mouches-pour-les-chevaux-miniatures\/#primaryimage"},"thumbnailUrl":"https:\/\/www.minihorse.eu\/wp-content\/uploads\/2025\/04\/Fly-mask-2.jpg","datePublished":"2025-04-28T15:48:41+00:00","dateModified":"2026-03-06T16:38:40+00:00","breadcrumb":{"@id":"https:\/\/www.minihorse.eu\/fr\/produit\/masque-anti-mouches-pour-les-chevaux-miniatures\/#breadcrumb"},"inLanguage":"fr-FR","potentialAction":[{"@type":"ReadAction","target":["https:\/\/www.minihorse.eu\/fr\/produit\/masque-anti-mouches-pour-les-chevaux-miniatures\/"]}]},{"@type":"ImageObject","inLanguage":"fr-FR","@id":"https:\/\/www.minihorse.eu\/fr\/produit\/masque-anti-mouches-pour-les-chevaux-miniatures\/#primaryimage","url":"https:\/\/www.minihorse.eu\/wp-content\/uploads\/2025\/04\/Fly-mask-2.jpg","contentUrl":"https:\/\/www.minihorse.eu\/wp-content\/uploads\/2025\/04\/Fly-mask-2.jpg","width":600,"height":600},{"@type":"BreadcrumbList","@id":"https:\/\/www.minihorse.eu\/fr\/produit\/masque-anti-mouches-pour-les-chevaux-miniatures\/#breadcrumb","itemListElement":[{"@type":"ListItem","position":1,"name":"Home","item":"https:\/\/www.minihorse.eu\/fr\/accueil\/"},{"@type":"ListItem","position":2,"name":"Boutique","item":"https:\/\/www.minihorse.eu\/fr\/boutique\/"},{"@type":"ListItem","position":3,"name":"Masque anti-mouches pour les chevaux miniatures"}]},{"@type":"WebSite","@id":"https:\/\/www.minihorse.eu\/#website","url":"https:\/\/www.minihorse.eu\/","name":"Minihorse.eu","description":"The #1 store for Miniature Horses","publisher":{"@id":"https:\/\/www.minihorse.eu\/#organization"},"potentialAction":[{"@type":"SearchAction","target":{"@type":"EntryPoint","urlTemplate":"https:\/\/www.minihorse.eu\/?s={search_term_string}"},"query-input":{"@type":"PropertyValueSpecification","valueRequired":true,"valueName":"search_term_string"}}],"inLanguage":"fr-FR"},{"@type":"Organization","@id":"https:\/\/www.minihorse.eu\/#organization","name":"Minihorse.eu","url":"https:\/\/www.minihorse.eu\/","logo":{"@type":"ImageObject","inLanguage":"fr-FR","@id":"https:\/\/www.minihorse.eu\/#\/schema\/logo\/image\/","url":"https:\/\/www.minihorse.eu\/wp-content\/uploads\/2024\/08\/Logo-minihorse-ext.png","contentUrl":"https:\/\/www.minihorse.eu\/wp-content\/uploads\/2024\/08\/Logo-minihorse-ext.png","width":500,"height":500,"caption":"Minihorse.eu"},"image":{"@id":"https:\/\/www.minihorse.eu\/#\/schema\/logo\/image\/"},"sameAs":["https:\/\/www.facebook.com\/profile.php?id=100063487117479"]}]}},"jetpack_sharing_enabled":true,"_links":{"self":[{"href":"https:\/\/www.minihorse.eu\/fr\/wp-json\/wp\/v2\/product\/9454","targetHints":{"allow":["GET"]}}],"collection":[{"href":"https:\/\/www.minihorse.eu\/fr\/wp-json\/wp\/v2\/product"}],"about":[{"href":"https:\/\/www.minihorse.eu\/fr\/wp-json\/wp\/v2\/types\/product"}],"replies":[{"embeddable":true,"href":"https:\/\/www.minihorse.eu\/fr\/wp-json\/wp\/v2\/comments?post=9454"}],"wp:featuredmedia":[{"embeddable":true,"href":"https:\/\/www.minihorse.eu\/fr\/wp-json\/wp\/v2\/media\/9435"}],"wp:attachment":[{"href":"https:\/\/www.minihorse.eu\/fr\/wp-json\/wp\/v2\/media?parent=9454"}],"wp:term":[{"taxonomy":"product_brand","embeddable":true,"href":"https:\/\/www.minihorse.eu\/fr\/wp-json\/wp\/v2\/product_brand?post=9454"},{"taxonomy":"product_cat","embeddable":true,"href":"https:\/\/www.minihorse.eu\/fr\/wp-json\/wp\/v2\/product_cat?post=9454"},{"taxonomy":"product_tag","embeddable":true,"href":"https:\/\/www.minihorse.eu\/fr\/wp-json\/wp\/v2\/product_tag?post=9454"}],"curies":[{"name":"wp","href":"https:\/\/api.w.org\/{rel}","templated":true}]}}