{"id":9457,"date":"2025-04-29T09:13:11","date_gmt":"2025-04-29T09:13:11","guid":{"rendered":"https:\/\/www.minihorse.eu\/?post_type=product&#038;p=9457"},"modified":"2025-08-02T07:41:21","modified_gmt":"2025-08-02T07:41:21","slug":"masque-anti-mouches-avec-oreilles","status":"publish","type":"product","link":"https:\/\/www.minihorse.eu\/fr\/produit\/masque-anti-mouches-avec-oreilles\/","title":{"rendered":"Masque anti-mouches avec oreilles"},"content":{"rendered":"<p><strong data-start=\"52\" data-end=\"91\">Le masque anti-mouches avec oreilles<\/strong> pour cheval miniature couvre la t\u00eate et les oreilles d&rsquo;un cheval miniature et est fabriqu\u00e9 en tissu noir r\u00e9sistant et respirant. Il offre une protection optimale contre les mouches, les moustiques et autres insectes, tout en assurant une excellente ventilation. Les oreilles sont fabriqu\u00e9es en lycra doux pour prot\u00e9ger confortablement les zones sensibles.<br data-start=\"402\" data-end=\"405\" \/>Ce type de masque anti-mouches est id\u00e9al pour les chevaux miniatures pendant les mois d&rsquo;\u00e9t\u00e9, car il aide \u00e0 pr\u00e9venir les irritations, les inflammations et le stress caus\u00e9s par les insectes. Il convient particuli\u00e8rement aux chevaux miniatures adultes et aux shetlanders.<\/p>\n<p>&nbsp;<\/p>\n","protected":false},"excerpt":{"rendered":"<p class=\"\" data-start=\"72\" data-end=\"369\"><strong>Le masque anti-mouches avec oreilles<\/strong> pour chevaux miniatures est fabriqu\u00e9 en maille noire durable et respirante pour une protection optimale contre les insectes et une bonne ventilation. Les cache-oreilles en lycra souple prot\u00e8gent confortablement les oreilles sensibles. Id\u00e9al pour les mini-chevaux adultes et les shetlanders afin de pr\u00e9venir les irritations, les inflammations et le stress pendant l&rsquo;\u00e9t\u00e9.<\/p>\n","protected":false},"featured_media":9444,"comment_status":"open","ping_status":"closed","template":"","meta":[],"product_brand":[],"product_cat":[427,182],"product_tag":[1143,1142],"class_list":{"0":"post-9457","1":"product","2":"type-product","3":"status-publish","4":"has-post-thumbnail","6":"product_cat-couvertures-dete","7":"product_cat-protections-mouches","8":"product_tag-masque-anti-mouches","9":"product_tag-masque-anti-mouches-cheval-miniature","11":"first","12":"instock","13":"taxable","14":"shipping-taxable","15":"purchasable","16":"product-type-simple"},"yoast_head":"<!-- This site is optimized with the Yoast SEO plugin v27.5 - https:\/\/yoast.com\/product\/yoast-seo-wordpress\/ -->\n<title>Masque anti-mouches avec oreilles - Minihorse.eu<\/title>\n<meta name=\"robots\" content=\"index, follow, max-snippet:-1, max-image-preview:large, max-video-preview:-1\" \/>\n<link rel=\"canonical\" href=\"https:\/\/www.minihorse.eu\/produit\/fly-mask-with-ears-for-mini-horse\/\" \/>\n<meta property=\"og:locale\" content=\"fr_FR\" \/>\n<meta property=\"og:type\" content=\"article\" \/>\n<meta property=\"og:title\" content=\"Masque anti-mouches avec oreilles - Minihorse.eu\" \/>\n<meta property=\"og:description\" content=\"Le masque anti-mouches avec oreilles pour chevaux miniatures est fabriqu\u00e9 en maille noire durable et respirante pour une protection optimale contre les insectes et une bonne ventilation. Les cache-oreilles en lycra souple prot\u00e8gent confortablement les oreilles sensibles. Id\u00e9al pour les mini-chevaux adultes et les shetlanders afin de pr\u00e9venir les irritations, les inflammations et le stress pendant l&#039;\u00e9t\u00e9.\" \/>\n<meta property=\"og:url\" content=\"https:\/\/www.minihorse.eu\/produit\/fly-mask-with-ears-for-mini-horse\/\" \/>\n<meta property=\"og:site_name\" content=\"Minihorse.eu\" \/>\n<meta property=\"article:publisher\" content=\"https:\/\/www.facebook.com\/profile.php?id=100063487117479\" \/>\n<meta property=\"article:modified_time\" content=\"2025-08-02T07:41:21+00:00\" \/>\n<meta property=\"og:image\" content=\"https:\/\/www.minihorse.eu\/wp-content\/uploads\/2025\/04\/IMG_20240620_212227.jpg\" \/>\n\t<meta property=\"og:image:width\" content=\"600\" \/>\n\t<meta property=\"og:image:height\" content=\"600\" \/>\n\t<meta property=\"og:image:type\" content=\"image\/jpeg\" \/>\n<meta name=\"twitter:card\" content=\"summary_large_image\" \/>\n<meta name=\"twitter:label1\" content=\"Dur\u00e9e de lecture estim\u00e9e\" \/>\n\t<meta name=\"twitter:data1\" content=\"1 minute\" \/>\n<script type=\"application\/ld+json\" class=\"yoast-schema-graph\">{\"@context\":\"https:\\\/\\\/schema.org\",\"@graph\":[{\"@type\":\"WebPage\",\"@id\":\"https:\\\/\\\/www.minihorse.eu\\\/produit\\\/fly-mask-with-ears-for-mini-horse\\\/\",\"url\":\"https:\\\/\\\/www.minihorse.eu\\\/produit\\\/fly-mask-with-ears-for-mini-horse\\\/\",\"name\":\"Masque anti-mouches avec oreilles - Minihorse.eu\",\"isPartOf\":{\"@id\":\"https:\\\/\\\/www.minihorse.eu\\\/#website\"},\"primaryImageOfPage\":{\"@id\":\"https:\\\/\\\/www.minihorse.eu\\\/produit\\\/fly-mask-with-ears-for-mini-horse\\\/#primaryimage\"},\"image\":{\"@id\":\"https:\\\/\\\/www.minihorse.eu\\\/produit\\\/fly-mask-with-ears-for-mini-horse\\\/#primaryimage\"},\"thumbnailUrl\":\"https:\\\/\\\/www.minihorse.eu\\\/wp-content\\\/uploads\\\/2025\\\/04\\\/IMG_20240620_212227.jpg\",\"datePublished\":\"2025-04-29T09:13:11+00:00\",\"dateModified\":\"2025-08-02T07:41:21+00:00\",\"breadcrumb\":{\"@id\":\"https:\\\/\\\/www.minihorse.eu\\\/produit\\\/fly-mask-with-ears-for-mini-horse\\\/#breadcrumb\"},\"inLanguage\":\"fr-FR\",\"potentialAction\":[{\"@type\":\"ReadAction\",\"target\":[\"https:\\\/\\\/www.minihorse.eu\\\/produit\\\/fly-mask-with-ears-for-mini-horse\\\/\"]}]},{\"@type\":\"ImageObject\",\"inLanguage\":\"fr-FR\",\"@id\":\"https:\\\/\\\/www.minihorse.eu\\\/produit\\\/fly-mask-with-ears-for-mini-horse\\\/#primaryimage\",\"url\":\"https:\\\/\\\/www.minihorse.eu\\\/wp-content\\\/uploads\\\/2025\\\/04\\\/IMG_20240620_212227.jpg\",\"contentUrl\":\"https:\\\/\\\/www.minihorse.eu\\\/wp-content\\\/uploads\\\/2025\\\/04\\\/IMG_20240620_212227.jpg\",\"width\":600,\"height\":600},{\"@type\":\"BreadcrumbList\",\"@id\":\"https:\\\/\\\/www.minihorse.eu\\\/produit\\\/fly-mask-with-ears-for-mini-horse\\\/#breadcrumb\",\"itemListElement\":[{\"@type\":\"ListItem\",\"position\":1,\"name\":\"Home\",\"item\":\"https:\\\/\\\/www.minihorse.eu\\\/fr\\\/accueil\\\/\"},{\"@type\":\"ListItem\",\"position\":2,\"name\":\"Boutique\",\"item\":\"https:\\\/\\\/www.minihorse.eu\\\/fr\\\/boutique\\\/\"},{\"@type\":\"ListItem\",\"position\":3,\"name\":\"Masque anti-mouches avec oreilles\"}]},{\"@type\":\"WebSite\",\"@id\":\"https:\\\/\\\/www.minihorse.eu\\\/#website\",\"url\":\"https:\\\/\\\/www.minihorse.eu\\\/\",\"name\":\"Minihorse.eu\",\"description\":\"The #1 store for Miniature Horses\",\"publisher\":{\"@id\":\"https:\\\/\\\/www.minihorse.eu\\\/#organization\"},\"potentialAction\":[{\"@type\":\"SearchAction\",\"target\":{\"@type\":\"EntryPoint\",\"urlTemplate\":\"https:\\\/\\\/www.minihorse.eu\\\/?s={search_term_string}\"},\"query-input\":{\"@type\":\"PropertyValueSpecification\",\"valueRequired\":true,\"valueName\":\"search_term_string\"}}],\"inLanguage\":\"fr-FR\"},{\"@type\":\"Organization\",\"@id\":\"https:\\\/\\\/www.minihorse.eu\\\/#organization\",\"name\":\"Minihorse.eu\",\"url\":\"https:\\\/\\\/www.minihorse.eu\\\/\",\"logo\":{\"@type\":\"ImageObject\",\"inLanguage\":\"fr-FR\",\"@id\":\"https:\\\/\\\/www.minihorse.eu\\\/#\\\/schema\\\/logo\\\/image\\\/\",\"url\":\"https:\\\/\\\/www.minihorse.eu\\\/wp-content\\\/uploads\\\/2024\\\/08\\\/Logo-minihorse-ext.png\",\"contentUrl\":\"https:\\\/\\\/www.minihorse.eu\\\/wp-content\\\/uploads\\\/2024\\\/08\\\/Logo-minihorse-ext.png\",\"width\":500,\"height\":500,\"caption\":\"Minihorse.eu\"},\"image\":{\"@id\":\"https:\\\/\\\/www.minihorse.eu\\\/#\\\/schema\\\/logo\\\/image\\\/\"},\"sameAs\":[\"https:\\\/\\\/www.facebook.com\\\/profile.php?id=100063487117479\"]}]}<\/script>\n<!-- \/ Yoast SEO plugin. -->","yoast_head_json":{"title":"Masque anti-mouches avec oreilles - Minihorse.eu","robots":{"index":"index","follow":"follow","max-snippet":"max-snippet:-1","max-image-preview":"max-image-preview:large","max-video-preview":"max-video-preview:-1"},"canonical":"https:\/\/www.minihorse.eu\/produit\/fly-mask-with-ears-for-mini-horse\/","og_locale":"fr_FR","og_type":"article","og_title":"Masque anti-mouches avec oreilles - Minihorse.eu","og_description":"Le masque anti-mouches avec oreilles pour chevaux miniatures est fabriqu\u00e9 en maille noire durable et respirante pour une protection optimale contre les insectes et une bonne ventilation. Les cache-oreilles en lycra souple prot\u00e8gent confortablement les oreilles sensibles. Id\u00e9al pour les mini-chevaux adultes et les shetlanders afin de pr\u00e9venir les irritations, les inflammations et le stress pendant l'\u00e9t\u00e9.","og_url":"https:\/\/www.minihorse.eu\/produit\/fly-mask-with-ears-for-mini-horse\/","og_site_name":"Minihorse.eu","article_publisher":"https:\/\/www.facebook.com\/profile.php?id=100063487117479","article_modified_time":"2025-08-02T07:41:21+00:00","og_image":[{"width":600,"height":600,"url":"https:\/\/www.minihorse.eu\/wp-content\/uploads\/2025\/04\/IMG_20240620_212227.jpg","type":"image\/jpeg"}],"twitter_card":"summary_large_image","twitter_misc":{"Dur\u00e9e de lecture estim\u00e9e":"1 minute"},"schema":{"@context":"https:\/\/schema.org","@graph":[{"@type":"WebPage","@id":"https:\/\/www.minihorse.eu\/produit\/fly-mask-with-ears-for-mini-horse\/","url":"https:\/\/www.minihorse.eu\/produit\/fly-mask-with-ears-for-mini-horse\/","name":"Masque anti-mouches avec oreilles - Minihorse.eu","isPartOf":{"@id":"https:\/\/www.minihorse.eu\/#website"},"primaryImageOfPage":{"@id":"https:\/\/www.minihorse.eu\/produit\/fly-mask-with-ears-for-mini-horse\/#primaryimage"},"image":{"@id":"https:\/\/www.minihorse.eu\/produit\/fly-mask-with-ears-for-mini-horse\/#primaryimage"},"thumbnailUrl":"https:\/\/www.minihorse.eu\/wp-content\/uploads\/2025\/04\/IMG_20240620_212227.jpg","datePublished":"2025-04-29T09:13:11+00:00","dateModified":"2025-08-02T07:41:21+00:00","breadcrumb":{"@id":"https:\/\/www.minihorse.eu\/produit\/fly-mask-with-ears-for-mini-horse\/#breadcrumb"},"inLanguage":"fr-FR","potentialAction":[{"@type":"ReadAction","target":["https:\/\/www.minihorse.eu\/produit\/fly-mask-with-ears-for-mini-horse\/"]}]},{"@type":"ImageObject","inLanguage":"fr-FR","@id":"https:\/\/www.minihorse.eu\/produit\/fly-mask-with-ears-for-mini-horse\/#primaryimage","url":"https:\/\/www.minihorse.eu\/wp-content\/uploads\/2025\/04\/IMG_20240620_212227.jpg","contentUrl":"https:\/\/www.minihorse.eu\/wp-content\/uploads\/2025\/04\/IMG_20240620_212227.jpg","width":600,"height":600},{"@type":"BreadcrumbList","@id":"https:\/\/www.minihorse.eu\/produit\/fly-mask-with-ears-for-mini-horse\/#breadcrumb","itemListElement":[{"@type":"ListItem","position":1,"name":"Home","item":"https:\/\/www.minihorse.eu\/fr\/accueil\/"},{"@type":"ListItem","position":2,"name":"Boutique","item":"https:\/\/www.minihorse.eu\/fr\/boutique\/"},{"@type":"ListItem","position":3,"name":"Masque anti-mouches avec oreilles"}]},{"@type":"WebSite","@id":"https:\/\/www.minihorse.eu\/#website","url":"https:\/\/www.minihorse.eu\/","name":"Minihorse.eu","description":"The #1 store for Miniature Horses","publisher":{"@id":"https:\/\/www.minihorse.eu\/#organization"},"potentialAction":[{"@type":"SearchAction","target":{"@type":"EntryPoint","urlTemplate":"https:\/\/www.minihorse.eu\/?s={search_term_string}"},"query-input":{"@type":"PropertyValueSpecification","valueRequired":true,"valueName":"search_term_string"}}],"inLanguage":"fr-FR"},{"@type":"Organization","@id":"https:\/\/www.minihorse.eu\/#organization","name":"Minihorse.eu","url":"https:\/\/www.minihorse.eu\/","logo":{"@type":"ImageObject","inLanguage":"fr-FR","@id":"https:\/\/www.minihorse.eu\/#\/schema\/logo\/image\/","url":"https:\/\/www.minihorse.eu\/wp-content\/uploads\/2024\/08\/Logo-minihorse-ext.png","contentUrl":"https:\/\/www.minihorse.eu\/wp-content\/uploads\/2024\/08\/Logo-minihorse-ext.png","width":500,"height":500,"caption":"Minihorse.eu"},"image":{"@id":"https:\/\/www.minihorse.eu\/#\/schema\/logo\/image\/"},"sameAs":["https:\/\/www.facebook.com\/profile.php?id=100063487117479"]}]}},"jetpack_sharing_enabled":true,"_links":{"self":[{"href":"https:\/\/www.minihorse.eu\/fr\/wp-json\/wp\/v2\/product\/9457","targetHints":{"allow":["GET"]}}],"collection":[{"href":"https:\/\/www.minihorse.eu\/fr\/wp-json\/wp\/v2\/product"}],"about":[{"href":"https:\/\/www.minihorse.eu\/fr\/wp-json\/wp\/v2\/types\/product"}],"replies":[{"embeddable":true,"href":"https:\/\/www.minihorse.eu\/fr\/wp-json\/wp\/v2\/comments?post=9457"}],"wp:featuredmedia":[{"embeddable":true,"href":"https:\/\/www.minihorse.eu\/fr\/wp-json\/wp\/v2\/media\/9444"}],"wp:attachment":[{"href":"https:\/\/www.minihorse.eu\/fr\/wp-json\/wp\/v2\/media?parent=9457"}],"wp:term":[{"taxonomy":"product_brand","embeddable":true,"href":"https:\/\/www.minihorse.eu\/fr\/wp-json\/wp\/v2\/product_brand?post=9457"},{"taxonomy":"product_cat","embeddable":true,"href":"https:\/\/www.minihorse.eu\/fr\/wp-json\/wp\/v2\/product_cat?post=9457"},{"taxonomy":"product_tag","embeddable":true,"href":"https:\/\/www.minihorse.eu\/fr\/wp-json\/wp\/v2\/product_tag?post=9457"}],"curies":[{"name":"wp","href":"https:\/\/api.w.org\/{rel}","templated":true}]}}