{"id":9526,"date":"2025-05-01T19:06:49","date_gmt":"2025-05-01T19:06:49","guid":{"rendered":"https:\/\/www.minihorse.eu\/product\/lincoln-silky-shine-coat-enhancer-spray\/"},"modified":"2025-06-04T19:48:49","modified_gmt":"2025-06-04T19:48:49","slug":"lincoln-silky-shine-coat-enhancer-spray","status":"publish","type":"product","link":"https:\/\/www.minihorse.eu\/fr\/produit\/lincoln-silky-shine-coat-enhancer-spray\/","title":{"rendered":"Lincoln Silky Shine Coat Enhancer Spray"},"content":{"rendered":"<p>Un <strong>spray de brillance <\/strong>\u00e0 la citronnelle qui donne de l&rsquo;\u00e9clat \u00e0 la robe. Parfait pour le ring d&rsquo;exposition. R\u00e9sultats exceptionnels \u00e0 la lumi\u00e8re artificielle ou \u00e0 la lumi\u00e8re naturelle du soleil.  <\/p>\n<ul>\n<li>Spray de qualit\u00e9 sup\u00e9rieure pour rehausser, polir et d\u00e9m\u00ealer pour des r\u00e9sultats exceptionnels.<\/li>\n<li>La provitamine B5 et les prot\u00e9ines de soie nourrissent et revitalisent les cheveux.<\/li>\n<li>La formulation non grasse repousse la poussi\u00e8re et la salet\u00e9.<\/li>\n<li>Laisse les crini\u00e8res et les queues en pleine forme.<\/li>\n<li>Subtilement parfum\u00e9.<\/li>\n<\/ul>\n","protected":false},"excerpt":{"rendered":"<p>Un <strong>spray de brillance <\/strong>\u00e0 la citronnelle qui donne de l&rsquo;\u00e9clat \u00e0 la robe. Parfait pour le ring d&rsquo;exposition. R\u00e9sultats exceptionnels \u00e0 la lumi\u00e8re artificielle ou \u00e0 la lumi\u00e8re naturelle du soleil.  <\/p>\n","protected":false},"featured_media":9523,"comment_status":"open","ping_status":"closed","template":"","meta":[],"product_brand":[],"product_cat":[211,183],"product_tag":[1149,1148],"class_list":{"0":"post-9526","1":"product","2":"type-product","3":"status-publish","4":"has-post-thumbnail","6":"product_cat-show-time-fr","7":"product_cat-toilettage","8":"product_tag-couche-de-brillance","9":"product_tag-spray-brillance","11":"first","12":"instock","13":"taxable","14":"shipping-taxable","15":"purchasable","16":"product-type-simple"},"yoast_head":"<!-- This site is optimized with the Yoast SEO plugin v27.4 - https:\/\/yoast.com\/product\/yoast-seo-wordpress\/ -->\n<title>Lincoln Silky Shine Coat Enhancer Spray - Minihorse.eu<\/title>\n<meta name=\"robots\" content=\"index, follow, max-snippet:-1, max-image-preview:large, max-video-preview:-1\" \/>\n<link rel=\"canonical\" href=\"https:\/\/www.minihorse.eu\/produit\/lincoln-silky-shine-coat-enhancer-spray\/\" \/>\n<meta property=\"og:locale\" content=\"fr_FR\" \/>\n<meta property=\"og:type\" content=\"article\" \/>\n<meta property=\"og:title\" content=\"Lincoln Silky Shine Coat Enhancer Spray - Minihorse.eu\" \/>\n<meta property=\"og:description\" content=\"Un spray de brillance \u00e0 la citronnelle qui donne de l&#039;\u00e9clat \u00e0 la robe. Parfait pour le ring d&#039;exposition. R\u00e9sultats exceptionnels \u00e0 la lumi\u00e8re artificielle ou \u00e0 la lumi\u00e8re naturelle du soleil.\" \/>\n<meta property=\"og:url\" content=\"https:\/\/www.minihorse.eu\/produit\/lincoln-silky-shine-coat-enhancer-spray\/\" \/>\n<meta property=\"og:site_name\" content=\"Minihorse.eu\" \/>\n<meta property=\"article:publisher\" content=\"https:\/\/www.facebook.com\/profile.php?id=100063487117479\" \/>\n<meta property=\"article:modified_time\" content=\"2025-06-04T19:48:49+00:00\" \/>\n<meta property=\"og:image\" content=\"https:\/\/www.minihorse.eu\/wp-content\/uploads\/2025\/05\/Lincoln-glans-spray.jpg\" \/>\n\t<meta property=\"og:image:width\" content=\"500\" \/>\n\t<meta property=\"og:image:height\" content=\"500\" \/>\n\t<meta property=\"og:image:type\" content=\"image\/jpeg\" \/>\n<meta name=\"twitter:card\" content=\"summary_large_image\" \/>\n<script type=\"application\/ld+json\" class=\"yoast-schema-graph\">{\"@context\":\"https:\\\/\\\/schema.org\",\"@graph\":[{\"@type\":\"WebPage\",\"@id\":\"https:\\\/\\\/www.minihorse.eu\\\/produit\\\/lincoln-silky-shine-coat-enhancer-spray\\\/\",\"url\":\"https:\\\/\\\/www.minihorse.eu\\\/produit\\\/lincoln-silky-shine-coat-enhancer-spray\\\/\",\"name\":\"Lincoln Silky Shine Coat Enhancer Spray - Minihorse.eu\",\"isPartOf\":{\"@id\":\"https:\\\/\\\/www.minihorse.eu\\\/#website\"},\"primaryImageOfPage\":{\"@id\":\"https:\\\/\\\/www.minihorse.eu\\\/produit\\\/lincoln-silky-shine-coat-enhancer-spray\\\/#primaryimage\"},\"image\":{\"@id\":\"https:\\\/\\\/www.minihorse.eu\\\/produit\\\/lincoln-silky-shine-coat-enhancer-spray\\\/#primaryimage\"},\"thumbnailUrl\":\"https:\\\/\\\/www.minihorse.eu\\\/wp-content\\\/uploads\\\/2025\\\/05\\\/Lincoln-glans-spray.jpg\",\"datePublished\":\"2025-05-01T19:06:49+00:00\",\"dateModified\":\"2025-06-04T19:48:49+00:00\",\"breadcrumb\":{\"@id\":\"https:\\\/\\\/www.minihorse.eu\\\/produit\\\/lincoln-silky-shine-coat-enhancer-spray\\\/#breadcrumb\"},\"inLanguage\":\"fr-FR\",\"potentialAction\":[{\"@type\":\"ReadAction\",\"target\":[\"https:\\\/\\\/www.minihorse.eu\\\/produit\\\/lincoln-silky-shine-coat-enhancer-spray\\\/\"]}]},{\"@type\":\"ImageObject\",\"inLanguage\":\"fr-FR\",\"@id\":\"https:\\\/\\\/www.minihorse.eu\\\/produit\\\/lincoln-silky-shine-coat-enhancer-spray\\\/#primaryimage\",\"url\":\"https:\\\/\\\/www.minihorse.eu\\\/wp-content\\\/uploads\\\/2025\\\/05\\\/Lincoln-glans-spray.jpg\",\"contentUrl\":\"https:\\\/\\\/www.minihorse.eu\\\/wp-content\\\/uploads\\\/2025\\\/05\\\/Lincoln-glans-spray.jpg\",\"width\":500,\"height\":500},{\"@type\":\"BreadcrumbList\",\"@id\":\"https:\\\/\\\/www.minihorse.eu\\\/produit\\\/lincoln-silky-shine-coat-enhancer-spray\\\/#breadcrumb\",\"itemListElement\":[{\"@type\":\"ListItem\",\"position\":1,\"name\":\"Home\",\"item\":\"https:\\\/\\\/www.minihorse.eu\\\/fr\\\/accueil\\\/\"},{\"@type\":\"ListItem\",\"position\":2,\"name\":\"Boutique\",\"item\":\"https:\\\/\\\/www.minihorse.eu\\\/fr\\\/boutique\\\/\"},{\"@type\":\"ListItem\",\"position\":3,\"name\":\"Lincoln Silky Shine Coat Enhancer Spray\"}]},{\"@type\":\"WebSite\",\"@id\":\"https:\\\/\\\/www.minihorse.eu\\\/#website\",\"url\":\"https:\\\/\\\/www.minihorse.eu\\\/\",\"name\":\"Minihorse.eu\",\"description\":\"The #1 store for Miniature Horses\",\"publisher\":{\"@id\":\"https:\\\/\\\/www.minihorse.eu\\\/#organization\"},\"potentialAction\":[{\"@type\":\"SearchAction\",\"target\":{\"@type\":\"EntryPoint\",\"urlTemplate\":\"https:\\\/\\\/www.minihorse.eu\\\/?s={search_term_string}\"},\"query-input\":{\"@type\":\"PropertyValueSpecification\",\"valueRequired\":true,\"valueName\":\"search_term_string\"}}],\"inLanguage\":\"fr-FR\"},{\"@type\":\"Organization\",\"@id\":\"https:\\\/\\\/www.minihorse.eu\\\/#organization\",\"name\":\"Minihorse.eu\",\"url\":\"https:\\\/\\\/www.minihorse.eu\\\/\",\"logo\":{\"@type\":\"ImageObject\",\"inLanguage\":\"fr-FR\",\"@id\":\"https:\\\/\\\/www.minihorse.eu\\\/#\\\/schema\\\/logo\\\/image\\\/\",\"url\":\"https:\\\/\\\/www.minihorse.eu\\\/wp-content\\\/uploads\\\/2024\\\/08\\\/Logo-minihorse-ext.png\",\"contentUrl\":\"https:\\\/\\\/www.minihorse.eu\\\/wp-content\\\/uploads\\\/2024\\\/08\\\/Logo-minihorse-ext.png\",\"width\":500,\"height\":500,\"caption\":\"Minihorse.eu\"},\"image\":{\"@id\":\"https:\\\/\\\/www.minihorse.eu\\\/#\\\/schema\\\/logo\\\/image\\\/\"},\"sameAs\":[\"https:\\\/\\\/www.facebook.com\\\/profile.php?id=100063487117479\"]}]}<\/script>\n<!-- \/ Yoast SEO plugin. -->","yoast_head_json":{"title":"Lincoln Silky Shine Coat Enhancer Spray - Minihorse.eu","robots":{"index":"index","follow":"follow","max-snippet":"max-snippet:-1","max-image-preview":"max-image-preview:large","max-video-preview":"max-video-preview:-1"},"canonical":"https:\/\/www.minihorse.eu\/produit\/lincoln-silky-shine-coat-enhancer-spray\/","og_locale":"fr_FR","og_type":"article","og_title":"Lincoln Silky Shine Coat Enhancer Spray - Minihorse.eu","og_description":"Un spray de brillance \u00e0 la citronnelle qui donne de l'\u00e9clat \u00e0 la robe. Parfait pour le ring d'exposition. R\u00e9sultats exceptionnels \u00e0 la lumi\u00e8re artificielle ou \u00e0 la lumi\u00e8re naturelle du soleil.","og_url":"https:\/\/www.minihorse.eu\/produit\/lincoln-silky-shine-coat-enhancer-spray\/","og_site_name":"Minihorse.eu","article_publisher":"https:\/\/www.facebook.com\/profile.php?id=100063487117479","article_modified_time":"2025-06-04T19:48:49+00:00","og_image":[{"width":500,"height":500,"url":"https:\/\/www.minihorse.eu\/wp-content\/uploads\/2025\/05\/Lincoln-glans-spray.jpg","type":"image\/jpeg"}],"twitter_card":"summary_large_image","schema":{"@context":"https:\/\/schema.org","@graph":[{"@type":"WebPage","@id":"https:\/\/www.minihorse.eu\/produit\/lincoln-silky-shine-coat-enhancer-spray\/","url":"https:\/\/www.minihorse.eu\/produit\/lincoln-silky-shine-coat-enhancer-spray\/","name":"Lincoln Silky Shine Coat Enhancer Spray - Minihorse.eu","isPartOf":{"@id":"https:\/\/www.minihorse.eu\/#website"},"primaryImageOfPage":{"@id":"https:\/\/www.minihorse.eu\/produit\/lincoln-silky-shine-coat-enhancer-spray\/#primaryimage"},"image":{"@id":"https:\/\/www.minihorse.eu\/produit\/lincoln-silky-shine-coat-enhancer-spray\/#primaryimage"},"thumbnailUrl":"https:\/\/www.minihorse.eu\/wp-content\/uploads\/2025\/05\/Lincoln-glans-spray.jpg","datePublished":"2025-05-01T19:06:49+00:00","dateModified":"2025-06-04T19:48:49+00:00","breadcrumb":{"@id":"https:\/\/www.minihorse.eu\/produit\/lincoln-silky-shine-coat-enhancer-spray\/#breadcrumb"},"inLanguage":"fr-FR","potentialAction":[{"@type":"ReadAction","target":["https:\/\/www.minihorse.eu\/produit\/lincoln-silky-shine-coat-enhancer-spray\/"]}]},{"@type":"ImageObject","inLanguage":"fr-FR","@id":"https:\/\/www.minihorse.eu\/produit\/lincoln-silky-shine-coat-enhancer-spray\/#primaryimage","url":"https:\/\/www.minihorse.eu\/wp-content\/uploads\/2025\/05\/Lincoln-glans-spray.jpg","contentUrl":"https:\/\/www.minihorse.eu\/wp-content\/uploads\/2025\/05\/Lincoln-glans-spray.jpg","width":500,"height":500},{"@type":"BreadcrumbList","@id":"https:\/\/www.minihorse.eu\/produit\/lincoln-silky-shine-coat-enhancer-spray\/#breadcrumb","itemListElement":[{"@type":"ListItem","position":1,"name":"Home","item":"https:\/\/www.minihorse.eu\/fr\/accueil\/"},{"@type":"ListItem","position":2,"name":"Boutique","item":"https:\/\/www.minihorse.eu\/fr\/boutique\/"},{"@type":"ListItem","position":3,"name":"Lincoln Silky Shine Coat Enhancer Spray"}]},{"@type":"WebSite","@id":"https:\/\/www.minihorse.eu\/#website","url":"https:\/\/www.minihorse.eu\/","name":"Minihorse.eu","description":"The #1 store for Miniature Horses","publisher":{"@id":"https:\/\/www.minihorse.eu\/#organization"},"potentialAction":[{"@type":"SearchAction","target":{"@type":"EntryPoint","urlTemplate":"https:\/\/www.minihorse.eu\/?s={search_term_string}"},"query-input":{"@type":"PropertyValueSpecification","valueRequired":true,"valueName":"search_term_string"}}],"inLanguage":"fr-FR"},{"@type":"Organization","@id":"https:\/\/www.minihorse.eu\/#organization","name":"Minihorse.eu","url":"https:\/\/www.minihorse.eu\/","logo":{"@type":"ImageObject","inLanguage":"fr-FR","@id":"https:\/\/www.minihorse.eu\/#\/schema\/logo\/image\/","url":"https:\/\/www.minihorse.eu\/wp-content\/uploads\/2024\/08\/Logo-minihorse-ext.png","contentUrl":"https:\/\/www.minihorse.eu\/wp-content\/uploads\/2024\/08\/Logo-minihorse-ext.png","width":500,"height":500,"caption":"Minihorse.eu"},"image":{"@id":"https:\/\/www.minihorse.eu\/#\/schema\/logo\/image\/"},"sameAs":["https:\/\/www.facebook.com\/profile.php?id=100063487117479"]}]}},"jetpack_sharing_enabled":true,"_links":{"self":[{"href":"https:\/\/www.minihorse.eu\/fr\/wp-json\/wp\/v2\/product\/9526","targetHints":{"allow":["GET"]}}],"collection":[{"href":"https:\/\/www.minihorse.eu\/fr\/wp-json\/wp\/v2\/product"}],"about":[{"href":"https:\/\/www.minihorse.eu\/fr\/wp-json\/wp\/v2\/types\/product"}],"replies":[{"embeddable":true,"href":"https:\/\/www.minihorse.eu\/fr\/wp-json\/wp\/v2\/comments?post=9526"}],"wp:featuredmedia":[{"embeddable":true,"href":"https:\/\/www.minihorse.eu\/fr\/wp-json\/wp\/v2\/media\/9523"}],"wp:attachment":[{"href":"https:\/\/www.minihorse.eu\/fr\/wp-json\/wp\/v2\/media?parent=9526"}],"wp:term":[{"taxonomy":"product_brand","embeddable":true,"href":"https:\/\/www.minihorse.eu\/fr\/wp-json\/wp\/v2\/product_brand?post=9526"},{"taxonomy":"product_cat","embeddable":true,"href":"https:\/\/www.minihorse.eu\/fr\/wp-json\/wp\/v2\/product_cat?post=9526"},{"taxonomy":"product_tag","embeddable":true,"href":"https:\/\/www.minihorse.eu\/fr\/wp-json\/wp\/v2\/product_tag?post=9526"}],"curies":[{"name":"wp","href":"https:\/\/api.w.org\/{rel}","templated":true}]}}