{"id":9539,"date":"2025-05-02T19:31:53","date_gmt":"2025-05-02T19:31:53","guid":{"rendered":"https:\/\/www.minihorse.eu\/?post_type=product&#038;p=9539"},"modified":"2025-11-02T21:37:28","modified_gmt":"2025-11-02T21:37:28","slug":"highlighter","status":"publish","type":"product","link":"https:\/\/www.minihorse.eu\/fr\/produit\/highlighter\/","title":{"rendered":"Highlighter pour chevaux (marque propre)"},"content":{"rendered":"<p>Faites briller le visage, les yeux, les oreilles, le museau et les muscles de votre cheval avec H<strong>ighlighter pour chevaux (marque propre)<\/strong>. Ce surligneur ne se contente pas de rehausser les reflets, il nourrit et hydrate la peau pour lui donner un \u00e9clat sain. Gr\u00e2ce \u00e0 ses propri\u00e9t\u00e9s antistatiques, il aide \u00e0 repousser la poussi\u00e8re et la salet\u00e9, et m\u00eame par temps chaud, il ne coule pas et ne fait pas de traces.  <\/p>\n<ul>\n<li>Apporte des reflets intenses tout en hydratant la peau<\/li>\n<li>Reste en place m\u00eame en cas de temp\u00e9ratures \u00e9lev\u00e9es<\/li>\n<li>Les agents antistatiques aident \u00e0 repousser la poussi\u00e8re et la salet\u00e9<\/li>\n<\/ul>\n<p>Couleur : transparent<br \/>\nContenu : 135 ml ou 300 ml<\/p>\n<p>Appliquer l&rsquo;enlumineur sur une peau propre et s\u00e8che du bout des doigts. Frotter d\u00e9licatement si n\u00e9cessaire et laisser agir pendant 20 minutes. Essuyer l&rsquo;exc\u00e9dent de produit avec un chiffon propre.  <\/p>\n","protected":false},"excerpt":{"rendered":"<p>Highlighter (marque propre) donne au visage, aux yeux, aux oreilles, au museau et aux muscles de votre cheval un \u00e9clat intense et sain. Il hydrate la peau, repousse la poussi\u00e8re et la salet\u00e9 gr\u00e2ce \u00e0 des agents antistatiques, et ne coule pas et ne s&rsquo;\u00e9tale pas par temps chaud. <\/p>\n<p><span style=\"color: #555555;\">Couleur: transparent<\/span><\/p>\n<p>Contenu: 135 ml ou 300 ml<\/p>\n<p>&nbsp;<\/p>\n","protected":false},"featured_media":10956,"comment_status":"open","ping_status":"closed","template":"","meta":[],"product_brand":[],"product_cat":[211],"product_tag":[1246,1248,1247],"class_list":{"0":"post-9539","1":"product","2":"type-product","3":"status-publish","4":"has-post-thumbnail","6":"product_cat-show-time-fr","7":"product_tag-highlighter-fr","8":"product_tag-maquillage-pour-chevaux","9":"product_tag-show-maquillage","11":"first","12":"instock","13":"taxable","14":"shipping-taxable","15":"purchasable","16":"product-type-variable"},"yoast_head":"<!-- This site is optimized with the Yoast SEO plugin v27.5 - https:\/\/yoast.com\/product\/yoast-seo-wordpress\/ -->\n<title>Highlighter pour chevaux (marque propre) - Minihorse.eu<\/title>\n<meta name=\"description\" content=\"Highlighter pour chevaux (marque propre) donne au visage, aux yeux, aux oreilles, au museau et aux muscles de votre cheval un \u00e9clat intense et sain. Il hydrate la peau, repousse la poussi\u00e8re et la salet\u00e9 gr\u00e2ce \u00e0 des agents antistatiques, et ne coule pas et ne s\u2019\u00e9tale pas par temps chaud.\" \/>\n<meta name=\"robots\" content=\"index, follow, max-snippet:-1, max-image-preview:large, max-video-preview:-1\" \/>\n<link rel=\"canonical\" href=\"https:\/\/www.minihorse.eu\/fr\/produit\/highlighter\/\" \/>\n<meta property=\"og:locale\" content=\"fr_FR\" \/>\n<meta property=\"og:type\" content=\"article\" \/>\n<meta property=\"og:title\" content=\"Highlighter pour chevaux (marque propre) - Minihorse.eu\" \/>\n<meta property=\"og:description\" content=\"Highlighter pour chevaux (marque propre) donne au visage, aux yeux, aux oreilles, au museau et aux muscles de votre cheval un \u00e9clat intense et sain. Il hydrate la peau, repousse la poussi\u00e8re et la salet\u00e9 gr\u00e2ce \u00e0 des agents antistatiques, et ne coule pas et ne s\u2019\u00e9tale pas par temps chaud.\" \/>\n<meta property=\"og:url\" content=\"https:\/\/www.minihorse.eu\/fr\/produit\/highlighter\/\" \/>\n<meta property=\"og:site_name\" content=\"Minihorse.eu\" \/>\n<meta property=\"article:publisher\" content=\"https:\/\/www.facebook.com\/profile.php?id=100063487117479\" \/>\n<meta property=\"article:modified_time\" content=\"2025-11-02T21:37:28+00:00\" \/>\n<meta property=\"og:image\" content=\"https:\/\/www.minihorse.eu\/wp-content\/uploads\/2025\/05\/WhatsApp-Image-2025-07-07-at-14.06.31.jpeg\" \/>\n\t<meta property=\"og:image:width\" content=\"1956\" \/>\n\t<meta property=\"og:image:height\" content=\"2048\" \/>\n\t<meta property=\"og:image:type\" content=\"image\/jpeg\" \/>\n<meta name=\"twitter:card\" content=\"summary_large_image\" \/>\n<meta name=\"twitter:label1\" content=\"Dur\u00e9e de lecture estim\u00e9e\" \/>\n\t<meta name=\"twitter:data1\" content=\"1 minute\" \/>\n<script type=\"application\/ld+json\" class=\"yoast-schema-graph\">{\"@context\":\"https:\\\/\\\/schema.org\",\"@graph\":[{\"@type\":\"WebPage\",\"@id\":\"https:\\\/\\\/www.minihorse.eu\\\/fr\\\/produit\\\/highlighter\\\/\",\"url\":\"https:\\\/\\\/www.minihorse.eu\\\/fr\\\/produit\\\/highlighter\\\/\",\"name\":\"Highlighter pour chevaux (marque propre) - Minihorse.eu\",\"isPartOf\":{\"@id\":\"https:\\\/\\\/www.minihorse.eu\\\/#website\"},\"primaryImageOfPage\":{\"@id\":\"https:\\\/\\\/www.minihorse.eu\\\/fr\\\/produit\\\/highlighter\\\/#primaryimage\"},\"image\":{\"@id\":\"https:\\\/\\\/www.minihorse.eu\\\/fr\\\/produit\\\/highlighter\\\/#primaryimage\"},\"thumbnailUrl\":\"https:\\\/\\\/www.minihorse.eu\\\/wp-content\\\/uploads\\\/2025\\\/05\\\/WhatsApp-Image-2025-07-07-at-14.06.31.jpeg\",\"datePublished\":\"2025-05-02T19:31:53+00:00\",\"dateModified\":\"2025-11-02T21:37:28+00:00\",\"description\":\"Highlighter pour chevaux (marque propre) donne au visage, aux yeux, aux oreilles, au museau et aux muscles de votre cheval un \u00e9clat intense et sain. Il hydrate la peau, repousse la poussi\u00e8re et la salet\u00e9 gr\u00e2ce \u00e0 des agents antistatiques, et ne coule pas et ne s\u2019\u00e9tale pas par temps chaud.\",\"breadcrumb\":{\"@id\":\"https:\\\/\\\/www.minihorse.eu\\\/fr\\\/produit\\\/highlighter\\\/#breadcrumb\"},\"inLanguage\":\"fr-FR\",\"potentialAction\":[{\"@type\":\"ReadAction\",\"target\":[\"https:\\\/\\\/www.minihorse.eu\\\/fr\\\/produit\\\/highlighter\\\/\"]}]},{\"@type\":\"ImageObject\",\"inLanguage\":\"fr-FR\",\"@id\":\"https:\\\/\\\/www.minihorse.eu\\\/fr\\\/produit\\\/highlighter\\\/#primaryimage\",\"url\":\"https:\\\/\\\/www.minihorse.eu\\\/wp-content\\\/uploads\\\/2025\\\/05\\\/WhatsApp-Image-2025-07-07-at-14.06.31.jpeg\",\"contentUrl\":\"https:\\\/\\\/www.minihorse.eu\\\/wp-content\\\/uploads\\\/2025\\\/05\\\/WhatsApp-Image-2025-07-07-at-14.06.31.jpeg\",\"width\":1956,\"height\":2048},{\"@type\":\"BreadcrumbList\",\"@id\":\"https:\\\/\\\/www.minihorse.eu\\\/fr\\\/produit\\\/highlighter\\\/#breadcrumb\",\"itemListElement\":[{\"@type\":\"ListItem\",\"position\":1,\"name\":\"Home\",\"item\":\"https:\\\/\\\/www.minihorse.eu\\\/fr\\\/accueil\\\/\"},{\"@type\":\"ListItem\",\"position\":2,\"name\":\"Boutique\",\"item\":\"https:\\\/\\\/www.minihorse.eu\\\/fr\\\/boutique\\\/\"},{\"@type\":\"ListItem\",\"position\":3,\"name\":\"Highlighter pour chevaux (marque propre)\"}]},{\"@type\":\"WebSite\",\"@id\":\"https:\\\/\\\/www.minihorse.eu\\\/#website\",\"url\":\"https:\\\/\\\/www.minihorse.eu\\\/\",\"name\":\"Minihorse.eu\",\"description\":\"The #1 store for Miniature Horses\",\"publisher\":{\"@id\":\"https:\\\/\\\/www.minihorse.eu\\\/#organization\"},\"potentialAction\":[{\"@type\":\"SearchAction\",\"target\":{\"@type\":\"EntryPoint\",\"urlTemplate\":\"https:\\\/\\\/www.minihorse.eu\\\/?s={search_term_string}\"},\"query-input\":{\"@type\":\"PropertyValueSpecification\",\"valueRequired\":true,\"valueName\":\"search_term_string\"}}],\"inLanguage\":\"fr-FR\"},{\"@type\":\"Organization\",\"@id\":\"https:\\\/\\\/www.minihorse.eu\\\/#organization\",\"name\":\"Minihorse.eu\",\"url\":\"https:\\\/\\\/www.minihorse.eu\\\/\",\"logo\":{\"@type\":\"ImageObject\",\"inLanguage\":\"fr-FR\",\"@id\":\"https:\\\/\\\/www.minihorse.eu\\\/#\\\/schema\\\/logo\\\/image\\\/\",\"url\":\"https:\\\/\\\/www.minihorse.eu\\\/wp-content\\\/uploads\\\/2024\\\/08\\\/Logo-minihorse-ext.png\",\"contentUrl\":\"https:\\\/\\\/www.minihorse.eu\\\/wp-content\\\/uploads\\\/2024\\\/08\\\/Logo-minihorse-ext.png\",\"width\":500,\"height\":500,\"caption\":\"Minihorse.eu\"},\"image\":{\"@id\":\"https:\\\/\\\/www.minihorse.eu\\\/#\\\/schema\\\/logo\\\/image\\\/\"},\"sameAs\":[\"https:\\\/\\\/www.facebook.com\\\/profile.php?id=100063487117479\"]}]}<\/script>\n<!-- \/ Yoast SEO plugin. -->","yoast_head_json":{"title":"Highlighter pour chevaux (marque propre) - Minihorse.eu","description":"Highlighter pour chevaux (marque propre) donne au visage, aux yeux, aux oreilles, au museau et aux muscles de votre cheval un \u00e9clat intense et sain. Il hydrate la peau, repousse la poussi\u00e8re et la salet\u00e9 gr\u00e2ce \u00e0 des agents antistatiques, et ne coule pas et ne s\u2019\u00e9tale pas par temps chaud.","robots":{"index":"index","follow":"follow","max-snippet":"max-snippet:-1","max-image-preview":"max-image-preview:large","max-video-preview":"max-video-preview:-1"},"canonical":"https:\/\/www.minihorse.eu\/fr\/produit\/highlighter\/","og_locale":"fr_FR","og_type":"article","og_title":"Highlighter pour chevaux (marque propre) - Minihorse.eu","og_description":"Highlighter pour chevaux (marque propre) donne au visage, aux yeux, aux oreilles, au museau et aux muscles de votre cheval un \u00e9clat intense et sain. Il hydrate la peau, repousse la poussi\u00e8re et la salet\u00e9 gr\u00e2ce \u00e0 des agents antistatiques, et ne coule pas et ne s\u2019\u00e9tale pas par temps chaud.","og_url":"https:\/\/www.minihorse.eu\/fr\/produit\/highlighter\/","og_site_name":"Minihorse.eu","article_publisher":"https:\/\/www.facebook.com\/profile.php?id=100063487117479","article_modified_time":"2025-11-02T21:37:28+00:00","og_image":[{"width":1956,"height":2048,"url":"https:\/\/www.minihorse.eu\/wp-content\/uploads\/2025\/05\/WhatsApp-Image-2025-07-07-at-14.06.31.jpeg","type":"image\/jpeg"}],"twitter_card":"summary_large_image","twitter_misc":{"Dur\u00e9e de lecture estim\u00e9e":"1 minute"},"schema":{"@context":"https:\/\/schema.org","@graph":[{"@type":"WebPage","@id":"https:\/\/www.minihorse.eu\/fr\/produit\/highlighter\/","url":"https:\/\/www.minihorse.eu\/fr\/produit\/highlighter\/","name":"Highlighter pour chevaux (marque propre) - Minihorse.eu","isPartOf":{"@id":"https:\/\/www.minihorse.eu\/#website"},"primaryImageOfPage":{"@id":"https:\/\/www.minihorse.eu\/fr\/produit\/highlighter\/#primaryimage"},"image":{"@id":"https:\/\/www.minihorse.eu\/fr\/produit\/highlighter\/#primaryimage"},"thumbnailUrl":"https:\/\/www.minihorse.eu\/wp-content\/uploads\/2025\/05\/WhatsApp-Image-2025-07-07-at-14.06.31.jpeg","datePublished":"2025-05-02T19:31:53+00:00","dateModified":"2025-11-02T21:37:28+00:00","description":"Highlighter pour chevaux (marque propre) donne au visage, aux yeux, aux oreilles, au museau et aux muscles de votre cheval un \u00e9clat intense et sain. Il hydrate la peau, repousse la poussi\u00e8re et la salet\u00e9 gr\u00e2ce \u00e0 des agents antistatiques, et ne coule pas et ne s\u2019\u00e9tale pas par temps chaud.","breadcrumb":{"@id":"https:\/\/www.minihorse.eu\/fr\/produit\/highlighter\/#breadcrumb"},"inLanguage":"fr-FR","potentialAction":[{"@type":"ReadAction","target":["https:\/\/www.minihorse.eu\/fr\/produit\/highlighter\/"]}]},{"@type":"ImageObject","inLanguage":"fr-FR","@id":"https:\/\/www.minihorse.eu\/fr\/produit\/highlighter\/#primaryimage","url":"https:\/\/www.minihorse.eu\/wp-content\/uploads\/2025\/05\/WhatsApp-Image-2025-07-07-at-14.06.31.jpeg","contentUrl":"https:\/\/www.minihorse.eu\/wp-content\/uploads\/2025\/05\/WhatsApp-Image-2025-07-07-at-14.06.31.jpeg","width":1956,"height":2048},{"@type":"BreadcrumbList","@id":"https:\/\/www.minihorse.eu\/fr\/produit\/highlighter\/#breadcrumb","itemListElement":[{"@type":"ListItem","position":1,"name":"Home","item":"https:\/\/www.minihorse.eu\/fr\/accueil\/"},{"@type":"ListItem","position":2,"name":"Boutique","item":"https:\/\/www.minihorse.eu\/fr\/boutique\/"},{"@type":"ListItem","position":3,"name":"Highlighter pour chevaux (marque propre)"}]},{"@type":"WebSite","@id":"https:\/\/www.minihorse.eu\/#website","url":"https:\/\/www.minihorse.eu\/","name":"Minihorse.eu","description":"The #1 store for Miniature Horses","publisher":{"@id":"https:\/\/www.minihorse.eu\/#organization"},"potentialAction":[{"@type":"SearchAction","target":{"@type":"EntryPoint","urlTemplate":"https:\/\/www.minihorse.eu\/?s={search_term_string}"},"query-input":{"@type":"PropertyValueSpecification","valueRequired":true,"valueName":"search_term_string"}}],"inLanguage":"fr-FR"},{"@type":"Organization","@id":"https:\/\/www.minihorse.eu\/#organization","name":"Minihorse.eu","url":"https:\/\/www.minihorse.eu\/","logo":{"@type":"ImageObject","inLanguage":"fr-FR","@id":"https:\/\/www.minihorse.eu\/#\/schema\/logo\/image\/","url":"https:\/\/www.minihorse.eu\/wp-content\/uploads\/2024\/08\/Logo-minihorse-ext.png","contentUrl":"https:\/\/www.minihorse.eu\/wp-content\/uploads\/2024\/08\/Logo-minihorse-ext.png","width":500,"height":500,"caption":"Minihorse.eu"},"image":{"@id":"https:\/\/www.minihorse.eu\/#\/schema\/logo\/image\/"},"sameAs":["https:\/\/www.facebook.com\/profile.php?id=100063487117479"]}]}},"jetpack_sharing_enabled":true,"_links":{"self":[{"href":"https:\/\/www.minihorse.eu\/fr\/wp-json\/wp\/v2\/product\/9539","targetHints":{"allow":["GET"]}}],"collection":[{"href":"https:\/\/www.minihorse.eu\/fr\/wp-json\/wp\/v2\/product"}],"about":[{"href":"https:\/\/www.minihorse.eu\/fr\/wp-json\/wp\/v2\/types\/product"}],"replies":[{"embeddable":true,"href":"https:\/\/www.minihorse.eu\/fr\/wp-json\/wp\/v2\/comments?post=9539"}],"wp:featuredmedia":[{"embeddable":true,"href":"https:\/\/www.minihorse.eu\/fr\/wp-json\/wp\/v2\/media\/10956"}],"wp:attachment":[{"href":"https:\/\/www.minihorse.eu\/fr\/wp-json\/wp\/v2\/media?parent=9539"}],"wp:term":[{"taxonomy":"product_brand","embeddable":true,"href":"https:\/\/www.minihorse.eu\/fr\/wp-json\/wp\/v2\/product_brand?post=9539"},{"taxonomy":"product_cat","embeddable":true,"href":"https:\/\/www.minihorse.eu\/fr\/wp-json\/wp\/v2\/product_cat?post=9539"},{"taxonomy":"product_tag","embeddable":true,"href":"https:\/\/www.minihorse.eu\/fr\/wp-json\/wp\/v2\/product_tag?post=9539"}],"curies":[{"name":"wp","href":"https:\/\/api.w.org\/{rel}","templated":true}]}}