{"id":9593,"date":"2025-05-07T21:42:44","date_gmt":"2025-05-07T21:42:44","guid":{"rendered":"https:\/\/www.minihorse.eu\/product\/dux-brosse-a-queue-et-criniere\/"},"modified":"2025-10-17T14:52:43","modified_gmt":"2025-10-17T14:52:43","slug":"dux-brosse-a-queue-et-criniere","status":"publish","type":"product","link":"https:\/\/www.minihorse.eu\/fr\/produit\/dux-brosse-a-queue-et-criniere\/","title":{"rendered":"Dux brosse \u00e0 queue et crini\u00e8re"},"content":{"rendered":"<p>La <strong>brosse \u00e0 queue et crini\u00e8re Dux<\/strong> est une brosse de toilettage sp\u00e9cialement con\u00e7ue pour brosser et d\u00e9m\u00ealer la queue et la crini\u00e8re des chevaux.<\/p>\n<p>La brosse \u00e0 queue et \u00e0 crini\u00e8re Dux est une brosse robuste et ergonomique qui assure un d\u00e9m\u00ealage efficace et en douceur de la crini\u00e8re et de la queue sans ab\u00eemer les poils. Le manche tient confortablement dans la main et offre une bonne prise en main, m\u00eame dans des conditions humides. Convient pour un usage quotidien sur toutes les races de chevaux.  <\/p>\n","protected":false},"excerpt":{"rendered":"<p><strong>Brosse pour queue et crini\u00e8re Dux <\/strong>est brosse robuste avec des picots flexibles et arrondis pour un d\u00e9m\u00ealage doux et efficace de la queue et de la crini\u00e8re. Pr\u00e9vient la casse des poils et tient confortablement dans la main. Id\u00e9ale pour un usage quotidien.  <\/p>\n","protected":false},"featured_media":9585,"comment_status":"open","ping_status":"closed","template":"","meta":[],"product_brand":[],"product_cat":[188,183],"product_tag":[1163,1164],"class_list":{"0":"post-9593","1":"product","2":"type-product","3":"status-publish","4":"has-post-thumbnail","6":"product_cat-ecuries","7":"product_cat-toilettage","8":"product_tag-dux-fr","9":"product_tag-dux-brosse-pour-queue-et-criniere","11":"first","12":"instock","13":"taxable","14":"shipping-taxable","15":"purchasable","16":"product-type-simple"},"yoast_head":"<!-- This site is optimized with the Yoast SEO plugin v27.4 - https:\/\/yoast.com\/product\/yoast-seo-wordpress\/ -->\n<title>Dux brosse \u00e0 queue et crini\u00e8re - Minihorse.eu<\/title>\n<meta name=\"robots\" content=\"index, follow, max-snippet:-1, max-image-preview:large, max-video-preview:-1\" \/>\n<link rel=\"canonical\" href=\"https:\/\/www.minihorse.eu\/fr\/produit\/dux-brosse-a-queue-et-criniere\/\" \/>\n<meta property=\"og:locale\" content=\"fr_FR\" \/>\n<meta property=\"og:type\" content=\"article\" \/>\n<meta property=\"og:title\" content=\"Dux brosse \u00e0 queue et crini\u00e8re - Minihorse.eu\" \/>\n<meta property=\"og:description\" content=\"Brosse pour queue et crini\u00e8re Dux est brosse robuste avec des picots flexibles et arrondis pour un d\u00e9m\u00ealage doux et efficace de la queue et de la crini\u00e8re. Pr\u00e9vient la casse des poils et tient confortablement dans la main. Id\u00e9ale pour un usage quotidien.\" \/>\n<meta property=\"og:url\" content=\"https:\/\/www.minihorse.eu\/fr\/produit\/dux-brosse-a-queue-et-criniere\/\" \/>\n<meta property=\"og:site_name\" content=\"Minihorse.eu\" \/>\n<meta property=\"article:publisher\" content=\"https:\/\/www.facebook.com\/profile.php?id=100063487117479\" \/>\n<meta property=\"article:modified_time\" content=\"2025-10-17T14:52:43+00:00\" \/>\n<meta property=\"og:image\" content=\"https:\/\/www.minihorse.eu\/wp-content\/uploads\/2025\/05\/Dux-borstel.jpg\" \/>\n\t<meta property=\"og:image:width\" content=\"387\" \/>\n\t<meta property=\"og:image:height\" content=\"220\" \/>\n\t<meta property=\"og:image:type\" content=\"image\/jpeg\" \/>\n<meta name=\"twitter:card\" content=\"summary_large_image\" \/>\n<script type=\"application\/ld+json\" class=\"yoast-schema-graph\">{\"@context\":\"https:\\\/\\\/schema.org\",\"@graph\":[{\"@type\":\"WebPage\",\"@id\":\"https:\\\/\\\/www.minihorse.eu\\\/fr\\\/produit\\\/dux-brosse-a-queue-et-criniere\\\/\",\"url\":\"https:\\\/\\\/www.minihorse.eu\\\/fr\\\/produit\\\/dux-brosse-a-queue-et-criniere\\\/\",\"name\":\"Dux brosse \u00e0 queue et crini\u00e8re - Minihorse.eu\",\"isPartOf\":{\"@id\":\"https:\\\/\\\/www.minihorse.eu\\\/#website\"},\"primaryImageOfPage\":{\"@id\":\"https:\\\/\\\/www.minihorse.eu\\\/fr\\\/produit\\\/dux-brosse-a-queue-et-criniere\\\/#primaryimage\"},\"image\":{\"@id\":\"https:\\\/\\\/www.minihorse.eu\\\/fr\\\/produit\\\/dux-brosse-a-queue-et-criniere\\\/#primaryimage\"},\"thumbnailUrl\":\"https:\\\/\\\/www.minihorse.eu\\\/wp-content\\\/uploads\\\/2025\\\/05\\\/Dux-borstel.jpg\",\"datePublished\":\"2025-05-07T21:42:44+00:00\",\"dateModified\":\"2025-10-17T14:52:43+00:00\",\"breadcrumb\":{\"@id\":\"https:\\\/\\\/www.minihorse.eu\\\/fr\\\/produit\\\/dux-brosse-a-queue-et-criniere\\\/#breadcrumb\"},\"inLanguage\":\"fr-FR\",\"potentialAction\":[{\"@type\":\"ReadAction\",\"target\":[\"https:\\\/\\\/www.minihorse.eu\\\/fr\\\/produit\\\/dux-brosse-a-queue-et-criniere\\\/\"]}]},{\"@type\":\"ImageObject\",\"inLanguage\":\"fr-FR\",\"@id\":\"https:\\\/\\\/www.minihorse.eu\\\/fr\\\/produit\\\/dux-brosse-a-queue-et-criniere\\\/#primaryimage\",\"url\":\"https:\\\/\\\/www.minihorse.eu\\\/wp-content\\\/uploads\\\/2025\\\/05\\\/Dux-borstel.jpg\",\"contentUrl\":\"https:\\\/\\\/www.minihorse.eu\\\/wp-content\\\/uploads\\\/2025\\\/05\\\/Dux-borstel.jpg\",\"width\":387,\"height\":220},{\"@type\":\"BreadcrumbList\",\"@id\":\"https:\\\/\\\/www.minihorse.eu\\\/fr\\\/produit\\\/dux-brosse-a-queue-et-criniere\\\/#breadcrumb\",\"itemListElement\":[{\"@type\":\"ListItem\",\"position\":1,\"name\":\"Home\",\"item\":\"https:\\\/\\\/www.minihorse.eu\\\/fr\\\/accueil\\\/\"},{\"@type\":\"ListItem\",\"position\":2,\"name\":\"Boutique\",\"item\":\"https:\\\/\\\/www.minihorse.eu\\\/fr\\\/boutique\\\/\"},{\"@type\":\"ListItem\",\"position\":3,\"name\":\"Dux brosse \u00e0 queue et crini\u00e8re\"}]},{\"@type\":\"WebSite\",\"@id\":\"https:\\\/\\\/www.minihorse.eu\\\/#website\",\"url\":\"https:\\\/\\\/www.minihorse.eu\\\/\",\"name\":\"Minihorse.eu\",\"description\":\"The #1 store for Miniature Horses\",\"publisher\":{\"@id\":\"https:\\\/\\\/www.minihorse.eu\\\/#organization\"},\"potentialAction\":[{\"@type\":\"SearchAction\",\"target\":{\"@type\":\"EntryPoint\",\"urlTemplate\":\"https:\\\/\\\/www.minihorse.eu\\\/?s={search_term_string}\"},\"query-input\":{\"@type\":\"PropertyValueSpecification\",\"valueRequired\":true,\"valueName\":\"search_term_string\"}}],\"inLanguage\":\"fr-FR\"},{\"@type\":\"Organization\",\"@id\":\"https:\\\/\\\/www.minihorse.eu\\\/#organization\",\"name\":\"Minihorse.eu\",\"url\":\"https:\\\/\\\/www.minihorse.eu\\\/\",\"logo\":{\"@type\":\"ImageObject\",\"inLanguage\":\"fr-FR\",\"@id\":\"https:\\\/\\\/www.minihorse.eu\\\/#\\\/schema\\\/logo\\\/image\\\/\",\"url\":\"https:\\\/\\\/www.minihorse.eu\\\/wp-content\\\/uploads\\\/2024\\\/08\\\/Logo-minihorse-ext.png\",\"contentUrl\":\"https:\\\/\\\/www.minihorse.eu\\\/wp-content\\\/uploads\\\/2024\\\/08\\\/Logo-minihorse-ext.png\",\"width\":500,\"height\":500,\"caption\":\"Minihorse.eu\"},\"image\":{\"@id\":\"https:\\\/\\\/www.minihorse.eu\\\/#\\\/schema\\\/logo\\\/image\\\/\"},\"sameAs\":[\"https:\\\/\\\/www.facebook.com\\\/profile.php?id=100063487117479\"]}]}<\/script>\n<!-- \/ Yoast SEO plugin. -->","yoast_head_json":{"title":"Dux brosse \u00e0 queue et crini\u00e8re - Minihorse.eu","robots":{"index":"index","follow":"follow","max-snippet":"max-snippet:-1","max-image-preview":"max-image-preview:large","max-video-preview":"max-video-preview:-1"},"canonical":"https:\/\/www.minihorse.eu\/fr\/produit\/dux-brosse-a-queue-et-criniere\/","og_locale":"fr_FR","og_type":"article","og_title":"Dux brosse \u00e0 queue et crini\u00e8re - Minihorse.eu","og_description":"Brosse pour queue et crini\u00e8re Dux est brosse robuste avec des picots flexibles et arrondis pour un d\u00e9m\u00ealage doux et efficace de la queue et de la crini\u00e8re. Pr\u00e9vient la casse des poils et tient confortablement dans la main. Id\u00e9ale pour un usage quotidien.","og_url":"https:\/\/www.minihorse.eu\/fr\/produit\/dux-brosse-a-queue-et-criniere\/","og_site_name":"Minihorse.eu","article_publisher":"https:\/\/www.facebook.com\/profile.php?id=100063487117479","article_modified_time":"2025-10-17T14:52:43+00:00","og_image":[{"width":387,"height":220,"url":"https:\/\/www.minihorse.eu\/wp-content\/uploads\/2025\/05\/Dux-borstel.jpg","type":"image\/jpeg"}],"twitter_card":"summary_large_image","schema":{"@context":"https:\/\/schema.org","@graph":[{"@type":"WebPage","@id":"https:\/\/www.minihorse.eu\/fr\/produit\/dux-brosse-a-queue-et-criniere\/","url":"https:\/\/www.minihorse.eu\/fr\/produit\/dux-brosse-a-queue-et-criniere\/","name":"Dux brosse \u00e0 queue et crini\u00e8re - Minihorse.eu","isPartOf":{"@id":"https:\/\/www.minihorse.eu\/#website"},"primaryImageOfPage":{"@id":"https:\/\/www.minihorse.eu\/fr\/produit\/dux-brosse-a-queue-et-criniere\/#primaryimage"},"image":{"@id":"https:\/\/www.minihorse.eu\/fr\/produit\/dux-brosse-a-queue-et-criniere\/#primaryimage"},"thumbnailUrl":"https:\/\/www.minihorse.eu\/wp-content\/uploads\/2025\/05\/Dux-borstel.jpg","datePublished":"2025-05-07T21:42:44+00:00","dateModified":"2025-10-17T14:52:43+00:00","breadcrumb":{"@id":"https:\/\/www.minihorse.eu\/fr\/produit\/dux-brosse-a-queue-et-criniere\/#breadcrumb"},"inLanguage":"fr-FR","potentialAction":[{"@type":"ReadAction","target":["https:\/\/www.minihorse.eu\/fr\/produit\/dux-brosse-a-queue-et-criniere\/"]}]},{"@type":"ImageObject","inLanguage":"fr-FR","@id":"https:\/\/www.minihorse.eu\/fr\/produit\/dux-brosse-a-queue-et-criniere\/#primaryimage","url":"https:\/\/www.minihorse.eu\/wp-content\/uploads\/2025\/05\/Dux-borstel.jpg","contentUrl":"https:\/\/www.minihorse.eu\/wp-content\/uploads\/2025\/05\/Dux-borstel.jpg","width":387,"height":220},{"@type":"BreadcrumbList","@id":"https:\/\/www.minihorse.eu\/fr\/produit\/dux-brosse-a-queue-et-criniere\/#breadcrumb","itemListElement":[{"@type":"ListItem","position":1,"name":"Home","item":"https:\/\/www.minihorse.eu\/fr\/accueil\/"},{"@type":"ListItem","position":2,"name":"Boutique","item":"https:\/\/www.minihorse.eu\/fr\/boutique\/"},{"@type":"ListItem","position":3,"name":"Dux brosse \u00e0 queue et crini\u00e8re"}]},{"@type":"WebSite","@id":"https:\/\/www.minihorse.eu\/#website","url":"https:\/\/www.minihorse.eu\/","name":"Minihorse.eu","description":"The #1 store for Miniature Horses","publisher":{"@id":"https:\/\/www.minihorse.eu\/#organization"},"potentialAction":[{"@type":"SearchAction","target":{"@type":"EntryPoint","urlTemplate":"https:\/\/www.minihorse.eu\/?s={search_term_string}"},"query-input":{"@type":"PropertyValueSpecification","valueRequired":true,"valueName":"search_term_string"}}],"inLanguage":"fr-FR"},{"@type":"Organization","@id":"https:\/\/www.minihorse.eu\/#organization","name":"Minihorse.eu","url":"https:\/\/www.minihorse.eu\/","logo":{"@type":"ImageObject","inLanguage":"fr-FR","@id":"https:\/\/www.minihorse.eu\/#\/schema\/logo\/image\/","url":"https:\/\/www.minihorse.eu\/wp-content\/uploads\/2024\/08\/Logo-minihorse-ext.png","contentUrl":"https:\/\/www.minihorse.eu\/wp-content\/uploads\/2024\/08\/Logo-minihorse-ext.png","width":500,"height":500,"caption":"Minihorse.eu"},"image":{"@id":"https:\/\/www.minihorse.eu\/#\/schema\/logo\/image\/"},"sameAs":["https:\/\/www.facebook.com\/profile.php?id=100063487117479"]}]}},"jetpack_sharing_enabled":true,"_links":{"self":[{"href":"https:\/\/www.minihorse.eu\/fr\/wp-json\/wp\/v2\/product\/9593","targetHints":{"allow":["GET"]}}],"collection":[{"href":"https:\/\/www.minihorse.eu\/fr\/wp-json\/wp\/v2\/product"}],"about":[{"href":"https:\/\/www.minihorse.eu\/fr\/wp-json\/wp\/v2\/types\/product"}],"replies":[{"embeddable":true,"href":"https:\/\/www.minihorse.eu\/fr\/wp-json\/wp\/v2\/comments?post=9593"}],"wp:featuredmedia":[{"embeddable":true,"href":"https:\/\/www.minihorse.eu\/fr\/wp-json\/wp\/v2\/media\/9585"}],"wp:attachment":[{"href":"https:\/\/www.minihorse.eu\/fr\/wp-json\/wp\/v2\/media?parent=9593"}],"wp:term":[{"taxonomy":"product_brand","embeddable":true,"href":"https:\/\/www.minihorse.eu\/fr\/wp-json\/wp\/v2\/product_brand?post=9593"},{"taxonomy":"product_cat","embeddable":true,"href":"https:\/\/www.minihorse.eu\/fr\/wp-json\/wp\/v2\/product_cat?post=9593"},{"taxonomy":"product_tag","embeddable":true,"href":"https:\/\/www.minihorse.eu\/fr\/wp-json\/wp\/v2\/product_tag?post=9593"}],"curies":[{"name":"wp","href":"https:\/\/api.w.org\/{rel}","templated":true}]}}