{"id":9613,"date":"2025-05-09T10:42:43","date_gmt":"2025-05-09T10:42:43","guid":{"rendered":"https:\/\/www.minihorse.eu\/product\/mangeoire-a-foin-plastique-40-cm\/"},"modified":"2025-05-09T10:42:43","modified_gmt":"2025-05-09T10:42:43","slug":"mangeoire-a-foin-plastique-40-cm","status":"publish","type":"product","link":"https:\/\/www.minihorse.eu\/fr\/produit\/mangeoire-a-foin-plastique-40-cm\/","title":{"rendered":"Mangeoire \u00e0 foin plastique 40 cm"},"content":{"rendered":"<div>Pr\u00e9venez l&rsquo;ennui dans l&rsquo;\u00e9table et donnez du foin lentement &#8211; avec une <strong>mangeoire \u00e0 foin<\/strong> lente.<\/div>\n<div>Voici l&rsquo;unique mangeoire \u00e0 foin pour tous les animaux au p\u00e2turage. Fabriqu\u00e9e en plastique polyamide ultra solide et r\u00e9sistant aux UV, elle est pratiquement indestructible et con\u00e7ue pour un usage intensif. <\/div>\n<div>Gr\u00e2ce \u00e0 ses ouvertures astucieuses, le foin est lib\u00e9r\u00e9 progressivement, ce qui assure non seulement une digestion optimale, mais stimule \u00e9galement le comportement alimentaire naturel. Sa forme ronde en fait \u00e9galement une balle de jeu id\u00e9ale : parfaite pour lutter contre l&rsquo;ennui dans l&rsquo;\u00e9curie. <\/div>\n<div>L\u00e9ger, facile \u00e0 remplir, \u00e0 d\u00e9placer, \u00e0 suspendre et \u00e0 nettoyer. Id\u00e9ale pour l&rsquo;\u00e9curie, la remorque ou le pr\u00e9. <\/div>\n<div>La mangeoire lente est livr\u00e9e avec un crochet de suspension et une corde. Avec la mangeoire lente, vous contribuez, entre autres, \u00e0 une transition en douceur entre le p\u00e2turage et l&rsquo;\u00e9table. <\/div>\n<div><\/div>\n<div><\/div>\n","protected":false},"excerpt":{"rendered":"<div>Pr\u00e9venez l&rsquo;ennui \u00e0 l&rsquo;\u00e9curie et donnez du foin lentement &#8211; avec un <strong>mangeoire \u00e0 foin de 40 cm <\/strong>en plastique polyamide ultra solide et r\u00e9sistant aux UV. L\u00e9g\u00e8re, facile \u00e0 remplir, \u00e0 d\u00e9placer, \u00e0 suspendre et \u00e0 nettoyer. Id\u00e9ale pour l&rsquo;\u00e9curie, la remorque ou simplement pour l&rsquo;ext\u00e9rieur, dans le pr\u00e9. Livr\u00e9e avec crochet de suspension et corde.   <\/div>\n<div><\/div>\n","protected":false},"featured_media":9606,"comment_status":"open","ping_status":"closed","template":"","meta":[],"product_brand":[],"product_cat":[188],"product_tag":[1166,960,1049],"class_list":{"0":"post-9613","1":"product","2":"type-product","3":"status-publish","4":"has-post-thumbnail","6":"product_cat-ecuries","7":"product_tag-balle-de-foin","8":"product_tag-filet-a-foin","9":"product_tag-mangeur-lent","11":"first","12":"instock","13":"taxable","14":"shipping-taxable","15":"purchasable","16":"product-type-simple"},"yoast_head":"<!-- This site is optimized with the Yoast SEO plugin v27.4 - https:\/\/yoast.com\/product\/yoast-seo-wordpress\/ -->\n<title>Mangeoire \u00e0 foin plastique 40 cm - Minihorse.eu<\/title>\n<meta name=\"robots\" content=\"index, follow, max-snippet:-1, max-image-preview:large, max-video-preview:-1\" \/>\n<link rel=\"canonical\" href=\"https:\/\/www.minihorse.eu\/fr\/produit\/mangeoire-a-foin-plastique-40-cm\/\" \/>\n<meta property=\"og:locale\" content=\"fr_FR\" \/>\n<meta property=\"og:type\" content=\"article\" \/>\n<meta property=\"og:title\" content=\"Mangeoire \u00e0 foin plastique 40 cm - Minihorse.eu\" \/>\n<meta property=\"og:description\" content=\"Pr\u00e9venez l&#039;ennui \u00e0 l&#039;\u00e9curie et donnez du foin lentement - avec un mangeoire \u00e0 foin de 40 cm en plastique polyamide ultra solide et r\u00e9sistant aux UV. L\u00e9g\u00e8re, facile \u00e0 remplir, \u00e0 d\u00e9placer, \u00e0 suspendre et \u00e0 nettoyer. Id\u00e9ale pour l&#039;\u00e9curie, la remorque ou simplement pour l&#039;ext\u00e9rieur, dans le pr\u00e9. Livr\u00e9e avec crochet de suspension et corde.\" \/>\n<meta property=\"og:url\" content=\"https:\/\/www.minihorse.eu\/fr\/produit\/mangeoire-a-foin-plastique-40-cm\/\" \/>\n<meta property=\"og:site_name\" content=\"Minihorse.eu\" \/>\n<meta property=\"article:publisher\" content=\"https:\/\/www.facebook.com\/profile.php?id=100063487117479\" \/>\n<meta property=\"og:image\" content=\"https:\/\/www.minihorse.eu\/wp-content\/uploads\/2025\/05\/Hooi-slowfeeder.jpg\" \/>\n\t<meta property=\"og:image:width\" content=\"327\" \/>\n\t<meta property=\"og:image:height\" content=\"404\" \/>\n\t<meta property=\"og:image:type\" content=\"image\/jpeg\" \/>\n<meta name=\"twitter:card\" content=\"summary_large_image\" \/>\n<meta name=\"twitter:label1\" content=\"Dur\u00e9e de lecture estim\u00e9e\" \/>\n\t<meta name=\"twitter:data1\" content=\"1 minute\" \/>\n<script type=\"application\/ld+json\" class=\"yoast-schema-graph\">{\"@context\":\"https:\\\/\\\/schema.org\",\"@graph\":[{\"@type\":\"WebPage\",\"@id\":\"https:\\\/\\\/www.minihorse.eu\\\/fr\\\/produit\\\/mangeoire-a-foin-plastique-40-cm\\\/\",\"url\":\"https:\\\/\\\/www.minihorse.eu\\\/fr\\\/produit\\\/mangeoire-a-foin-plastique-40-cm\\\/\",\"name\":\"Mangeoire \u00e0 foin plastique 40 cm - Minihorse.eu\",\"isPartOf\":{\"@id\":\"https:\\\/\\\/www.minihorse.eu\\\/#website\"},\"primaryImageOfPage\":{\"@id\":\"https:\\\/\\\/www.minihorse.eu\\\/fr\\\/produit\\\/mangeoire-a-foin-plastique-40-cm\\\/#primaryimage\"},\"image\":{\"@id\":\"https:\\\/\\\/www.minihorse.eu\\\/fr\\\/produit\\\/mangeoire-a-foin-plastique-40-cm\\\/#primaryimage\"},\"thumbnailUrl\":\"https:\\\/\\\/www.minihorse.eu\\\/wp-content\\\/uploads\\\/2025\\\/05\\\/Hooi-slowfeeder.jpg\",\"datePublished\":\"2025-05-09T10:42:43+00:00\",\"breadcrumb\":{\"@id\":\"https:\\\/\\\/www.minihorse.eu\\\/fr\\\/produit\\\/mangeoire-a-foin-plastique-40-cm\\\/#breadcrumb\"},\"inLanguage\":\"fr-FR\",\"potentialAction\":[{\"@type\":\"ReadAction\",\"target\":[\"https:\\\/\\\/www.minihorse.eu\\\/fr\\\/produit\\\/mangeoire-a-foin-plastique-40-cm\\\/\"]}]},{\"@type\":\"ImageObject\",\"inLanguage\":\"fr-FR\",\"@id\":\"https:\\\/\\\/www.minihorse.eu\\\/fr\\\/produit\\\/mangeoire-a-foin-plastique-40-cm\\\/#primaryimage\",\"url\":\"https:\\\/\\\/www.minihorse.eu\\\/wp-content\\\/uploads\\\/2025\\\/05\\\/Hooi-slowfeeder.jpg\",\"contentUrl\":\"https:\\\/\\\/www.minihorse.eu\\\/wp-content\\\/uploads\\\/2025\\\/05\\\/Hooi-slowfeeder.jpg\",\"width\":327,\"height\":404},{\"@type\":\"BreadcrumbList\",\"@id\":\"https:\\\/\\\/www.minihorse.eu\\\/fr\\\/produit\\\/mangeoire-a-foin-plastique-40-cm\\\/#breadcrumb\",\"itemListElement\":[{\"@type\":\"ListItem\",\"position\":1,\"name\":\"Home\",\"item\":\"https:\\\/\\\/www.minihorse.eu\\\/fr\\\/accueil\\\/\"},{\"@type\":\"ListItem\",\"position\":2,\"name\":\"Boutique\",\"item\":\"https:\\\/\\\/www.minihorse.eu\\\/fr\\\/boutique\\\/\"},{\"@type\":\"ListItem\",\"position\":3,\"name\":\"Mangeoire \u00e0 foin plastique 40 cm\"}]},{\"@type\":\"WebSite\",\"@id\":\"https:\\\/\\\/www.minihorse.eu\\\/#website\",\"url\":\"https:\\\/\\\/www.minihorse.eu\\\/\",\"name\":\"Minihorse.eu\",\"description\":\"The #1 store for Miniature Horses\",\"publisher\":{\"@id\":\"https:\\\/\\\/www.minihorse.eu\\\/#organization\"},\"potentialAction\":[{\"@type\":\"SearchAction\",\"target\":{\"@type\":\"EntryPoint\",\"urlTemplate\":\"https:\\\/\\\/www.minihorse.eu\\\/?s={search_term_string}\"},\"query-input\":{\"@type\":\"PropertyValueSpecification\",\"valueRequired\":true,\"valueName\":\"search_term_string\"}}],\"inLanguage\":\"fr-FR\"},{\"@type\":\"Organization\",\"@id\":\"https:\\\/\\\/www.minihorse.eu\\\/#organization\",\"name\":\"Minihorse.eu\",\"url\":\"https:\\\/\\\/www.minihorse.eu\\\/\",\"logo\":{\"@type\":\"ImageObject\",\"inLanguage\":\"fr-FR\",\"@id\":\"https:\\\/\\\/www.minihorse.eu\\\/#\\\/schema\\\/logo\\\/image\\\/\",\"url\":\"https:\\\/\\\/www.minihorse.eu\\\/wp-content\\\/uploads\\\/2024\\\/08\\\/Logo-minihorse-ext.png\",\"contentUrl\":\"https:\\\/\\\/www.minihorse.eu\\\/wp-content\\\/uploads\\\/2024\\\/08\\\/Logo-minihorse-ext.png\",\"width\":500,\"height\":500,\"caption\":\"Minihorse.eu\"},\"image\":{\"@id\":\"https:\\\/\\\/www.minihorse.eu\\\/#\\\/schema\\\/logo\\\/image\\\/\"},\"sameAs\":[\"https:\\\/\\\/www.facebook.com\\\/profile.php?id=100063487117479\"]}]}<\/script>\n<!-- \/ Yoast SEO plugin. -->","yoast_head_json":{"title":"Mangeoire \u00e0 foin plastique 40 cm - Minihorse.eu","robots":{"index":"index","follow":"follow","max-snippet":"max-snippet:-1","max-image-preview":"max-image-preview:large","max-video-preview":"max-video-preview:-1"},"canonical":"https:\/\/www.minihorse.eu\/fr\/produit\/mangeoire-a-foin-plastique-40-cm\/","og_locale":"fr_FR","og_type":"article","og_title":"Mangeoire \u00e0 foin plastique 40 cm - Minihorse.eu","og_description":"Pr\u00e9venez l'ennui \u00e0 l'\u00e9curie et donnez du foin lentement - avec un mangeoire \u00e0 foin de 40 cm en plastique polyamide ultra solide et r\u00e9sistant aux UV. L\u00e9g\u00e8re, facile \u00e0 remplir, \u00e0 d\u00e9placer, \u00e0 suspendre et \u00e0 nettoyer. Id\u00e9ale pour l'\u00e9curie, la remorque ou simplement pour l'ext\u00e9rieur, dans le pr\u00e9. Livr\u00e9e avec crochet de suspension et corde.","og_url":"https:\/\/www.minihorse.eu\/fr\/produit\/mangeoire-a-foin-plastique-40-cm\/","og_site_name":"Minihorse.eu","article_publisher":"https:\/\/www.facebook.com\/profile.php?id=100063487117479","og_image":[{"width":327,"height":404,"url":"https:\/\/www.minihorse.eu\/wp-content\/uploads\/2025\/05\/Hooi-slowfeeder.jpg","type":"image\/jpeg"}],"twitter_card":"summary_large_image","twitter_misc":{"Dur\u00e9e de lecture estim\u00e9e":"1 minute"},"schema":{"@context":"https:\/\/schema.org","@graph":[{"@type":"WebPage","@id":"https:\/\/www.minihorse.eu\/fr\/produit\/mangeoire-a-foin-plastique-40-cm\/","url":"https:\/\/www.minihorse.eu\/fr\/produit\/mangeoire-a-foin-plastique-40-cm\/","name":"Mangeoire \u00e0 foin plastique 40 cm - Minihorse.eu","isPartOf":{"@id":"https:\/\/www.minihorse.eu\/#website"},"primaryImageOfPage":{"@id":"https:\/\/www.minihorse.eu\/fr\/produit\/mangeoire-a-foin-plastique-40-cm\/#primaryimage"},"image":{"@id":"https:\/\/www.minihorse.eu\/fr\/produit\/mangeoire-a-foin-plastique-40-cm\/#primaryimage"},"thumbnailUrl":"https:\/\/www.minihorse.eu\/wp-content\/uploads\/2025\/05\/Hooi-slowfeeder.jpg","datePublished":"2025-05-09T10:42:43+00:00","breadcrumb":{"@id":"https:\/\/www.minihorse.eu\/fr\/produit\/mangeoire-a-foin-plastique-40-cm\/#breadcrumb"},"inLanguage":"fr-FR","potentialAction":[{"@type":"ReadAction","target":["https:\/\/www.minihorse.eu\/fr\/produit\/mangeoire-a-foin-plastique-40-cm\/"]}]},{"@type":"ImageObject","inLanguage":"fr-FR","@id":"https:\/\/www.minihorse.eu\/fr\/produit\/mangeoire-a-foin-plastique-40-cm\/#primaryimage","url":"https:\/\/www.minihorse.eu\/wp-content\/uploads\/2025\/05\/Hooi-slowfeeder.jpg","contentUrl":"https:\/\/www.minihorse.eu\/wp-content\/uploads\/2025\/05\/Hooi-slowfeeder.jpg","width":327,"height":404},{"@type":"BreadcrumbList","@id":"https:\/\/www.minihorse.eu\/fr\/produit\/mangeoire-a-foin-plastique-40-cm\/#breadcrumb","itemListElement":[{"@type":"ListItem","position":1,"name":"Home","item":"https:\/\/www.minihorse.eu\/fr\/accueil\/"},{"@type":"ListItem","position":2,"name":"Boutique","item":"https:\/\/www.minihorse.eu\/fr\/boutique\/"},{"@type":"ListItem","position":3,"name":"Mangeoire \u00e0 foin plastique 40 cm"}]},{"@type":"WebSite","@id":"https:\/\/www.minihorse.eu\/#website","url":"https:\/\/www.minihorse.eu\/","name":"Minihorse.eu","description":"The #1 store for Miniature Horses","publisher":{"@id":"https:\/\/www.minihorse.eu\/#organization"},"potentialAction":[{"@type":"SearchAction","target":{"@type":"EntryPoint","urlTemplate":"https:\/\/www.minihorse.eu\/?s={search_term_string}"},"query-input":{"@type":"PropertyValueSpecification","valueRequired":true,"valueName":"search_term_string"}}],"inLanguage":"fr-FR"},{"@type":"Organization","@id":"https:\/\/www.minihorse.eu\/#organization","name":"Minihorse.eu","url":"https:\/\/www.minihorse.eu\/","logo":{"@type":"ImageObject","inLanguage":"fr-FR","@id":"https:\/\/www.minihorse.eu\/#\/schema\/logo\/image\/","url":"https:\/\/www.minihorse.eu\/wp-content\/uploads\/2024\/08\/Logo-minihorse-ext.png","contentUrl":"https:\/\/www.minihorse.eu\/wp-content\/uploads\/2024\/08\/Logo-minihorse-ext.png","width":500,"height":500,"caption":"Minihorse.eu"},"image":{"@id":"https:\/\/www.minihorse.eu\/#\/schema\/logo\/image\/"},"sameAs":["https:\/\/www.facebook.com\/profile.php?id=100063487117479"]}]}},"jetpack_sharing_enabled":true,"_links":{"self":[{"href":"https:\/\/www.minihorse.eu\/fr\/wp-json\/wp\/v2\/product\/9613","targetHints":{"allow":["GET"]}}],"collection":[{"href":"https:\/\/www.minihorse.eu\/fr\/wp-json\/wp\/v2\/product"}],"about":[{"href":"https:\/\/www.minihorse.eu\/fr\/wp-json\/wp\/v2\/types\/product"}],"replies":[{"embeddable":true,"href":"https:\/\/www.minihorse.eu\/fr\/wp-json\/wp\/v2\/comments?post=9613"}],"wp:featuredmedia":[{"embeddable":true,"href":"https:\/\/www.minihorse.eu\/fr\/wp-json\/wp\/v2\/media\/9606"}],"wp:attachment":[{"href":"https:\/\/www.minihorse.eu\/fr\/wp-json\/wp\/v2\/media?parent=9613"}],"wp:term":[{"taxonomy":"product_brand","embeddable":true,"href":"https:\/\/www.minihorse.eu\/fr\/wp-json\/wp\/v2\/product_brand?post=9613"},{"taxonomy":"product_cat","embeddable":true,"href":"https:\/\/www.minihorse.eu\/fr\/wp-json\/wp\/v2\/product_cat?post=9613"},{"taxonomy":"product_tag","embeddable":true,"href":"https:\/\/www.minihorse.eu\/fr\/wp-json\/wp\/v2\/product_tag?post=9613"}],"curies":[{"name":"wp","href":"https:\/\/api.w.org\/{rel}","templated":true}]}}