{"id":9895,"date":"2025-05-31T09:49:04","date_gmt":"2025-05-31T09:49:04","guid":{"rendered":"https:\/\/www.minihorse.eu\/product\/biscuits-pour-chevaux-1-kg\/"},"modified":"2025-05-31T09:49:04","modified_gmt":"2025-05-31T09:49:04","slug":"biscuits-pour-chevaux-1-kg","status":"publish","type":"product","link":"https:\/\/www.minihorse.eu\/fr\/produit\/biscuits-pour-chevaux-1-kg\/","title":{"rendered":"Biscuits pour chevaux 1 kg"},"content":{"rendered":"<p>Les biscuits pour chevaux aux saveurs de pomme et de carotte sont parfaits comme g\u00e2terie pour votre cheval. Ils ne sont pas seulement savoureux, mais aussi sains. Les biscuits contiennent des substances pr\u00e9cieuses telles que les vitamines A, D3 et E, ainsi que des min\u00e9raux comme le calcium et le phosphore. Fini le probl\u00e8me des biscuits qui se d\u00e9sagr\u00e8gent. Ces biscuits fermes sont faciles \u00e0 transporter et \u00e0 sortir de votre poche sans s&rsquo;effriter.    <\/p>\n","protected":false},"excerpt":{"rendered":"<p>Les biscuits pour chevaux aux saveurs de pomme et de carotte sont parfaits comme g\u00e2terie pour votre cheval. Ils ne sont pas seulement savoureux, mais aussi sains. Les biscuits contiennent des substances pr\u00e9cieuses telles que les vitamines A, D3 et E, ainsi que des min\u00e9raux comme le calcium et le phosphore. Fini le probl\u00e8me des biscuits qui se d\u00e9sagr\u00e8gent.   <\/p>\n","protected":false},"featured_media":9891,"comment_status":"open","ping_status":"closed","template":"","meta":[],"product_brand":[],"product_cat":[213],"product_tag":[1236,1237,1238,1239],"class_list":{"0":"post-9895","1":"product","2":"type-product","3":"status-publish","4":"has-post-thumbnail","6":"product_cat-friandises-et-jouets-pour-chevaux","7":"product_tag-biscuits-pour-chevaux","8":"product_tag-carotte","9":"product_tag-pomme","10":"product_tag-traitement-pour-chevaux","12":"first","13":"instock","14":"taxable","15":"shipping-taxable","16":"purchasable","17":"product-type-variable"},"yoast_head":"<!-- This site is optimized with the Yoast SEO plugin v27.5 - https:\/\/yoast.com\/product\/yoast-seo-wordpress\/ -->\n<title>Biscuits pour chevaux 1 kg - Minihorse.eu<\/title>\n<meta name=\"description\" content=\"Les biscuits pour chevaux aux saveurs de pomme et de carotte sont parfaits comme g\u00e2terie pour votre cheval. Ils ne sont pas seulement savoureux, mais aussi sains.\" \/>\n<meta name=\"robots\" content=\"index, follow, max-snippet:-1, max-image-preview:large, max-video-preview:-1\" \/>\n<link rel=\"canonical\" href=\"https:\/\/www.minihorse.eu\/fr\/produit\/biscuits-pour-chevaux-1-kg\/\" \/>\n<meta property=\"og:locale\" content=\"fr_FR\" \/>\n<meta property=\"og:type\" content=\"article\" \/>\n<meta property=\"og:title\" content=\"Biscuits pour chevaux 1 kg - Minihorse.eu\" \/>\n<meta property=\"og:description\" content=\"Les biscuits pour chevaux aux saveurs de pomme et de carotte sont parfaits comme g\u00e2terie pour votre cheval. Ils ne sont pas seulement savoureux, mais aussi sains.\" \/>\n<meta property=\"og:url\" content=\"https:\/\/www.minihorse.eu\/fr\/produit\/biscuits-pour-chevaux-1-kg\/\" \/>\n<meta property=\"og:site_name\" content=\"Minihorse.eu\" \/>\n<meta property=\"article:publisher\" content=\"https:\/\/www.facebook.com\/profile.php?id=100063487117479\" \/>\n<meta property=\"og:image\" content=\"https:\/\/www.minihorse.eu\/wp-content\/uploads\/2025\/05\/Schermafbeelding-2024-02-29-175259.png\" \/>\n\t<meta property=\"og:image:width\" content=\"384\" \/>\n\t<meta property=\"og:image:height\" content=\"532\" \/>\n\t<meta property=\"og:image:type\" content=\"image\/png\" \/>\n<meta name=\"twitter:card\" content=\"summary_large_image\" \/>\n<script type=\"application\/ld+json\" class=\"yoast-schema-graph\">{\"@context\":\"https:\\\/\\\/schema.org\",\"@graph\":[{\"@type\":\"WebPage\",\"@id\":\"https:\\\/\\\/www.minihorse.eu\\\/fr\\\/produit\\\/biscuits-pour-chevaux-1-kg\\\/\",\"url\":\"https:\\\/\\\/www.minihorse.eu\\\/fr\\\/produit\\\/biscuits-pour-chevaux-1-kg\\\/\",\"name\":\"Biscuits pour chevaux 1 kg - Minihorse.eu\",\"isPartOf\":{\"@id\":\"https:\\\/\\\/www.minihorse.eu\\\/#website\"},\"primaryImageOfPage\":{\"@id\":\"https:\\\/\\\/www.minihorse.eu\\\/fr\\\/produit\\\/biscuits-pour-chevaux-1-kg\\\/#primaryimage\"},\"image\":{\"@id\":\"https:\\\/\\\/www.minihorse.eu\\\/fr\\\/produit\\\/biscuits-pour-chevaux-1-kg\\\/#primaryimage\"},\"thumbnailUrl\":\"https:\\\/\\\/www.minihorse.eu\\\/wp-content\\\/uploads\\\/2025\\\/05\\\/Schermafbeelding-2024-02-29-175259.png\",\"datePublished\":\"2025-05-31T09:49:04+00:00\",\"description\":\"Les biscuits pour chevaux aux saveurs de pomme et de carotte sont parfaits comme g\u00e2terie pour votre cheval. Ils ne sont pas seulement savoureux, mais aussi sains.\",\"breadcrumb\":{\"@id\":\"https:\\\/\\\/www.minihorse.eu\\\/fr\\\/produit\\\/biscuits-pour-chevaux-1-kg\\\/#breadcrumb\"},\"inLanguage\":\"fr-FR\",\"potentialAction\":[{\"@type\":\"ReadAction\",\"target\":[\"https:\\\/\\\/www.minihorse.eu\\\/fr\\\/produit\\\/biscuits-pour-chevaux-1-kg\\\/\"]}]},{\"@type\":\"ImageObject\",\"inLanguage\":\"fr-FR\",\"@id\":\"https:\\\/\\\/www.minihorse.eu\\\/fr\\\/produit\\\/biscuits-pour-chevaux-1-kg\\\/#primaryimage\",\"url\":\"https:\\\/\\\/www.minihorse.eu\\\/wp-content\\\/uploads\\\/2025\\\/05\\\/Schermafbeelding-2024-02-29-175259.png\",\"contentUrl\":\"https:\\\/\\\/www.minihorse.eu\\\/wp-content\\\/uploads\\\/2025\\\/05\\\/Schermafbeelding-2024-02-29-175259.png\",\"width\":384,\"height\":532},{\"@type\":\"BreadcrumbList\",\"@id\":\"https:\\\/\\\/www.minihorse.eu\\\/fr\\\/produit\\\/biscuits-pour-chevaux-1-kg\\\/#breadcrumb\",\"itemListElement\":[{\"@type\":\"ListItem\",\"position\":1,\"name\":\"Home\",\"item\":\"https:\\\/\\\/www.minihorse.eu\\\/fr\\\/accueil\\\/\"},{\"@type\":\"ListItem\",\"position\":2,\"name\":\"Boutique\",\"item\":\"https:\\\/\\\/www.minihorse.eu\\\/fr\\\/boutique\\\/\"},{\"@type\":\"ListItem\",\"position\":3,\"name\":\"Biscuits pour chevaux 1 kg\"}]},{\"@type\":\"WebSite\",\"@id\":\"https:\\\/\\\/www.minihorse.eu\\\/#website\",\"url\":\"https:\\\/\\\/www.minihorse.eu\\\/\",\"name\":\"Minihorse.eu\",\"description\":\"The #1 store for Miniature Horses\",\"publisher\":{\"@id\":\"https:\\\/\\\/www.minihorse.eu\\\/#organization\"},\"potentialAction\":[{\"@type\":\"SearchAction\",\"target\":{\"@type\":\"EntryPoint\",\"urlTemplate\":\"https:\\\/\\\/www.minihorse.eu\\\/?s={search_term_string}\"},\"query-input\":{\"@type\":\"PropertyValueSpecification\",\"valueRequired\":true,\"valueName\":\"search_term_string\"}}],\"inLanguage\":\"fr-FR\"},{\"@type\":\"Organization\",\"@id\":\"https:\\\/\\\/www.minihorse.eu\\\/#organization\",\"name\":\"Minihorse.eu\",\"url\":\"https:\\\/\\\/www.minihorse.eu\\\/\",\"logo\":{\"@type\":\"ImageObject\",\"inLanguage\":\"fr-FR\",\"@id\":\"https:\\\/\\\/www.minihorse.eu\\\/#\\\/schema\\\/logo\\\/image\\\/\",\"url\":\"https:\\\/\\\/www.minihorse.eu\\\/wp-content\\\/uploads\\\/2024\\\/08\\\/Logo-minihorse-ext.png\",\"contentUrl\":\"https:\\\/\\\/www.minihorse.eu\\\/wp-content\\\/uploads\\\/2024\\\/08\\\/Logo-minihorse-ext.png\",\"width\":500,\"height\":500,\"caption\":\"Minihorse.eu\"},\"image\":{\"@id\":\"https:\\\/\\\/www.minihorse.eu\\\/#\\\/schema\\\/logo\\\/image\\\/\"},\"sameAs\":[\"https:\\\/\\\/www.facebook.com\\\/profile.php?id=100063487117479\"]}]}<\/script>\n<!-- \/ Yoast SEO plugin. -->","yoast_head_json":{"title":"Biscuits pour chevaux 1 kg - Minihorse.eu","description":"Les biscuits pour chevaux aux saveurs de pomme et de carotte sont parfaits comme g\u00e2terie pour votre cheval. Ils ne sont pas seulement savoureux, mais aussi sains.","robots":{"index":"index","follow":"follow","max-snippet":"max-snippet:-1","max-image-preview":"max-image-preview:large","max-video-preview":"max-video-preview:-1"},"canonical":"https:\/\/www.minihorse.eu\/fr\/produit\/biscuits-pour-chevaux-1-kg\/","og_locale":"fr_FR","og_type":"article","og_title":"Biscuits pour chevaux 1 kg - Minihorse.eu","og_description":"Les biscuits pour chevaux aux saveurs de pomme et de carotte sont parfaits comme g\u00e2terie pour votre cheval. Ils ne sont pas seulement savoureux, mais aussi sains.","og_url":"https:\/\/www.minihorse.eu\/fr\/produit\/biscuits-pour-chevaux-1-kg\/","og_site_name":"Minihorse.eu","article_publisher":"https:\/\/www.facebook.com\/profile.php?id=100063487117479","og_image":[{"width":384,"height":532,"url":"https:\/\/www.minihorse.eu\/wp-content\/uploads\/2025\/05\/Schermafbeelding-2024-02-29-175259.png","type":"image\/png"}],"twitter_card":"summary_large_image","schema":{"@context":"https:\/\/schema.org","@graph":[{"@type":"WebPage","@id":"https:\/\/www.minihorse.eu\/fr\/produit\/biscuits-pour-chevaux-1-kg\/","url":"https:\/\/www.minihorse.eu\/fr\/produit\/biscuits-pour-chevaux-1-kg\/","name":"Biscuits pour chevaux 1 kg - Minihorse.eu","isPartOf":{"@id":"https:\/\/www.minihorse.eu\/#website"},"primaryImageOfPage":{"@id":"https:\/\/www.minihorse.eu\/fr\/produit\/biscuits-pour-chevaux-1-kg\/#primaryimage"},"image":{"@id":"https:\/\/www.minihorse.eu\/fr\/produit\/biscuits-pour-chevaux-1-kg\/#primaryimage"},"thumbnailUrl":"https:\/\/www.minihorse.eu\/wp-content\/uploads\/2025\/05\/Schermafbeelding-2024-02-29-175259.png","datePublished":"2025-05-31T09:49:04+00:00","description":"Les biscuits pour chevaux aux saveurs de pomme et de carotte sont parfaits comme g\u00e2terie pour votre cheval. Ils ne sont pas seulement savoureux, mais aussi sains.","breadcrumb":{"@id":"https:\/\/www.minihorse.eu\/fr\/produit\/biscuits-pour-chevaux-1-kg\/#breadcrumb"},"inLanguage":"fr-FR","potentialAction":[{"@type":"ReadAction","target":["https:\/\/www.minihorse.eu\/fr\/produit\/biscuits-pour-chevaux-1-kg\/"]}]},{"@type":"ImageObject","inLanguage":"fr-FR","@id":"https:\/\/www.minihorse.eu\/fr\/produit\/biscuits-pour-chevaux-1-kg\/#primaryimage","url":"https:\/\/www.minihorse.eu\/wp-content\/uploads\/2025\/05\/Schermafbeelding-2024-02-29-175259.png","contentUrl":"https:\/\/www.minihorse.eu\/wp-content\/uploads\/2025\/05\/Schermafbeelding-2024-02-29-175259.png","width":384,"height":532},{"@type":"BreadcrumbList","@id":"https:\/\/www.minihorse.eu\/fr\/produit\/biscuits-pour-chevaux-1-kg\/#breadcrumb","itemListElement":[{"@type":"ListItem","position":1,"name":"Home","item":"https:\/\/www.minihorse.eu\/fr\/accueil\/"},{"@type":"ListItem","position":2,"name":"Boutique","item":"https:\/\/www.minihorse.eu\/fr\/boutique\/"},{"@type":"ListItem","position":3,"name":"Biscuits pour chevaux 1 kg"}]},{"@type":"WebSite","@id":"https:\/\/www.minihorse.eu\/#website","url":"https:\/\/www.minihorse.eu\/","name":"Minihorse.eu","description":"The #1 store for Miniature Horses","publisher":{"@id":"https:\/\/www.minihorse.eu\/#organization"},"potentialAction":[{"@type":"SearchAction","target":{"@type":"EntryPoint","urlTemplate":"https:\/\/www.minihorse.eu\/?s={search_term_string}"},"query-input":{"@type":"PropertyValueSpecification","valueRequired":true,"valueName":"search_term_string"}}],"inLanguage":"fr-FR"},{"@type":"Organization","@id":"https:\/\/www.minihorse.eu\/#organization","name":"Minihorse.eu","url":"https:\/\/www.minihorse.eu\/","logo":{"@type":"ImageObject","inLanguage":"fr-FR","@id":"https:\/\/www.minihorse.eu\/#\/schema\/logo\/image\/","url":"https:\/\/www.minihorse.eu\/wp-content\/uploads\/2024\/08\/Logo-minihorse-ext.png","contentUrl":"https:\/\/www.minihorse.eu\/wp-content\/uploads\/2024\/08\/Logo-minihorse-ext.png","width":500,"height":500,"caption":"Minihorse.eu"},"image":{"@id":"https:\/\/www.minihorse.eu\/#\/schema\/logo\/image\/"},"sameAs":["https:\/\/www.facebook.com\/profile.php?id=100063487117479"]}]}},"jetpack_sharing_enabled":true,"_links":{"self":[{"href":"https:\/\/www.minihorse.eu\/fr\/wp-json\/wp\/v2\/product\/9895","targetHints":{"allow":["GET"]}}],"collection":[{"href":"https:\/\/www.minihorse.eu\/fr\/wp-json\/wp\/v2\/product"}],"about":[{"href":"https:\/\/www.minihorse.eu\/fr\/wp-json\/wp\/v2\/types\/product"}],"replies":[{"embeddable":true,"href":"https:\/\/www.minihorse.eu\/fr\/wp-json\/wp\/v2\/comments?post=9895"}],"wp:featuredmedia":[{"embeddable":true,"href":"https:\/\/www.minihorse.eu\/fr\/wp-json\/wp\/v2\/media\/9891"}],"wp:attachment":[{"href":"https:\/\/www.minihorse.eu\/fr\/wp-json\/wp\/v2\/media?parent=9895"}],"wp:term":[{"taxonomy":"product_brand","embeddable":true,"href":"https:\/\/www.minihorse.eu\/fr\/wp-json\/wp\/v2\/product_brand?post=9895"},{"taxonomy":"product_cat","embeddable":true,"href":"https:\/\/www.minihorse.eu\/fr\/wp-json\/wp\/v2\/product_cat?post=9895"},{"taxonomy":"product_tag","embeddable":true,"href":"https:\/\/www.minihorse.eu\/fr\/wp-json\/wp\/v2\/product_tag?post=9895"}],"curies":[{"name":"wp","href":"https:\/\/api.w.org\/{rel}","templated":true}]}}