{"id":9909,"date":"2025-06-02T14:00:18","date_gmt":"2025-06-02T14:00:18","guid":{"rendered":"https:\/\/www.minihorse.eu\/?post_type=product&#038;p=9909"},"modified":"2025-06-07T19:21:03","modified_gmt":"2025-06-07T19:21:03","slug":"sac-a-foin-petit-boucle","status":"publish","type":"product","link":"https:\/\/www.minihorse.eu\/fr\/produit\/sac-a-foin-petit-boucle\/","title":{"rendered":"Sac \u00e0 foin petit avec boucle"},"content":{"rendered":"<div class=\"product-detail-description-text\"><strong>Sac \u00e0 foin Petit avec boucle <\/strong>pour le suspendre et une ouverture de filet de 13 cm. Le sac \u00e0 foin est une solution d&rsquo;alimentation pratique pour les chevaux miniatures. Il permet de garder le foin propre et organis\u00e9 tout en permettant au cheval de manger plus lentement. Id\u00e9al pour l&rsquo;\u00e9curie, le paddock, le transport ou les comp\u00e9titions.<\/div>\n<div class=\"product-detail-description-text\"><span style=\"font-size: 14.4px;\">Dimensions : H : 50 cm, L : 35 cm, P : 10 cm<\/span><\/div>\n<div>Couleur: noir, bleu fonc\u00e9 et imprim\u00e9 dino.<\/div>\n<div><\/div>\n<div>Voir aussi: <a href=\"https:\/\/www.minihorse.eu\/fr\/produit\/sac-a-foin\/\">Sac \u00e0 foin <\/a>et <a href=\"https:\/\/www.minihorse.eu\/fr\/produit\/filet-a-foin-slowfeeder\/\">Filet \u00e0 foin (slowfeeder)<\/a><\/div>\n<div><\/div>\n<div><\/div>\n","protected":false},"excerpt":{"rendered":"<div class=\"product-detail-description-text\">\n<div class=\"product-detail-description-text\">\n<div class=\"product-detail-description-text\"><strong>Sac \u00e0 foin Petit avec boucle <\/strong>pour le suspendre et une ouverture de filet de 13 cm. Le sac \u00e0 foin est une solution d&rsquo;alimentation pratique pour les chevaux miniatures. Il permet de garder le foin propre et organis\u00e9 tout en permettant au cheval de manger plus lentement. <span style=\"font-size: 14.4px;\">Dimensions : H : 50 cm, L : 35 cm, P : 10 cm<\/span><\/div>\n<div><\/div>\n<\/div>\n<\/div>\n","protected":false},"featured_media":10038,"comment_status":"open","ping_status":"closed","template":"","meta":[],"product_brand":[],"product_cat":[188,211],"product_tag":[960,1049,1080,961],"class_list":{"0":"post-9909","1":"product","2":"type-product","3":"status-publish","4":"has-post-thumbnail","6":"product_cat-ecuries","7":"product_cat-show-time-fr","8":"product_tag-filet-a-foin","9":"product_tag-mangeur-lent","10":"product_tag-sac-a-foin-fr","11":"product_tag-sac-a-foin","13":"first","14":"instock","15":"taxable","16":"shipping-taxable","17":"purchasable","18":"product-type-variable"},"yoast_head":"<!-- This site is optimized with the Yoast SEO plugin v27.5 - https:\/\/yoast.com\/product\/yoast-seo-wordpress\/ -->\n<title>Sac \u00e0 foin petit avec boucle - Minihorse.eu<\/title>\n<meta name=\"description\" content=\"Le sac \u00e0 foin Small pour chevaux miniatures permet de garder le foin propre et organis\u00e9 pendant que le cheval mange plus lentement. Id\u00e9al pour l&#039;\u00e9curie, le paddock, le transport, les comp\u00e9titions.\" \/>\n<meta name=\"robots\" content=\"index, follow, max-snippet:-1, max-image-preview:large, max-video-preview:-1\" \/>\n<link rel=\"canonical\" href=\"https:\/\/www.minihorse.eu\/fr\/produit\/sac-a-foin-petit-boucle\/\" \/>\n<meta property=\"og:locale\" content=\"fr_FR\" \/>\n<meta property=\"og:type\" content=\"article\" \/>\n<meta property=\"og:title\" content=\"Sac \u00e0 foin petit avec boucle - Minihorse.eu\" \/>\n<meta property=\"og:description\" content=\"Le sac \u00e0 foin Small pour chevaux miniatures permet de garder le foin propre et organis\u00e9 pendant que le cheval mange plus lentement. Id\u00e9al pour l&#039;\u00e9curie, le paddock, le transport, les comp\u00e9titions.\" \/>\n<meta property=\"og:url\" content=\"https:\/\/www.minihorse.eu\/fr\/produit\/sac-a-foin-petit-boucle\/\" \/>\n<meta property=\"og:site_name\" content=\"Minihorse.eu\" \/>\n<meta property=\"article:publisher\" content=\"https:\/\/www.facebook.com\/profile.php?id=100063487117479\" \/>\n<meta property=\"article:modified_time\" content=\"2025-06-07T19:21:03+00:00\" \/>\n<meta property=\"og:image\" content=\"https:\/\/www.minihorse.eu\/wp-content\/uploads\/2025\/06\/Hooizak-Small-dino-print.jpg\" \/>\n\t<meta property=\"og:image:width\" content=\"1181\" \/>\n\t<meta property=\"og:image:height\" content=\"1181\" \/>\n\t<meta property=\"og:image:type\" content=\"image\/jpeg\" \/>\n<meta name=\"twitter:card\" content=\"summary_large_image\" \/>\n<meta name=\"twitter:label1\" content=\"Dur\u00e9e de lecture estim\u00e9e\" \/>\n\t<meta name=\"twitter:data1\" content=\"1 minute\" \/>\n<script type=\"application\/ld+json\" class=\"yoast-schema-graph\">{\"@context\":\"https:\\\/\\\/schema.org\",\"@graph\":[{\"@type\":\"WebPage\",\"@id\":\"https:\\\/\\\/www.minihorse.eu\\\/fr\\\/produit\\\/sac-a-foin-petit-boucle\\\/\",\"url\":\"https:\\\/\\\/www.minihorse.eu\\\/fr\\\/produit\\\/sac-a-foin-petit-boucle\\\/\",\"name\":\"Sac \u00e0 foin petit avec boucle - Minihorse.eu\",\"isPartOf\":{\"@id\":\"https:\\\/\\\/www.minihorse.eu\\\/#website\"},\"primaryImageOfPage\":{\"@id\":\"https:\\\/\\\/www.minihorse.eu\\\/fr\\\/produit\\\/sac-a-foin-petit-boucle\\\/#primaryimage\"},\"image\":{\"@id\":\"https:\\\/\\\/www.minihorse.eu\\\/fr\\\/produit\\\/sac-a-foin-petit-boucle\\\/#primaryimage\"},\"thumbnailUrl\":\"https:\\\/\\\/www.minihorse.eu\\\/wp-content\\\/uploads\\\/2025\\\/06\\\/Hooizak-Small-dino-print.jpg\",\"datePublished\":\"2025-06-02T14:00:18+00:00\",\"dateModified\":\"2025-06-07T19:21:03+00:00\",\"description\":\"Le sac \u00e0 foin Small pour chevaux miniatures permet de garder le foin propre et organis\u00e9 pendant que le cheval mange plus lentement. Id\u00e9al pour l'\u00e9curie, le paddock, le transport, les comp\u00e9titions.\",\"breadcrumb\":{\"@id\":\"https:\\\/\\\/www.minihorse.eu\\\/fr\\\/produit\\\/sac-a-foin-petit-boucle\\\/#breadcrumb\"},\"inLanguage\":\"fr-FR\",\"potentialAction\":[{\"@type\":\"ReadAction\",\"target\":[\"https:\\\/\\\/www.minihorse.eu\\\/fr\\\/produit\\\/sac-a-foin-petit-boucle\\\/\"]}]},{\"@type\":\"ImageObject\",\"inLanguage\":\"fr-FR\",\"@id\":\"https:\\\/\\\/www.minihorse.eu\\\/fr\\\/produit\\\/sac-a-foin-petit-boucle\\\/#primaryimage\",\"url\":\"https:\\\/\\\/www.minihorse.eu\\\/wp-content\\\/uploads\\\/2025\\\/06\\\/Hooizak-Small-dino-print.jpg\",\"contentUrl\":\"https:\\\/\\\/www.minihorse.eu\\\/wp-content\\\/uploads\\\/2025\\\/06\\\/Hooizak-Small-dino-print.jpg\",\"width\":1181,\"height\":1181},{\"@type\":\"BreadcrumbList\",\"@id\":\"https:\\\/\\\/www.minihorse.eu\\\/fr\\\/produit\\\/sac-a-foin-petit-boucle\\\/#breadcrumb\",\"itemListElement\":[{\"@type\":\"ListItem\",\"position\":1,\"name\":\"Home\",\"item\":\"https:\\\/\\\/www.minihorse.eu\\\/fr\\\/accueil\\\/\"},{\"@type\":\"ListItem\",\"position\":2,\"name\":\"Boutique\",\"item\":\"https:\\\/\\\/www.minihorse.eu\\\/fr\\\/boutique\\\/\"},{\"@type\":\"ListItem\",\"position\":3,\"name\":\"Sac \u00e0 foin petit avec boucle\"}]},{\"@type\":\"WebSite\",\"@id\":\"https:\\\/\\\/www.minihorse.eu\\\/#website\",\"url\":\"https:\\\/\\\/www.minihorse.eu\\\/\",\"name\":\"Minihorse.eu\",\"description\":\"The #1 store for Miniature Horses\",\"publisher\":{\"@id\":\"https:\\\/\\\/www.minihorse.eu\\\/#organization\"},\"potentialAction\":[{\"@type\":\"SearchAction\",\"target\":{\"@type\":\"EntryPoint\",\"urlTemplate\":\"https:\\\/\\\/www.minihorse.eu\\\/?s={search_term_string}\"},\"query-input\":{\"@type\":\"PropertyValueSpecification\",\"valueRequired\":true,\"valueName\":\"search_term_string\"}}],\"inLanguage\":\"fr-FR\"},{\"@type\":\"Organization\",\"@id\":\"https:\\\/\\\/www.minihorse.eu\\\/#organization\",\"name\":\"Minihorse.eu\",\"url\":\"https:\\\/\\\/www.minihorse.eu\\\/\",\"logo\":{\"@type\":\"ImageObject\",\"inLanguage\":\"fr-FR\",\"@id\":\"https:\\\/\\\/www.minihorse.eu\\\/#\\\/schema\\\/logo\\\/image\\\/\",\"url\":\"https:\\\/\\\/www.minihorse.eu\\\/wp-content\\\/uploads\\\/2024\\\/08\\\/Logo-minihorse-ext.png\",\"contentUrl\":\"https:\\\/\\\/www.minihorse.eu\\\/wp-content\\\/uploads\\\/2024\\\/08\\\/Logo-minihorse-ext.png\",\"width\":500,\"height\":500,\"caption\":\"Minihorse.eu\"},\"image\":{\"@id\":\"https:\\\/\\\/www.minihorse.eu\\\/#\\\/schema\\\/logo\\\/image\\\/\"},\"sameAs\":[\"https:\\\/\\\/www.facebook.com\\\/profile.php?id=100063487117479\"]}]}<\/script>\n<!-- \/ Yoast SEO plugin. -->","yoast_head_json":{"title":"Sac \u00e0 foin petit avec boucle - Minihorse.eu","description":"Le sac \u00e0 foin Small pour chevaux miniatures permet de garder le foin propre et organis\u00e9 pendant que le cheval mange plus lentement. Id\u00e9al pour l'\u00e9curie, le paddock, le transport, les comp\u00e9titions.","robots":{"index":"index","follow":"follow","max-snippet":"max-snippet:-1","max-image-preview":"max-image-preview:large","max-video-preview":"max-video-preview:-1"},"canonical":"https:\/\/www.minihorse.eu\/fr\/produit\/sac-a-foin-petit-boucle\/","og_locale":"fr_FR","og_type":"article","og_title":"Sac \u00e0 foin petit avec boucle - Minihorse.eu","og_description":"Le sac \u00e0 foin Small pour chevaux miniatures permet de garder le foin propre et organis\u00e9 pendant que le cheval mange plus lentement. Id\u00e9al pour l'\u00e9curie, le paddock, le transport, les comp\u00e9titions.","og_url":"https:\/\/www.minihorse.eu\/fr\/produit\/sac-a-foin-petit-boucle\/","og_site_name":"Minihorse.eu","article_publisher":"https:\/\/www.facebook.com\/profile.php?id=100063487117479","article_modified_time":"2025-06-07T19:21:03+00:00","og_image":[{"width":1181,"height":1181,"url":"https:\/\/www.minihorse.eu\/wp-content\/uploads\/2025\/06\/Hooizak-Small-dino-print.jpg","type":"image\/jpeg"}],"twitter_card":"summary_large_image","twitter_misc":{"Dur\u00e9e de lecture estim\u00e9e":"1 minute"},"schema":{"@context":"https:\/\/schema.org","@graph":[{"@type":"WebPage","@id":"https:\/\/www.minihorse.eu\/fr\/produit\/sac-a-foin-petit-boucle\/","url":"https:\/\/www.minihorse.eu\/fr\/produit\/sac-a-foin-petit-boucle\/","name":"Sac \u00e0 foin petit avec boucle - Minihorse.eu","isPartOf":{"@id":"https:\/\/www.minihorse.eu\/#website"},"primaryImageOfPage":{"@id":"https:\/\/www.minihorse.eu\/fr\/produit\/sac-a-foin-petit-boucle\/#primaryimage"},"image":{"@id":"https:\/\/www.minihorse.eu\/fr\/produit\/sac-a-foin-petit-boucle\/#primaryimage"},"thumbnailUrl":"https:\/\/www.minihorse.eu\/wp-content\/uploads\/2025\/06\/Hooizak-Small-dino-print.jpg","datePublished":"2025-06-02T14:00:18+00:00","dateModified":"2025-06-07T19:21:03+00:00","description":"Le sac \u00e0 foin Small pour chevaux miniatures permet de garder le foin propre et organis\u00e9 pendant que le cheval mange plus lentement. Id\u00e9al pour l'\u00e9curie, le paddock, le transport, les comp\u00e9titions.","breadcrumb":{"@id":"https:\/\/www.minihorse.eu\/fr\/produit\/sac-a-foin-petit-boucle\/#breadcrumb"},"inLanguage":"fr-FR","potentialAction":[{"@type":"ReadAction","target":["https:\/\/www.minihorse.eu\/fr\/produit\/sac-a-foin-petit-boucle\/"]}]},{"@type":"ImageObject","inLanguage":"fr-FR","@id":"https:\/\/www.minihorse.eu\/fr\/produit\/sac-a-foin-petit-boucle\/#primaryimage","url":"https:\/\/www.minihorse.eu\/wp-content\/uploads\/2025\/06\/Hooizak-Small-dino-print.jpg","contentUrl":"https:\/\/www.minihorse.eu\/wp-content\/uploads\/2025\/06\/Hooizak-Small-dino-print.jpg","width":1181,"height":1181},{"@type":"BreadcrumbList","@id":"https:\/\/www.minihorse.eu\/fr\/produit\/sac-a-foin-petit-boucle\/#breadcrumb","itemListElement":[{"@type":"ListItem","position":1,"name":"Home","item":"https:\/\/www.minihorse.eu\/fr\/accueil\/"},{"@type":"ListItem","position":2,"name":"Boutique","item":"https:\/\/www.minihorse.eu\/fr\/boutique\/"},{"@type":"ListItem","position":3,"name":"Sac \u00e0 foin petit avec boucle"}]},{"@type":"WebSite","@id":"https:\/\/www.minihorse.eu\/#website","url":"https:\/\/www.minihorse.eu\/","name":"Minihorse.eu","description":"The #1 store for Miniature Horses","publisher":{"@id":"https:\/\/www.minihorse.eu\/#organization"},"potentialAction":[{"@type":"SearchAction","target":{"@type":"EntryPoint","urlTemplate":"https:\/\/www.minihorse.eu\/?s={search_term_string}"},"query-input":{"@type":"PropertyValueSpecification","valueRequired":true,"valueName":"search_term_string"}}],"inLanguage":"fr-FR"},{"@type":"Organization","@id":"https:\/\/www.minihorse.eu\/#organization","name":"Minihorse.eu","url":"https:\/\/www.minihorse.eu\/","logo":{"@type":"ImageObject","inLanguage":"fr-FR","@id":"https:\/\/www.minihorse.eu\/#\/schema\/logo\/image\/","url":"https:\/\/www.minihorse.eu\/wp-content\/uploads\/2024\/08\/Logo-minihorse-ext.png","contentUrl":"https:\/\/www.minihorse.eu\/wp-content\/uploads\/2024\/08\/Logo-minihorse-ext.png","width":500,"height":500,"caption":"Minihorse.eu"},"image":{"@id":"https:\/\/www.minihorse.eu\/#\/schema\/logo\/image\/"},"sameAs":["https:\/\/www.facebook.com\/profile.php?id=100063487117479"]}]}},"jetpack_sharing_enabled":true,"_links":{"self":[{"href":"https:\/\/www.minihorse.eu\/fr\/wp-json\/wp\/v2\/product\/9909","targetHints":{"allow":["GET"]}}],"collection":[{"href":"https:\/\/www.minihorse.eu\/fr\/wp-json\/wp\/v2\/product"}],"about":[{"href":"https:\/\/www.minihorse.eu\/fr\/wp-json\/wp\/v2\/types\/product"}],"replies":[{"embeddable":true,"href":"https:\/\/www.minihorse.eu\/fr\/wp-json\/wp\/v2\/comments?post=9909"}],"wp:featuredmedia":[{"embeddable":true,"href":"https:\/\/www.minihorse.eu\/fr\/wp-json\/wp\/v2\/media\/10038"}],"wp:attachment":[{"href":"https:\/\/www.minihorse.eu\/fr\/wp-json\/wp\/v2\/media?parent=9909"}],"wp:term":[{"taxonomy":"product_brand","embeddable":true,"href":"https:\/\/www.minihorse.eu\/fr\/wp-json\/wp\/v2\/product_brand?post=9909"},{"taxonomy":"product_cat","embeddable":true,"href":"https:\/\/www.minihorse.eu\/fr\/wp-json\/wp\/v2\/product_cat?post=9909"},{"taxonomy":"product_tag","embeddable":true,"href":"https:\/\/www.minihorse.eu\/fr\/wp-json\/wp\/v2\/product_tag?post=9909"}],"curies":[{"name":"wp","href":"https:\/\/api.w.org\/{rel}","templated":true}]}}