{"id":10999,"date":"2025-07-09T13:23:18","date_gmt":"2025-07-09T13:23:18","guid":{"rendered":"https:\/\/www.minihorse.eu\/product\/double-k-dynamic-duo-shampoo-en-conditioner-473-ml\/"},"modified":"2026-01-14T20:23:01","modified_gmt":"2026-01-14T20:23:01","slug":"double-k-dynamic-duo-shampoo-en-conditioner-473-ml","status":"publish","type":"product","link":"https:\/\/www.minihorse.eu\/nl\/product\/double-k-dynamic-duo-shampoo-en-conditioner-473-ml\/","title":{"rendered":"Double K Dynamic Duo shampoo en conditioner &#8211; 473 ml"},"content":{"rendered":"<p>Double K Dynamic Duo Shampoo 473 ml combineert een luxe shampoo met een krachtige conditioner in \u00e9\u00e9n handige formule. Deze 2-in-1 shampoo is verrijkt met Panthenol, Alo\u00eb Vera en Vitamine E en zorgt voor een rijke schuimvorming, makkelijke uitspoeling en een glanzende, zachte vacht\u2014zonder dat een aparte conditioner nodig is. <\/p>\n<p>Speciaal pH-gebalanceerd voor huisdieren en zacht voor de handen van de trimmer. Geschikt voor dagelijks gebruik en ideaal voor showhonden en huisdieren. Toepasbaar op honden, katten, puppy\u2019s, kittens en boerderijdieren.  <\/p>\n<p>&nbsp;<\/p>\n<p>&nbsp;<\/p>\n","protected":false},"excerpt":{"rendered":"<p>Double K Dynamic Duo Shampoo 473\u202fml is een 2-in-1 shampoo en conditioner met Panthenol, Aloe Vera en Vitamine\u202fE. Zorgt voor rijk schuim, makkelijke uitspoeling en een glanzende, zachte vacht zonder aparte conditioner. pH-gebalanceerd, mild voor de handen, geschikt voor dagelijks gebruik bij honden, katten, pups, kittens en boerderijdieren. <\/p>\n","protected":false},"featured_media":10966,"comment_status":"open","ping_status":"closed","template":"","meta":[],"product_brand":[],"product_cat":[249],"product_tag":[1361,1359,1360],"class_list":{"0":"post-10999","1":"product","2":"type-product","3":"status-publish","4":"has-post-thumbnail","6":"product_cat-poetsen","7":"product_tag-conditioner-nl","8":"product_tag-double-k-shampoo-nl","9":"product_tag-dynamic-duo-nl","11":"first","12":"instock","13":"taxable","14":"shipping-taxable","15":"purchasable","16":"product-type-simple"},"yoast_head":"<!-- This site is optimized with the Yoast SEO plugin v27.4 - https:\/\/yoast.com\/product\/yoast-seo-wordpress\/ -->\n<title>Double K Dynamic Duo shampoo en conditioner - 473 ml - Minihorse.eu<\/title>\n<meta name=\"description\" content=\"Double K Dynamic Duo Shampoo is shampoo en conditioner met Panthenol, Alo\u00eb Vera en Vitamine E. Zorgt voor een rijk schuim, gemakkelijk uitspoelen en een glanzende, zachte vacht.\" \/>\n<meta name=\"robots\" content=\"index, follow, max-snippet:-1, max-image-preview:large, max-video-preview:-1\" \/>\n<link rel=\"canonical\" href=\"https:\/\/www.minihorse.eu\/nl\/product\/double-k-dynamic-duo-shampoo-en-conditioner-473-ml\/\" \/>\n<meta property=\"og:locale\" content=\"nl_NL\" \/>\n<meta property=\"og:type\" content=\"article\" \/>\n<meta property=\"og:title\" content=\"Double K Dynamic Duo shampoo en conditioner - 473 ml - Minihorse.eu\" \/>\n<meta property=\"og:description\" content=\"Double K Dynamic Duo Shampoo is shampoo en conditioner met Panthenol, Alo\u00eb Vera en Vitamine E. Zorgt voor een rijk schuim, gemakkelijk uitspoelen en een glanzende, zachte vacht.\" \/>\n<meta property=\"og:url\" content=\"https:\/\/www.minihorse.eu\/nl\/product\/double-k-dynamic-duo-shampoo-en-conditioner-473-ml\/\" \/>\n<meta property=\"og:site_name\" content=\"Minihorse.eu\" \/>\n<meta property=\"article:publisher\" content=\"https:\/\/www.facebook.com\/profile.php?id=100063487117479\" \/>\n<meta property=\"article:modified_time\" content=\"2026-01-14T20:23:01+00:00\" \/>\n<meta property=\"og:image\" content=\"https:\/\/www.minihorse.eu\/wp-content\/uploads\/2025\/07\/Double-K-Dynamic-Duo.jpg\" \/>\n\t<meta property=\"og:image:width\" content=\"2164\" \/>\n\t<meta property=\"og:image:height\" content=\"1544\" \/>\n\t<meta property=\"og:image:type\" content=\"image\/jpeg\" \/>\n<meta name=\"twitter:card\" content=\"summary_large_image\" \/>\n<script type=\"application\/ld+json\" class=\"yoast-schema-graph\">{\"@context\":\"https:\\\/\\\/schema.org\",\"@graph\":[{\"@type\":\"WebPage\",\"@id\":\"https:\\\/\\\/www.minihorse.eu\\\/nl\\\/product\\\/double-k-dynamic-duo-shampoo-en-conditioner-473-ml\\\/\",\"url\":\"https:\\\/\\\/www.minihorse.eu\\\/nl\\\/product\\\/double-k-dynamic-duo-shampoo-en-conditioner-473-ml\\\/\",\"name\":\"Double K Dynamic Duo shampoo en conditioner - 473 ml - Minihorse.eu\",\"isPartOf\":{\"@id\":\"https:\\\/\\\/www.minihorse.eu\\\/#website\"},\"primaryImageOfPage\":{\"@id\":\"https:\\\/\\\/www.minihorse.eu\\\/nl\\\/product\\\/double-k-dynamic-duo-shampoo-en-conditioner-473-ml\\\/#primaryimage\"},\"image\":{\"@id\":\"https:\\\/\\\/www.minihorse.eu\\\/nl\\\/product\\\/double-k-dynamic-duo-shampoo-en-conditioner-473-ml\\\/#primaryimage\"},\"thumbnailUrl\":\"https:\\\/\\\/www.minihorse.eu\\\/wp-content\\\/uploads\\\/2025\\\/07\\\/Double-K-Dynamic-Duo.jpg\",\"datePublished\":\"2025-07-09T13:23:18+00:00\",\"dateModified\":\"2026-01-14T20:23:01+00:00\",\"description\":\"Double K Dynamic Duo Shampoo is shampoo en conditioner met Panthenol, Alo\u00eb Vera en Vitamine E. Zorgt voor een rijk schuim, gemakkelijk uitspoelen en een glanzende, zachte vacht.\",\"breadcrumb\":{\"@id\":\"https:\\\/\\\/www.minihorse.eu\\\/nl\\\/product\\\/double-k-dynamic-duo-shampoo-en-conditioner-473-ml\\\/#breadcrumb\"},\"inLanguage\":\"nl-NL\",\"potentialAction\":[{\"@type\":\"ReadAction\",\"target\":[\"https:\\\/\\\/www.minihorse.eu\\\/nl\\\/product\\\/double-k-dynamic-duo-shampoo-en-conditioner-473-ml\\\/\"]}]},{\"@type\":\"ImageObject\",\"inLanguage\":\"nl-NL\",\"@id\":\"https:\\\/\\\/www.minihorse.eu\\\/nl\\\/product\\\/double-k-dynamic-duo-shampoo-en-conditioner-473-ml\\\/#primaryimage\",\"url\":\"https:\\\/\\\/www.minihorse.eu\\\/wp-content\\\/uploads\\\/2025\\\/07\\\/Double-K-Dynamic-Duo.jpg\",\"contentUrl\":\"https:\\\/\\\/www.minihorse.eu\\\/wp-content\\\/uploads\\\/2025\\\/07\\\/Double-K-Dynamic-Duo.jpg\",\"width\":2164,\"height\":1544},{\"@type\":\"BreadcrumbList\",\"@id\":\"https:\\\/\\\/www.minihorse.eu\\\/nl\\\/product\\\/double-k-dynamic-duo-shampoo-en-conditioner-473-ml\\\/#breadcrumb\",\"itemListElement\":[{\"@type\":\"ListItem\",\"position\":1,\"name\":\"Home\",\"item\":\"https:\\\/\\\/www.minihorse.eu\\\/nl\\\/home\\\/\"},{\"@type\":\"ListItem\",\"position\":2,\"name\":\"Shop\",\"item\":\"https:\\\/\\\/www.minihorse.eu\\\/nl\\\/shop\\\/\"},{\"@type\":\"ListItem\",\"position\":3,\"name\":\"Double K Dynamic Duo shampoo en conditioner &#8211; 473 ml\"}]},{\"@type\":\"WebSite\",\"@id\":\"https:\\\/\\\/www.minihorse.eu\\\/#website\",\"url\":\"https:\\\/\\\/www.minihorse.eu\\\/\",\"name\":\"Minihorse.eu\",\"description\":\"The #1 store for Miniature Horses\",\"publisher\":{\"@id\":\"https:\\\/\\\/www.minihorse.eu\\\/#organization\"},\"potentialAction\":[{\"@type\":\"SearchAction\",\"target\":{\"@type\":\"EntryPoint\",\"urlTemplate\":\"https:\\\/\\\/www.minihorse.eu\\\/?s={search_term_string}\"},\"query-input\":{\"@type\":\"PropertyValueSpecification\",\"valueRequired\":true,\"valueName\":\"search_term_string\"}}],\"inLanguage\":\"nl-NL\"},{\"@type\":\"Organization\",\"@id\":\"https:\\\/\\\/www.minihorse.eu\\\/#organization\",\"name\":\"Minihorse.eu\",\"url\":\"https:\\\/\\\/www.minihorse.eu\\\/\",\"logo\":{\"@type\":\"ImageObject\",\"inLanguage\":\"nl-NL\",\"@id\":\"https:\\\/\\\/www.minihorse.eu\\\/#\\\/schema\\\/logo\\\/image\\\/\",\"url\":\"https:\\\/\\\/www.minihorse.eu\\\/wp-content\\\/uploads\\\/2024\\\/08\\\/Logo-minihorse-ext.png\",\"contentUrl\":\"https:\\\/\\\/www.minihorse.eu\\\/wp-content\\\/uploads\\\/2024\\\/08\\\/Logo-minihorse-ext.png\",\"width\":500,\"height\":500,\"caption\":\"Minihorse.eu\"},\"image\":{\"@id\":\"https:\\\/\\\/www.minihorse.eu\\\/#\\\/schema\\\/logo\\\/image\\\/\"},\"sameAs\":[\"https:\\\/\\\/www.facebook.com\\\/profile.php?id=100063487117479\"]}]}<\/script>\n<!-- \/ Yoast SEO plugin. -->","yoast_head_json":{"title":"Double K Dynamic Duo shampoo en conditioner - 473 ml - Minihorse.eu","description":"Double K Dynamic Duo Shampoo is shampoo en conditioner met Panthenol, Alo\u00eb Vera en Vitamine E. Zorgt voor een rijk schuim, gemakkelijk uitspoelen en een glanzende, zachte vacht.","robots":{"index":"index","follow":"follow","max-snippet":"max-snippet:-1","max-image-preview":"max-image-preview:large","max-video-preview":"max-video-preview:-1"},"canonical":"https:\/\/www.minihorse.eu\/nl\/product\/double-k-dynamic-duo-shampoo-en-conditioner-473-ml\/","og_locale":"nl_NL","og_type":"article","og_title":"Double K Dynamic Duo shampoo en conditioner - 473 ml - Minihorse.eu","og_description":"Double K Dynamic Duo Shampoo is shampoo en conditioner met Panthenol, Alo\u00eb Vera en Vitamine E. Zorgt voor een rijk schuim, gemakkelijk uitspoelen en een glanzende, zachte vacht.","og_url":"https:\/\/www.minihorse.eu\/nl\/product\/double-k-dynamic-duo-shampoo-en-conditioner-473-ml\/","og_site_name":"Minihorse.eu","article_publisher":"https:\/\/www.facebook.com\/profile.php?id=100063487117479","article_modified_time":"2026-01-14T20:23:01+00:00","og_image":[{"width":2164,"height":1544,"url":"https:\/\/www.minihorse.eu\/wp-content\/uploads\/2025\/07\/Double-K-Dynamic-Duo.jpg","type":"image\/jpeg"}],"twitter_card":"summary_large_image","schema":{"@context":"https:\/\/schema.org","@graph":[{"@type":"WebPage","@id":"https:\/\/www.minihorse.eu\/nl\/product\/double-k-dynamic-duo-shampoo-en-conditioner-473-ml\/","url":"https:\/\/www.minihorse.eu\/nl\/product\/double-k-dynamic-duo-shampoo-en-conditioner-473-ml\/","name":"Double K Dynamic Duo shampoo en conditioner - 473 ml - Minihorse.eu","isPartOf":{"@id":"https:\/\/www.minihorse.eu\/#website"},"primaryImageOfPage":{"@id":"https:\/\/www.minihorse.eu\/nl\/product\/double-k-dynamic-duo-shampoo-en-conditioner-473-ml\/#primaryimage"},"image":{"@id":"https:\/\/www.minihorse.eu\/nl\/product\/double-k-dynamic-duo-shampoo-en-conditioner-473-ml\/#primaryimage"},"thumbnailUrl":"https:\/\/www.minihorse.eu\/wp-content\/uploads\/2025\/07\/Double-K-Dynamic-Duo.jpg","datePublished":"2025-07-09T13:23:18+00:00","dateModified":"2026-01-14T20:23:01+00:00","description":"Double K Dynamic Duo Shampoo is shampoo en conditioner met Panthenol, Alo\u00eb Vera en Vitamine E. Zorgt voor een rijk schuim, gemakkelijk uitspoelen en een glanzende, zachte vacht.","breadcrumb":{"@id":"https:\/\/www.minihorse.eu\/nl\/product\/double-k-dynamic-duo-shampoo-en-conditioner-473-ml\/#breadcrumb"},"inLanguage":"nl-NL","potentialAction":[{"@type":"ReadAction","target":["https:\/\/www.minihorse.eu\/nl\/product\/double-k-dynamic-duo-shampoo-en-conditioner-473-ml\/"]}]},{"@type":"ImageObject","inLanguage":"nl-NL","@id":"https:\/\/www.minihorse.eu\/nl\/product\/double-k-dynamic-duo-shampoo-en-conditioner-473-ml\/#primaryimage","url":"https:\/\/www.minihorse.eu\/wp-content\/uploads\/2025\/07\/Double-K-Dynamic-Duo.jpg","contentUrl":"https:\/\/www.minihorse.eu\/wp-content\/uploads\/2025\/07\/Double-K-Dynamic-Duo.jpg","width":2164,"height":1544},{"@type":"BreadcrumbList","@id":"https:\/\/www.minihorse.eu\/nl\/product\/double-k-dynamic-duo-shampoo-en-conditioner-473-ml\/#breadcrumb","itemListElement":[{"@type":"ListItem","position":1,"name":"Home","item":"https:\/\/www.minihorse.eu\/nl\/home\/"},{"@type":"ListItem","position":2,"name":"Shop","item":"https:\/\/www.minihorse.eu\/nl\/shop\/"},{"@type":"ListItem","position":3,"name":"Double K Dynamic Duo shampoo en conditioner &#8211; 473 ml"}]},{"@type":"WebSite","@id":"https:\/\/www.minihorse.eu\/#website","url":"https:\/\/www.minihorse.eu\/","name":"Minihorse.eu","description":"The #1 store for Miniature Horses","publisher":{"@id":"https:\/\/www.minihorse.eu\/#organization"},"potentialAction":[{"@type":"SearchAction","target":{"@type":"EntryPoint","urlTemplate":"https:\/\/www.minihorse.eu\/?s={search_term_string}"},"query-input":{"@type":"PropertyValueSpecification","valueRequired":true,"valueName":"search_term_string"}}],"inLanguage":"nl-NL"},{"@type":"Organization","@id":"https:\/\/www.minihorse.eu\/#organization","name":"Minihorse.eu","url":"https:\/\/www.minihorse.eu\/","logo":{"@type":"ImageObject","inLanguage":"nl-NL","@id":"https:\/\/www.minihorse.eu\/#\/schema\/logo\/image\/","url":"https:\/\/www.minihorse.eu\/wp-content\/uploads\/2024\/08\/Logo-minihorse-ext.png","contentUrl":"https:\/\/www.minihorse.eu\/wp-content\/uploads\/2024\/08\/Logo-minihorse-ext.png","width":500,"height":500,"caption":"Minihorse.eu"},"image":{"@id":"https:\/\/www.minihorse.eu\/#\/schema\/logo\/image\/"},"sameAs":["https:\/\/www.facebook.com\/profile.php?id=100063487117479"]}]}},"jetpack_sharing_enabled":true,"_links":{"self":[{"href":"https:\/\/www.minihorse.eu\/nl\/wp-json\/wp\/v2\/product\/10999","targetHints":{"allow":["GET"]}}],"collection":[{"href":"https:\/\/www.minihorse.eu\/nl\/wp-json\/wp\/v2\/product"}],"about":[{"href":"https:\/\/www.minihorse.eu\/nl\/wp-json\/wp\/v2\/types\/product"}],"replies":[{"embeddable":true,"href":"https:\/\/www.minihorse.eu\/nl\/wp-json\/wp\/v2\/comments?post=10999"}],"wp:featuredmedia":[{"embeddable":true,"href":"https:\/\/www.minihorse.eu\/nl\/wp-json\/wp\/v2\/media\/10966"}],"wp:attachment":[{"href":"https:\/\/www.minihorse.eu\/nl\/wp-json\/wp\/v2\/media?parent=10999"}],"wp:term":[{"taxonomy":"product_brand","embeddable":true,"href":"https:\/\/www.minihorse.eu\/nl\/wp-json\/wp\/v2\/product_brand?post=10999"},{"taxonomy":"product_cat","embeddable":true,"href":"https:\/\/www.minihorse.eu\/nl\/wp-json\/wp\/v2\/product_cat?post=10999"},{"taxonomy":"product_tag","embeddable":true,"href":"https:\/\/www.minihorse.eu\/nl\/wp-json\/wp\/v2\/product_tag?post=10999"}],"curies":[{"name":"wp","href":"https:\/\/api.w.org\/{rel}","templated":true}]}}