{"id":1707,"date":"2024-08-22T19:53:58","date_gmt":"2024-08-22T19:53:58","guid":{"rendered":"https:\/\/horselandshop.com\/product\/reflecterende-regendeken\/"},"modified":"2025-11-09T00:05:09","modified_gmt":"2025-11-09T00:05:09","slug":"reflecterende-regendeken","status":"publish","type":"product","link":"https:\/\/www.minihorse.eu\/nl\/product\/reflecterende-regendeken\/","title":{"rendered":"Fluorescerende Regendeken"},"content":{"rendered":"<p><strong>Fluorescerende Waterdichte Bescherming voor Je Paard<\/strong><\/p>\n<p>Gardez votre cheval au sec et visible par tous les temps avec <strong>notre couverture imperm\u00e9abl\u00e9 Fluo.<\/strong> Cette couverture de pluie de haute qualit\u00e9 est con\u00e7ue avec un rembourrage de <strong>0g et fabriqu\u00e9e <\/strong>en <strong>polyester imperm\u00e9able ripstop 600 deniers<\/strong> durable, ce qui garantit que votre cheval reste prot\u00e9g\u00e9 de la pluie tout en restant confortable. La mati\u00e8re fluorescente am\u00e9liore la visibilit\u00e9, ce qui la rend id\u00e9ale pour les conditions de faible luminosit\u00e9.  <\/p>\n<p>Dot\u00e9e d&#8217;une <strong>fermeture de poitrine s\u00e9curis\u00e9e <\/strong>avec deux boucles et du velcro, cette couverture reste fermement en place, m\u00eame pendant les mouvements. Elle est \u00e9galement \u00e9quip\u00e9e <strong>d&#8217;une protection de la queue,<\/strong> <strong>de sursangles crois\u00e9es avec des bouchons <\/strong>en caoutchouc et <strong>de courroies de jambe<\/strong> r\u00e9glables pour un ajustement parfait et s\u00fbr qui emp\u00eache les d\u00e9placements. Con\u00e7ue pour la s\u00e9curit\u00e9 et le confort de votre cheval, cette couverture est parfaite pour les jours de pluie, gardant votre cheval au sec et en s\u00e9curit\u00e9 par tous les temps.  <\/p>\n<ul>\n<li>Hoogwaardige 600 denier sterke waterdichte stof,<\/li>\n<li>Bandes fluo sur la couverture et sur le rabat de la queue,<\/li>\n<li><span style=\"color: #555555; font-size: 14.4px;\">Verstelbare bilriemen om ervoor te zorgen dat het deken op zijn plaats blijft tijdens beweging en buitenactiviteiten,<\/span><\/li>\n<li>Borstsluiting met 2 gespen, dubbele kruissingels,<\/li>\n<li>Schouderplooien voor bewegingsvrijheid, <span style=\"color: #555555; font-size: 14.4px;\"> <\/span><\/li>\n<li><span style=\"color: #555555; font-size: 14.4px;\">Staartflap<\/span><\/li>\n<\/ul>\n<p>&nbsp;<\/p>\n","protected":false},"excerpt":{"rendered":"<p>Houd je paard droog, zichtbaar en comfortabel met deze duurzame 600D ripstop waterdichte deken. Het fluorescerende ontwerp verbetert de zichtbaarheid, terwijl veilige sluitingen, verstelbare riemen en staartbescherming zorgen voor een goede pasvorm. Perfect voor regenachtige dagen en omstandigheden met weinig licht, het is een betrouwbare keuze voor de veiligheid en het comfort van je paard.  <\/p>\n","protected":false},"featured_media":6381,"comment_status":"open","ping_status":"closed","template":"","meta":[],"product_brand":[],"product_cat":[276,237,277],"product_tag":[279,278],"class_list":{"0":"post-1707","1":"product","2":"type-product","3":"status-publish","4":"has-post-thumbnail","6":"product_cat-dekens","7":"product_cat-miniatuur-paarden","8":"product_cat-regendekens","9":"product_tag-deken","10":"product_tag-dekens","12":"first","13":"instock","14":"taxable","15":"shipping-taxable","16":"purchasable","17":"product-type-variable"},"yoast_head":"<!-- This site is optimized with the Yoast SEO plugin v27.5 - https:\/\/yoast.com\/product\/yoast-seo-wordpress\/ -->\n<title>Fluorescerende Regendeken - Minihorse.eu<\/title>\n<meta name=\"robots\" content=\"index, follow, max-snippet:-1, max-image-preview:large, max-video-preview:-1\" \/>\n<link rel=\"canonical\" href=\"https:\/\/www.minihorse.eu\/product\/reflective-rainproof-rug\/\" \/>\n<meta property=\"og:locale\" content=\"nl_NL\" \/>\n<meta property=\"og:type\" content=\"article\" \/>\n<meta property=\"og:title\" content=\"Fluorescerende Regendeken - Minihorse.eu\" \/>\n<meta property=\"og:description\" content=\"Houd je paard droog, zichtbaar en comfortabel met deze duurzame 600D ripstop waterdichte deken. Het fluorescerende ontwerp verbetert de zichtbaarheid, terwijl veilige sluitingen, verstelbare riemen en staartbescherming zorgen voor een goede pasvorm. Perfect voor regenachtige dagen en omstandigheden met weinig licht, het is een betrouwbare keuze voor de veiligheid en het comfort van je paard.\" \/>\n<meta property=\"og:url\" content=\"https:\/\/www.minihorse.eu\/product\/reflective-rainproof-rug\/\" \/>\n<meta property=\"og:site_name\" content=\"Minihorse.eu\" \/>\n<meta property=\"article:publisher\" content=\"https:\/\/www.facebook.com\/profile.php?id=100063487117479\" \/>\n<meta property=\"article:modified_time\" content=\"2025-11-09T00:05:09+00:00\" \/>\n<meta property=\"og:image\" content=\"https:\/\/www.minihorse.eu\/wp-content\/uploads\/2024\/08\/Fluo-regendeken-2.jpg\" \/>\n\t<meta property=\"og:image:width\" content=\"800\" \/>\n\t<meta property=\"og:image:height\" content=\"600\" \/>\n\t<meta property=\"og:image:type\" content=\"image\/jpeg\" \/>\n<meta name=\"twitter:card\" content=\"summary_large_image\" \/>\n<meta name=\"twitter:label1\" content=\"Geschatte leestijd\" \/>\n\t<meta name=\"twitter:data1\" content=\"1 minuut\" \/>\n<script type=\"application\/ld+json\" class=\"yoast-schema-graph\">{\"@context\":\"https:\\\/\\\/schema.org\",\"@graph\":[{\"@type\":\"WebPage\",\"@id\":\"https:\\\/\\\/www.minihorse.eu\\\/product\\\/reflective-rainproof-rug\\\/\",\"url\":\"https:\\\/\\\/www.minihorse.eu\\\/product\\\/reflective-rainproof-rug\\\/\",\"name\":\"Fluorescerende Regendeken - Minihorse.eu\",\"isPartOf\":{\"@id\":\"https:\\\/\\\/www.minihorse.eu\\\/#website\"},\"primaryImageOfPage\":{\"@id\":\"https:\\\/\\\/www.minihorse.eu\\\/product\\\/reflective-rainproof-rug\\\/#primaryimage\"},\"image\":{\"@id\":\"https:\\\/\\\/www.minihorse.eu\\\/product\\\/reflective-rainproof-rug\\\/#primaryimage\"},\"thumbnailUrl\":\"https:\\\/\\\/www.minihorse.eu\\\/wp-content\\\/uploads\\\/2024\\\/08\\\/Fluo-regendeken-2.jpg\",\"datePublished\":\"2024-08-22T19:53:58+00:00\",\"dateModified\":\"2025-11-09T00:05:09+00:00\",\"breadcrumb\":{\"@id\":\"https:\\\/\\\/www.minihorse.eu\\\/product\\\/reflective-rainproof-rug\\\/#breadcrumb\"},\"inLanguage\":\"nl-NL\",\"potentialAction\":[{\"@type\":\"ReadAction\",\"target\":[\"https:\\\/\\\/www.minihorse.eu\\\/product\\\/reflective-rainproof-rug\\\/\"]}]},{\"@type\":\"ImageObject\",\"inLanguage\":\"nl-NL\",\"@id\":\"https:\\\/\\\/www.minihorse.eu\\\/product\\\/reflective-rainproof-rug\\\/#primaryimage\",\"url\":\"https:\\\/\\\/www.minihorse.eu\\\/wp-content\\\/uploads\\\/2024\\\/08\\\/Fluo-regendeken-2.jpg\",\"contentUrl\":\"https:\\\/\\\/www.minihorse.eu\\\/wp-content\\\/uploads\\\/2024\\\/08\\\/Fluo-regendeken-2.jpg\",\"width\":800,\"height\":600},{\"@type\":\"BreadcrumbList\",\"@id\":\"https:\\\/\\\/www.minihorse.eu\\\/product\\\/reflective-rainproof-rug\\\/#breadcrumb\",\"itemListElement\":[{\"@type\":\"ListItem\",\"position\":1,\"name\":\"Home\",\"item\":\"https:\\\/\\\/www.minihorse.eu\\\/nl\\\/home\\\/\"},{\"@type\":\"ListItem\",\"position\":2,\"name\":\"Shop\",\"item\":\"https:\\\/\\\/www.minihorse.eu\\\/nl\\\/shop\\\/\"},{\"@type\":\"ListItem\",\"position\":3,\"name\":\"Fluorescerende Regendeken\"}]},{\"@type\":\"WebSite\",\"@id\":\"https:\\\/\\\/www.minihorse.eu\\\/#website\",\"url\":\"https:\\\/\\\/www.minihorse.eu\\\/\",\"name\":\"Minihorse.eu\",\"description\":\"The #1 store for Miniature Horses\",\"publisher\":{\"@id\":\"https:\\\/\\\/www.minihorse.eu\\\/#organization\"},\"potentialAction\":[{\"@type\":\"SearchAction\",\"target\":{\"@type\":\"EntryPoint\",\"urlTemplate\":\"https:\\\/\\\/www.minihorse.eu\\\/?s={search_term_string}\"},\"query-input\":{\"@type\":\"PropertyValueSpecification\",\"valueRequired\":true,\"valueName\":\"search_term_string\"}}],\"inLanguage\":\"nl-NL\"},{\"@type\":\"Organization\",\"@id\":\"https:\\\/\\\/www.minihorse.eu\\\/#organization\",\"name\":\"Minihorse.eu\",\"url\":\"https:\\\/\\\/www.minihorse.eu\\\/\",\"logo\":{\"@type\":\"ImageObject\",\"inLanguage\":\"nl-NL\",\"@id\":\"https:\\\/\\\/www.minihorse.eu\\\/#\\\/schema\\\/logo\\\/image\\\/\",\"url\":\"https:\\\/\\\/www.minihorse.eu\\\/wp-content\\\/uploads\\\/2024\\\/08\\\/Logo-minihorse-ext.png\",\"contentUrl\":\"https:\\\/\\\/www.minihorse.eu\\\/wp-content\\\/uploads\\\/2024\\\/08\\\/Logo-minihorse-ext.png\",\"width\":500,\"height\":500,\"caption\":\"Minihorse.eu\"},\"image\":{\"@id\":\"https:\\\/\\\/www.minihorse.eu\\\/#\\\/schema\\\/logo\\\/image\\\/\"},\"sameAs\":[\"https:\\\/\\\/www.facebook.com\\\/profile.php?id=100063487117479\"]}]}<\/script>\n<!-- \/ Yoast SEO plugin. -->","yoast_head_json":{"title":"Fluorescerende Regendeken - Minihorse.eu","robots":{"index":"index","follow":"follow","max-snippet":"max-snippet:-1","max-image-preview":"max-image-preview:large","max-video-preview":"max-video-preview:-1"},"canonical":"https:\/\/www.minihorse.eu\/product\/reflective-rainproof-rug\/","og_locale":"nl_NL","og_type":"article","og_title":"Fluorescerende Regendeken - Minihorse.eu","og_description":"Houd je paard droog, zichtbaar en comfortabel met deze duurzame 600D ripstop waterdichte deken. Het fluorescerende ontwerp verbetert de zichtbaarheid, terwijl veilige sluitingen, verstelbare riemen en staartbescherming zorgen voor een goede pasvorm. Perfect voor regenachtige dagen en omstandigheden met weinig licht, het is een betrouwbare keuze voor de veiligheid en het comfort van je paard.","og_url":"https:\/\/www.minihorse.eu\/product\/reflective-rainproof-rug\/","og_site_name":"Minihorse.eu","article_publisher":"https:\/\/www.facebook.com\/profile.php?id=100063487117479","article_modified_time":"2025-11-09T00:05:09+00:00","og_image":[{"width":800,"height":600,"url":"https:\/\/www.minihorse.eu\/wp-content\/uploads\/2024\/08\/Fluo-regendeken-2.jpg","type":"image\/jpeg"}],"twitter_card":"summary_large_image","twitter_misc":{"Geschatte leestijd":"1 minuut"},"schema":{"@context":"https:\/\/schema.org","@graph":[{"@type":"WebPage","@id":"https:\/\/www.minihorse.eu\/product\/reflective-rainproof-rug\/","url":"https:\/\/www.minihorse.eu\/product\/reflective-rainproof-rug\/","name":"Fluorescerende Regendeken - Minihorse.eu","isPartOf":{"@id":"https:\/\/www.minihorse.eu\/#website"},"primaryImageOfPage":{"@id":"https:\/\/www.minihorse.eu\/product\/reflective-rainproof-rug\/#primaryimage"},"image":{"@id":"https:\/\/www.minihorse.eu\/product\/reflective-rainproof-rug\/#primaryimage"},"thumbnailUrl":"https:\/\/www.minihorse.eu\/wp-content\/uploads\/2024\/08\/Fluo-regendeken-2.jpg","datePublished":"2024-08-22T19:53:58+00:00","dateModified":"2025-11-09T00:05:09+00:00","breadcrumb":{"@id":"https:\/\/www.minihorse.eu\/product\/reflective-rainproof-rug\/#breadcrumb"},"inLanguage":"nl-NL","potentialAction":[{"@type":"ReadAction","target":["https:\/\/www.minihorse.eu\/product\/reflective-rainproof-rug\/"]}]},{"@type":"ImageObject","inLanguage":"nl-NL","@id":"https:\/\/www.minihorse.eu\/product\/reflective-rainproof-rug\/#primaryimage","url":"https:\/\/www.minihorse.eu\/wp-content\/uploads\/2024\/08\/Fluo-regendeken-2.jpg","contentUrl":"https:\/\/www.minihorse.eu\/wp-content\/uploads\/2024\/08\/Fluo-regendeken-2.jpg","width":800,"height":600},{"@type":"BreadcrumbList","@id":"https:\/\/www.minihorse.eu\/product\/reflective-rainproof-rug\/#breadcrumb","itemListElement":[{"@type":"ListItem","position":1,"name":"Home","item":"https:\/\/www.minihorse.eu\/nl\/home\/"},{"@type":"ListItem","position":2,"name":"Shop","item":"https:\/\/www.minihorse.eu\/nl\/shop\/"},{"@type":"ListItem","position":3,"name":"Fluorescerende Regendeken"}]},{"@type":"WebSite","@id":"https:\/\/www.minihorse.eu\/#website","url":"https:\/\/www.minihorse.eu\/","name":"Minihorse.eu","description":"The #1 store for Miniature Horses","publisher":{"@id":"https:\/\/www.minihorse.eu\/#organization"},"potentialAction":[{"@type":"SearchAction","target":{"@type":"EntryPoint","urlTemplate":"https:\/\/www.minihorse.eu\/?s={search_term_string}"},"query-input":{"@type":"PropertyValueSpecification","valueRequired":true,"valueName":"search_term_string"}}],"inLanguage":"nl-NL"},{"@type":"Organization","@id":"https:\/\/www.minihorse.eu\/#organization","name":"Minihorse.eu","url":"https:\/\/www.minihorse.eu\/","logo":{"@type":"ImageObject","inLanguage":"nl-NL","@id":"https:\/\/www.minihorse.eu\/#\/schema\/logo\/image\/","url":"https:\/\/www.minihorse.eu\/wp-content\/uploads\/2024\/08\/Logo-minihorse-ext.png","contentUrl":"https:\/\/www.minihorse.eu\/wp-content\/uploads\/2024\/08\/Logo-minihorse-ext.png","width":500,"height":500,"caption":"Minihorse.eu"},"image":{"@id":"https:\/\/www.minihorse.eu\/#\/schema\/logo\/image\/"},"sameAs":["https:\/\/www.facebook.com\/profile.php?id=100063487117479"]}]}},"jetpack_sharing_enabled":true,"_links":{"self":[{"href":"https:\/\/www.minihorse.eu\/nl\/wp-json\/wp\/v2\/product\/1707","targetHints":{"allow":["GET"]}}],"collection":[{"href":"https:\/\/www.minihorse.eu\/nl\/wp-json\/wp\/v2\/product"}],"about":[{"href":"https:\/\/www.minihorse.eu\/nl\/wp-json\/wp\/v2\/types\/product"}],"replies":[{"embeddable":true,"href":"https:\/\/www.minihorse.eu\/nl\/wp-json\/wp\/v2\/comments?post=1707"}],"wp:featuredmedia":[{"embeddable":true,"href":"https:\/\/www.minihorse.eu\/nl\/wp-json\/wp\/v2\/media\/6381"}],"wp:attachment":[{"href":"https:\/\/www.minihorse.eu\/nl\/wp-json\/wp\/v2\/media?parent=1707"}],"wp:term":[{"taxonomy":"product_brand","embeddable":true,"href":"https:\/\/www.minihorse.eu\/nl\/wp-json\/wp\/v2\/product_brand?post=1707"},{"taxonomy":"product_cat","embeddable":true,"href":"https:\/\/www.minihorse.eu\/nl\/wp-json\/wp\/v2\/product_cat?post=1707"},{"taxonomy":"product_tag","embeddable":true,"href":"https:\/\/www.minihorse.eu\/nl\/wp-json\/wp\/v2\/product_tag?post=1707"}],"curies":[{"name":"wp","href":"https:\/\/api.w.org\/{rel}","templated":true}]}}